{"id":12594,"date":"2026-02-24T11:07:41","date_gmt":"2026-02-24T11:07:41","guid":{"rendered":"https:\/\/www.blackmoongastrobar.com\/chef\/"},"modified":"2026-04-14T15:14:18","modified_gmt":"2026-04-14T15:14:18","slug":"chef","status":"publish","type":"page","link":"https:\/\/www.blackmoongastrobar.com\/zh-hans\/chef\/","title":{"rendered":"\u4e3b\u53a8 LUIS ORTIZ  \u884c\u653f\u603b\u53a8"},"content":{"rendered":"\t\t<div data-elementor-type=\"wp-page\" data-elementor-id=\"12594\" class=\"elementor elementor-12594 elementor-11058\">\n\t\t\t\t        <section class=\"elementor-section elementor-top-section elementor-element elementor-element-70c68da elementor-section-boxed elementor-section-height-default elementor-section-height-default pxl-row-scroll-none pxl-show-grid-none pxl-section-bg-none pxl-section-grid-bg-false\" data-id=\"70c68da\" data-element_type=\"section\" data-e-type=\"section\" id=\"sticky-reserva-bar\">\n\n                \n                <div class=\"elementor-container elementor-column-gap-default \">\n                <div class=\"elementor-column elementor-col-100 elementor-top-column elementor-element elementor-element-a70c22d pxl-column-none\" data-id=\"a70c22d\" data-element_type=\"column\" data-e-type=\"column\">\r\n        <div class=\"elementor-widget-wrap elementor-element-populated\">\r\n                     \r\n        \t\t<div class=\"elementor-element elementor-element-ad2786f elementor-widget elementor-widget-html\" data-id=\"ad2786f\" data-element_type=\"widget\" data-e-type=\"widget\" data-widget_type=\"html.default\">\n\t\t\t\t\t<a id=\"sticky-reserva-link\" class=\"sticky-reserva__link\" href=\"https:\/\/www.blackmoongastrobar.com\/zh-hans\/reservations\/\" aria-label=\"Reservar mesa\">\r\n  <span class=\"sticky-reserva__label\">\u9810\u8a02\u5ea7\u4f4d<\/span>\r\n<\/a>\r\n\t\t\t\t<\/div>\n\t\t            <\/div>\r\n        <\/div>\r\n        \t\t\t<\/div>\n\t\t<\/section>\n\t\t        <section class=\"elementor-section elementor-top-section elementor-element elementor-element-7997ce6 elementor-section-content-middle elementor-section-boxed elementor-section-height-default elementor-section-height-default pxl-row-scroll-none pxl-show-grid-none pxl-section-bg-none pxl-section-grid-bg-false\" data-id=\"7997ce6\" data-element_type=\"section\" data-e-type=\"section\">\n\n                \n                <div class=\"elementor-container elementor-column-gap-default \">\n                <div class=\"elementor-column elementor-col-50 elementor-top-column elementor-element elementor-element-73b75f0 pxl-column-none\" data-id=\"73b75f0\" data-element_type=\"column\" data-e-type=\"column\">\r\n        <div class=\"elementor-widget-wrap elementor-element-populated\">\r\n                     \r\n        \t\t<div class=\"elementor-element elementor-element-7ed6ce0 elementor-widget elementor-widget-pxl_heading\" data-id=\"7ed6ce0\" data-element_type=\"widget\" data-e-type=\"widget\" data-widget_type=\"pxl_heading.default\">\n\t\t\t\t<div class=\"elementor-widget-container\">\n\t\t\t\t\t<div class=\"pxl-heading  \">\n\t<div class=\"pxl-heading--inner \">\n\t\t\t\t\t<div class=\"pxl-item--subtitle \" data-wow-delay=\"ms\" data-wow-duration=\"1.2s\"><span>\u4f20\u627f\u3001\u706b\u5019\u4e0e\u7075\u9b42<\/span><\/div>\n\t\t\t\t<h1 class=\"pxl-item--title style1 divider-none  wow skewInRight \" data-wow-delay=\"ms\" data-wow-duration=\"1.2s\">\n\t\t\t&#8220;\u4e3b\u53a8 LUIS ORTIZ\n \u884c\u653f\u603b\u53a8&#8221;\t\t\t\t\t<\/h1>\n\t<\/div>\n<\/div>\n\t\t\t\t<\/div>\n\t\t\t\t<\/div>\n\t\t\t\t<div class=\"elementor-element elementor-element-5caa825 elementor-widget-tablet__width-initial elementor-widget elementor-widget-pxl_image_box\" data-id=\"5caa825\" data-element_type=\"widget\" data-e-type=\"widget\" data-widget_type=\"pxl_image_box.default\">\n\t\t\t\t<div class=\"elementor-widget-container\">\n\t\t\t\t\t<div class=\"pxl-image-box pxl-image-box1 wave \" data-wow-delay=\"ms\" data-wow-duration=\"1.2s\">\r\n    <div class=\"pxl-item--inner\">\r\n                <div class=\"canvas\"><\/div>\r\n        <div class=\"item--image\">\r\n                                                <img decoding=\"async\" src=\"https:\/\/www.blackmoongastrobar.com\/wp-content\/uploads\/2026\/02\/Chef-Luis-Ortiz.jpg\" class=\"image-front attachment-full\" alt=\"image front\" data-sampler=\"texture0\">\r\n                                                                    <\/div>\r\n    <\/div>\r\n<\/div>\t\t\t\t<\/div>\n\t\t\t\t<\/div>\n\t\t            <\/div>\r\n        <\/div>\r\n                <div class=\"elementor-column elementor-col-50 elementor-top-column elementor-element elementor-element-4a4b96a pxl-column-none\" data-id=\"4a4b96a\" data-element_type=\"column\" data-e-type=\"column\">\r\n        <div class=\"elementor-widget-wrap elementor-element-populated\">\r\n                     \r\n        \t\t<div class=\"elementor-element elementor-element-580f2fb6 elementor-widget elementor-widget-pxl_text_editor\" data-id=\"580f2fb6\" data-element_type=\"widget\" data-e-type=\"widget\" data-widget_type=\"pxl_text_editor.default\">\n\t\t\t\t<div class=\"elementor-widget-container\">\n\t\t\t\t\t<div class=\"pxl-text-editor \" data-wow-delay=\"ms\" data-wow-duration=\"1.2s\">\n\t<div class=\"pxl-item--inner    \">\n\t\t<p><span data-sheets-root=\"1\">\u5bf9\u884c\u653f\u603b\u53a8 Lu\u00eds Ortiz \u800c\u8a00\uff0c\u70f9\u996a\u662f\u4e00\u79cd\u8bb2\u8ff0\u6545\u4e8b\u4e0e\u7559\u5b58\u8bb0\u5fc6\u7684\u65b9\u5f0f\u3002<br \/><br \/>\u4ece\u74dc\u8fbe\u62c9\u54c8\u62c9\u5145\u6ee1\u6d3b\u529b\u7684\u8857\u5934\uff0c\u5230\u7956\u6bcd\u7684\u53a8\u623f\u2014\u2014\u5728\u90a3\u91cc\u4ed6\u5b66\u4f1a\u4e86\u5bf9\u98df\u6750\u4e0e\u65f6\u95f4\u7684\u5c0a\u91cd\uff0c\u4e00\u79cd\u4ee5\u6d53\u70c8\u98ce\u5473\u3001\u4e30\u5bcc\u8272\u5f69\u4e0e\u7cbe\u51c6\u6280\u827a\u4e3a\u7279\u5f81\u7684\u6599\u7406\u98ce\u683c\u7531\u6b64\u5f62\u6210\u3002\u7ecf\u5386\u56fd\u9645\u77e5\u540d\u9662\u6821\u4e0e\u53a8\u623f\u7684\u5386\u7ec3\uff0c\u4ed6\u9010\u6e10\u5f62\u6210\u4e86\u6280\u672f\u4e0e\u611f\u77e5\u5e76\u91cd\u7684\u70f9\u996a\u7406\u5ff5\u3002<br \/><br \/>\u66fe\u5728\u829d\u52a0\u54e5\u4e0e\u745e\u58eb\u63a5\u53d7\u4e13\u4e1a\u8bad\u7ec3\uff0cLu\u00eds Ortiz \u5c06\u4e00\u79cd\u878d\u5408\u4f20\u7edf\u4e0e\u6280\u827a\u7684\u56fd\u9645\u5316\u89c6\u91ce\u5e26\u5230\u91cc\u65af\u672c\u3002\u5728 BLACK MOON Gastrobar\uff0c\u4ed6\u5c06\u4f20\u7edf\u8f6c\u5316\u4e3a\u5f53\u4ee3\u521b\u4f5c\uff0c\u5728\u6839\u6e90\u4e0e\u521b\u65b0\u3001\u5f20\u529b\u4e0e\u7ec6\u817b\u4e4b\u95f4\u53d6\u5f97\u5e73\u8861\u3002\u6bcf\u4e00\u9053\u83dc\u90fd\u5448\u73b0\u51fa\u5c42\u6b21\u3001\u60c5\u611f\u4e0e\u5320\u5fc3\u3002<\/span><\/p>\t<\/div>\n<\/div>\n\t\t\t\t<\/div>\n\t\t\t\t<\/div>\n\t\t            <\/div>\r\n        <\/div>\r\n        \t\t\t<\/div>\n\t\t<\/section>\n\t\t        <section class=\"elementor-section elementor-top-section elementor-element elementor-element-cd66558 elementor-section-boxed elementor-section-height-default elementor-section-height-default pxl-row-scroll-none pxl-show-grid-none pxl-section-bg-none pxl-section-grid-bg-false\" data-id=\"cd66558\" data-element_type=\"section\" data-e-type=\"section\" id=\"equipa\">\n\n                \n                <div class=\"elementor-container elementor-column-gap-default \">\n                <div class=\"elementor-column elementor-col-100 elementor-top-column elementor-element elementor-element-0f35db2 pxl-column-none\" data-id=\"0f35db2\" data-element_type=\"column\" data-e-type=\"column\">\r\n        <div class=\"elementor-widget-wrap elementor-element-populated\">\r\n                     \r\n        \t\t<div class=\"elementor-element elementor-element-b93574c elementor-widget elementor-widget-pxl_heading\" data-id=\"b93574c\" data-element_type=\"widget\" data-e-type=\"widget\" data-widget_type=\"pxl_heading.default\">\n\t\t\t\t<div class=\"elementor-widget-container\">\n\t\t\t\t\t<div class=\"pxl-heading  \">\n\t<div class=\"pxl-heading--inner \">\n\t\t\t\t<h2 class=\"pxl-item--title style1 divider-top  wow fadeInUp \" data-wow-delay=\"ms\" data-wow-duration=\"1.2s\">\n\t\t\t\u5718\u968a\t\t\t\t\t<\/h2>\n\t<\/div>\n<\/div>\n\t\t\t\t<\/div>\n\t\t\t\t<\/div>\n\t\t            <\/div>\r\n        <\/div>\r\n        \t\t\t<\/div>\n\t\t<\/section>\n\t\t        <section class=\"elementor-section elementor-top-section elementor-element elementor-element-3665962 elementor-section-boxed elementor-section-height-default elementor-section-height-default pxl-row-scroll-none pxl-show-grid-none pxl-section-bg-none pxl-section-grid-bg-false\" data-id=\"3665962\" data-element_type=\"section\" data-e-type=\"section\">\n\n                \n                <div class=\"elementor-container elementor-column-gap-default \">\n                <div class=\"elementor-column elementor-col-100 elementor-top-column elementor-element elementor-element-943f4f1 pxl-column-none\" data-id=\"943f4f1\" data-element_type=\"column\" data-e-type=\"column\">\r\n        <div class=\"elementor-widget-wrap elementor-element-populated\">\r\n                     \r\n                <section class=\"elementor-section elementor-inner-section elementor-element elementor-element-e391288 elementor-section-boxed elementor-section-height-default elementor-section-height-default pxl-row-scroll-none pxl-show-grid-none pxl-section-bg-none pxl-section-grid-bg-false\" data-id=\"e391288\" data-element_type=\"section\" data-e-type=\"section\">\n\n                \n                <div class=\"elementor-container elementor-column-gap-no \">\n                <div class=\"elementor-column elementor-col-33 elementor-inner-column elementor-element elementor-element-120cd4c pxl-column-none\" data-id=\"120cd4c\" data-element_type=\"column\" data-e-type=\"column\">\r\n        <div class=\"elementor-widget-wrap elementor-element-populated\">\r\n                     \r\n        \t\t<div class=\"elementor-element elementor-element-ad3d96b elementor-widget elementor-widget-pxl_heading\" data-id=\"ad3d96b\" data-element_type=\"widget\" data-e-type=\"widget\" data-widget_type=\"pxl_heading.default\">\n\t\t\t\t<div class=\"elementor-widget-container\">\n\t\t\t\t\t<div class=\"pxl-heading  \">\n\t<div class=\"pxl-heading--inner \">\n\t\t\t\t<h3 class=\"pxl-item--title style1 divider-none pxl-split-text split-in-left  \" data-wow-delay=\"ms\" data-wow-duration=\"1.2s\">\n\t\t\tPEDRO CALDAS\n\t\t\t\t\t<\/h3>\n\t<\/div>\n<\/div>\n\t\t\t\t<\/div>\n\t\t\t\t<\/div>\n\t\t\t\t<div class=\"elementor-element elementor-element-db48cf8 elementor-widget elementor-widget-pxl_text_editor\" data-id=\"db48cf8\" data-element_type=\"widget\" data-e-type=\"widget\" data-widget_type=\"pxl_text_editor.default\">\n\t\t\t\t<div class=\"elementor-widget-container\">\n\t\t\t\t\t<div class=\"pxl-text-editor \" data-wow-delay=\"ms\" data-wow-duration=\"1.2s\">\n\t<div class=\"pxl-item--inner    \">\n\t\t<p>\u00a0Gastrobar \u7ecf\u7406\u517c\u9996\u5e2d\u4f8d\u9152\u5e08<\/p>\t<\/div>\n<\/div>\n\t\t\t\t<\/div>\n\t\t\t\t<\/div>\n\t\t\t\t<div class=\"elementor-element elementor-element-57b9bd6 elementor-widget elementor-widget-pxl_text_editor\" data-id=\"57b9bd6\" data-element_type=\"widget\" data-e-type=\"widget\" data-widget_type=\"pxl_text_editor.default\">\n\t\t\t\t<div class=\"elementor-widget-container\">\n\t\t\t\t\t<div class=\"pxl-text-editor \" data-wow-delay=\"ms\" data-wow-duration=\"1.2s\">\n\t<div class=\"pxl-item--inner    \">\n\t\t<strong> \u8461\u8404\u9152\u4e0e\u9999\u69df\u7684\u7504\u9009\u8005<\/strong><span data-sheets-root=\"1\"> <br> \n&#8220;Gastrobar \u7ecf\u7406 Pedro Caldas \u5728 BLACK MOON Gastrobar \u4e2d\u7f16\u7ec7\u676f\u4e2d\u4e4b\u9152\u4e0e\u76d8\u4e2d\u4e4b\u5473\u7684\u5bf9\u8bdd\u3002\u901a\u8fc7\u5353\u8d8a\u7684\u9152\u5355\u7504\u9009\uff0cPedro Caldas \u5f15\u9886\u4e00\u573a\u573a\u5145\u6ee1\u70ed\u60c5\u7684\u4f53\u9a8c\uff0c\u8ba9\u8461\u8404\u9152\u4e0e\u7f8e\u98df\u5f7c\u6b64\u4ea4\u878d\u3002\u4ed6\u4e13\u6ce8\u4e8e\u5bf9\u7ec6\u8282\u7684\u6781\u81f4\u628a\u63a7\uff0c\u786e\u4fdd\u6bcf\u4e00\u6b21\u642d\u914d\u90fd\u5448\u73b0\u51fa\u975e\u51e1\u5c42\u6b21\u3002\n \n \u4ee5\u7ec6\u817b\u800c\u7cbe\u81f4\u7684\u670d\u52a1\uff0cGastrobar \u7ecf\u7406 Pedro Caldas \u5c06\u6bcf\u4e00\u6b3e\u8461\u8404\u9152\u5316\u4f5c\u6070\u9022\u5176\u65f6\u3001\u5448\u73b0\u4e8e\u9910\u684c\u7684\u6545\u4e8b\uff0c\u4f7f\u6bcf\u4e00\u6b21\u54c1\u9274\u5347\u534e\u4e3a\u771f\u6b63\u7684\u6109\u60a6\u4eea\u5f0f\u3002&#8221;\t<\/div>\n<\/div>\n\t\t\t\t<\/div>\n\t\t\t\t<\/div>\n\t\t            <\/div>\r\n        <\/div>\r\n                <div class=\"elementor-column elementor-col-33 elementor-inner-column elementor-element elementor-element-3f92ecb pxl-column-none\" data-id=\"3f92ecb\" data-element_type=\"column\" data-e-type=\"column\">\r\n        <div class=\"elementor-widget-wrap\">\r\n                     \r\n                    <\/div>\r\n        <\/div>\r\n                <div class=\"elementor-column elementor-col-33 elementor-inner-column elementor-element elementor-element-078e6c3 pxl-column-none\" data-id=\"078e6c3\" data-element_type=\"column\" data-e-type=\"column\">\r\n        <div class=\"elementor-widget-wrap elementor-element-populated\">\r\n                     \r\n        \t\t<div class=\"elementor-element elementor-element-3e38e0d elementor-widget elementor-widget-pxl_heading\" data-id=\"3e38e0d\" data-element_type=\"widget\" data-e-type=\"widget\" data-widget_type=\"pxl_heading.default\">\n\t\t\t\t<div class=\"elementor-widget-container\">\n\t\t\t\t\t<div class=\"pxl-heading  \">\n\t<div class=\"pxl-heading--inner \">\n\t\t\t\t<h3 class=\"pxl-item--title style1 divider-none pxl-split-text split-in-left  \" data-wow-delay=\"ms\" data-wow-duration=\"1.2s\">\n\t\t\tHUGO CARVALHO \n\t\t\t\t\t<\/h3>\n\t<\/div>\n<\/div>\n\t\t\t\t<\/div>\n\t\t\t\t<\/div>\n\t\t\t\t<div class=\"elementor-element elementor-element-c25f20f elementor-widget elementor-widget-pxl_text_editor\" data-id=\"c25f20f\" data-element_type=\"widget\" data-e-type=\"widget\" data-widget_type=\"pxl_text_editor.default\">\n\t\t\t\t<div class=\"elementor-widget-container\">\n\t\t\t\t\t<div class=\"pxl-text-editor \" data-wow-delay=\"ms\" data-wow-duration=\"1.2s\">\n\t<div class=\"pxl-item--inner    \">\n\t\t<p>\u00a0\u9152\u5427\u7ecf\u7406\u517c\u8c03\u9152\u5e08<\/p>\t<\/div>\n<\/div>\n\t\t\t\t<\/div>\n\t\t\t\t<\/div>\n\t\t\t\t<div class=\"elementor-element elementor-element-6914a03 elementor-widget elementor-widget-pxl_text_editor\" data-id=\"6914a03\" data-element_type=\"widget\" data-e-type=\"widget\" data-widget_type=\"pxl_text_editor.default\">\n\t\t\t\t<div class=\"elementor-widget-container\">\n\t\t\t\t\t<div class=\"pxl-text-editor \" data-wow-delay=\"ms\" data-wow-duration=\"1.2s\">\n\t<div class=\"pxl-item--inner    \">\n\t\t<strong> \u8c03\u9152\u827a\u672f <\/strong><span data-sheets-root=\"1\"> <br> \n&#8220;\u5bf9\u9152\u5427\u7ecf\u7406 Hugo Carvalho \u800c\u8a00\uff0c\u8c03\u9152\u662f\u4e00\u79cd\u6280\u827a\u4e0e\u521b\u610f\u4ea4\u878d\u7684\u4eea\u5f0f\u3002\u6bcf\u4e00\u676f\u9e21\u5c3e\u9152\u90fd\u662f\u4e00\u6bb5\u611f\u5b98\u53d9\u4e8b\uff0c\u4ee5\u7cbe\u51c6\u8c03\u914d\u5c06\u77ac\u95f4\u8f6c\u5316\u4e3a\u6301\u4e45\u96be\u5fd8\u7684\u4f53\u9a8c\u3002\u5728 BLACK MOON Gastrobar\uff0cHugo Carvalho \u5c06\u4f18\u96c5\u4e0e\u521b\u65b0\u878d\u5408\uff0c\u8425\u9020\u51fa\u5b9a\u4e49\u975e\u51e1\u7684\u5fae\u5999\u9b45\u529b\uff0c\u4ee4\u6bcf\u4e00\u4f4d\u5bbe\u5ba2\u6c89\u6d78\u5176\u4e2d\u3002\n \n Hugo Carvalho \u7684\u6bcf\u4e00\u6b3e\u4f5c\u54c1\u4e0d\u4ec5\u5c55\u73b0\u5353\u8d8a\u6280\u827a\uff0c\u66f4\u4f53\u73b0\u4ee5\u4eba\u4e3a\u672c\u7684\u7406\u5ff5\uff0c\u6bcf\u4e00\u4e2a\u7ec6\u8282\u90fd\u65e8\u5728\u4e0e\u5bbe\u5ba2\u4ea7\u751f\u5171\u9e23\uff0c\u8ba9\u6bcf\u4e00\u523b\u90fd\u96be\u4ee5\u5fd8\u6000\u3002&#8221;\t<\/div>\n<\/div>\n\t\t\t\t<\/div>\n\t\t\t\t<\/div>\n\t\t            <\/div>\r\n        <\/div>\r\n        \t\t\t<\/div>\n\t\t<\/section>\n\t\t            <\/div>\r\n        <\/div>\r\n        \t\t\t<\/div>\n\t\t<\/section>\n\t\t\t\t<\/div>\n\t\t","protected":false},"excerpt":{"rendered":"<p>\u9810\u8a02\u5ea7\u4f4d \u4f20\u627f\u3001\u706b\u5019\u4e0e\u7075\u9b42 &#8220;\u4e3b\u53a8 LUIS ORTIZ \u884c\u653f\u603b\u53a8&#8221; \u5bf9\u884c\u653f\u603b\u53a8 Lu [&hellip;]<\/p>\n","protected":false},"author":1,"featured_media":0,"parent":0,"menu_order":0,"comment_status":"closed","ping_status":"closed","template":"","meta":{"footnotes":"","_links_to":"","_links_to_target":""},"class_list":["post-12594","page","type-page","status-publish","hentry"],"yoast_head":"<!-- This site is optimized with the Yoast SEO plugin v27.0 - https:\/\/yoast.com\/product\/yoast-seo-wordpress\/ -->\n<title>\u4e3b\u53a8 LUIS ORTIZ \u884c\u653f\u603b\u53a8 - BLACK MOON Gastrobar<\/title>\n<meta name=\"description\" content=\"Chef Luis Ortiz, respons\u00e1vel pela vis\u00e3o gastron\u00f3mica do Black Moon. Al\u00e9m disso, descubra uma abordagem que valoriza t\u00e9cnica e criatividade.\" \/>\n<meta name=\"robots\" content=\"index, follow, max-snippet:-1, max-image-preview:large, max-video-preview:-1\" \/>\n<link rel=\"canonical\" href=\"https:\/\/www.blackmoongastrobar.com\/zh-hans\/chef\/\" \/>\n<meta property=\"og:locale\" content=\"zh_CN\" \/>\n<meta property=\"og:type\" content=\"article\" \/>\n<meta property=\"og:title\" content=\"\u4e3b\u53a8 LUIS ORTIZ \u884c\u653f\u603b\u53a8 - BLACK MOON Gastrobar\" \/>\n<meta property=\"og:description\" content=\"Chef Luis Ortiz, respons\u00e1vel pela vis\u00e3o gastron\u00f3mica do Black Moon. Al\u00e9m disso, descubra uma abordagem que valoriza t\u00e9cnica e criatividade.\" \/>\n<meta property=\"og:url\" content=\"https:\/\/www.blackmoongastrobar.com\/zh-hans\/chef\/\" \/>\n<meta property=\"og:site_name\" content=\"BLACK MOON Gastrobar\" \/>\n<meta property=\"article:modified_time\" content=\"2026-04-14T15:14:18+00:00\" \/>\n<meta property=\"og:image\" content=\"https:\/\/www.blackmoongastrobar.com\/wp-content\/uploads\/2026\/02\/Chef-Luis-Ortiz.jpg\" \/>\n<meta name=\"twitter:card\" content=\"summary_large_image\" \/>\n<meta name=\"twitter:label1\" content=\"\u9884\u8ba1\u9605\u8bfb\u65f6\u95f4\" \/>\n\t<meta name=\"twitter:data1\" content=\"1 \u5206\" \/>\n<script type=\"application\/ld+json\" class=\"yoast-schema-graph\">{\"@context\":\"https:\/\/schema.org\",\"@graph\":[{\"@type\":\"WebPage\",\"@id\":\"https:\/\/www.blackmoongastrobar.com\/zh-hans\/chef\/\",\"url\":\"https:\/\/www.blackmoongastrobar.com\/zh-hans\/chef\/\",\"name\":\"\u4e3b\u53a8 LUIS ORTIZ \u884c\u653f\u603b\u53a8 - BLACK MOON Gastrobar\",\"isPartOf\":{\"@id\":\"https:\/\/www.blackmoongastrobar.com\/#website\"},\"primaryImageOfPage\":{\"@id\":\"https:\/\/www.blackmoongastrobar.com\/zh-hans\/chef\/#primaryimage\"},\"image\":{\"@id\":\"https:\/\/www.blackmoongastrobar.com\/zh-hans\/chef\/#primaryimage\"},\"thumbnailUrl\":\"https:\/\/www.blackmoongastrobar.com\/wp-content\/uploads\/2026\/02\/Chef-Luis-Ortiz.jpg\",\"datePublished\":\"2026-02-24T11:07:41+00:00\",\"dateModified\":\"2026-04-14T15:14:18+00:00\",\"description\":\"Chef Luis Ortiz, respons\u00e1vel pela vis\u00e3o gastron\u00f3mica do Black Moon. Al\u00e9m disso, descubra uma abordagem que valoriza t\u00e9cnica e criatividade.\",\"breadcrumb\":{\"@id\":\"https:\/\/www.blackmoongastrobar.com\/zh-hans\/chef\/#breadcrumb\"},\"inLanguage\":\"zh-Hans\",\"potentialAction\":[{\"@type\":\"ReadAction\",\"target\":[\"https:\/\/www.blackmoongastrobar.com\/zh-hans\/chef\/\"]}]},{\"@type\":\"ImageObject\",\"inLanguage\":\"zh-Hans\",\"@id\":\"https:\/\/www.blackmoongastrobar.com\/zh-hans\/chef\/#primaryimage\",\"url\":\"https:\/\/www.blackmoongastrobar.com\/wp-content\/uploads\/2026\/02\/Chef-Luis-Ortiz.jpg\",\"contentUrl\":\"https:\/\/www.blackmoongastrobar.com\/wp-content\/uploads\/2026\/02\/Chef-Luis-Ortiz.jpg\"},{\"@type\":\"BreadcrumbList\",\"@id\":\"https:\/\/www.blackmoongastrobar.com\/zh-hans\/chef\/#breadcrumb\",\"itemListElement\":[{\"@type\":\"ListItem\",\"position\":1,\"name\":\"In\u00edcio\",\"item\":\"https:\/\/www.blackmoongastrobar.com\/es\/\"},{\"@type\":\"ListItem\",\"position\":2,\"name\":\"Chef\"}]},{\"@type\":\"WebSite\",\"@id\":\"https:\/\/www.blackmoongastrobar.com\/#website\",\"url\":\"https:\/\/www.blackmoongastrobar.com\/\",\"name\":\"BLACK MOON Gastrobar\",\"description\":\"\",\"publisher\":{\"@id\":\"https:\/\/www.blackmoongastrobar.com\/#organization\"},\"potentialAction\":[{\"@type\":\"SearchAction\",\"target\":{\"@type\":\"EntryPoint\",\"urlTemplate\":\"https:\/\/www.blackmoongastrobar.com\/?s={search_term_string}\"},\"query-input\":{\"@type\":\"PropertyValueSpecification\",\"valueRequired\":true,\"valueName\":\"search_term_string\"}}],\"inLanguage\":\"zh-Hans\"},{\"@type\":\"Organization\",\"@id\":\"https:\/\/www.blackmoongastrobar.com\/#organization\",\"name\":\"BLACK MOON Gastrobar\",\"url\":\"https:\/\/www.blackmoongastrobar.com\/\",\"logo\":{\"@type\":\"ImageObject\",\"inLanguage\":\"zh-Hans\",\"@id\":\"https:\/\/www.blackmoongastrobar.com\/#\/schema\/logo\/image\/\",\"url\":\"https:\/\/www.blackmoongastrobar.com\/wp-content\/uploads\/2023\/11\/BLACK-MOON-espaco-interior-Lisboa.jpg\",\"contentUrl\":\"https:\/\/www.blackmoongastrobar.com\/wp-content\/uploads\/2023\/11\/BLACK-MOON-espaco-interior-Lisboa.jpg\",\"width\":1170,\"height\":700,\"caption\":\"BLACK MOON Gastrobar\"},\"image\":{\"@id\":\"https:\/\/www.blackmoongastrobar.com\/#\/schema\/logo\/image\/\"}}]}<\/script>\n<!-- \/ Yoast SEO plugin. -->","yoast_head_json":{"title":"\u4e3b\u53a8 LUIS ORTIZ \u884c\u653f\u603b\u53a8 - BLACK MOON Gastrobar","description":"Chef Luis Ortiz, respons\u00e1vel pela vis\u00e3o gastron\u00f3mica do Black Moon. Al\u00e9m disso, descubra uma abordagem que valoriza t\u00e9cnica e criatividade.","robots":{"index":"index","follow":"follow","max-snippet":"max-snippet:-1","max-image-preview":"max-image-preview:large","max-video-preview":"max-video-preview:-1"},"canonical":"https:\/\/www.blackmoongastrobar.com\/zh-hans\/chef\/","og_locale":"zh_CN","og_type":"article","og_title":"\u4e3b\u53a8 LUIS ORTIZ \u884c\u653f\u603b\u53a8 - BLACK MOON Gastrobar","og_description":"Chef Luis Ortiz, respons\u00e1vel pela vis\u00e3o gastron\u00f3mica do Black Moon. Al\u00e9m disso, descubra uma abordagem que valoriza t\u00e9cnica e criatividade.","og_url":"https:\/\/www.blackmoongastrobar.com\/zh-hans\/chef\/","og_site_name":"BLACK MOON Gastrobar","article_modified_time":"2026-04-14T15:14:18+00:00","og_image":[{"url":"https:\/\/www.blackmoongastrobar.com\/wp-content\/uploads\/2026\/02\/Chef-Luis-Ortiz.jpg","type":"","width":"","height":""}],"twitter_card":"summary_large_image","twitter_misc":{"\u9884\u8ba1\u9605\u8bfb\u65f6\u95f4":"1 \u5206"},"schema":{"@context":"https:\/\/schema.org","@graph":[{"@type":"WebPage","@id":"https:\/\/www.blackmoongastrobar.com\/zh-hans\/chef\/","url":"https:\/\/www.blackmoongastrobar.com\/zh-hans\/chef\/","name":"\u4e3b\u53a8 LUIS ORTIZ \u884c\u653f\u603b\u53a8 - BLACK MOON Gastrobar","isPartOf":{"@id":"https:\/\/www.blackmoongastrobar.com\/#website"},"primaryImageOfPage":{"@id":"https:\/\/www.blackmoongastrobar.com\/zh-hans\/chef\/#primaryimage"},"image":{"@id":"https:\/\/www.blackmoongastrobar.com\/zh-hans\/chef\/#primaryimage"},"thumbnailUrl":"https:\/\/www.blackmoongastrobar.com\/wp-content\/uploads\/2026\/02\/Chef-Luis-Ortiz.jpg","datePublished":"2026-02-24T11:07:41+00:00","dateModified":"2026-04-14T15:14:18+00:00","description":"Chef Luis Ortiz, respons\u00e1vel pela vis\u00e3o gastron\u00f3mica do Black Moon. Al\u00e9m disso, descubra uma abordagem que valoriza t\u00e9cnica e criatividade.","breadcrumb":{"@id":"https:\/\/www.blackmoongastrobar.com\/zh-hans\/chef\/#breadcrumb"},"inLanguage":"zh-Hans","potentialAction":[{"@type":"ReadAction","target":["https:\/\/www.blackmoongastrobar.com\/zh-hans\/chef\/"]}]},{"@type":"ImageObject","inLanguage":"zh-Hans","@id":"https:\/\/www.blackmoongastrobar.com\/zh-hans\/chef\/#primaryimage","url":"https:\/\/www.blackmoongastrobar.com\/wp-content\/uploads\/2026\/02\/Chef-Luis-Ortiz.jpg","contentUrl":"https:\/\/www.blackmoongastrobar.com\/wp-content\/uploads\/2026\/02\/Chef-Luis-Ortiz.jpg"},{"@type":"BreadcrumbList","@id":"https:\/\/www.blackmoongastrobar.com\/zh-hans\/chef\/#breadcrumb","itemListElement":[{"@type":"ListItem","position":1,"name":"In\u00edcio","item":"https:\/\/www.blackmoongastrobar.com\/es\/"},{"@type":"ListItem","position":2,"name":"Chef"}]},{"@type":"WebSite","@id":"https:\/\/www.blackmoongastrobar.com\/#website","url":"https:\/\/www.blackmoongastrobar.com\/","name":"BLACK MOON Gastrobar","description":"","publisher":{"@id":"https:\/\/www.blackmoongastrobar.com\/#organization"},"potentialAction":[{"@type":"SearchAction","target":{"@type":"EntryPoint","urlTemplate":"https:\/\/www.blackmoongastrobar.com\/?s={search_term_string}"},"query-input":{"@type":"PropertyValueSpecification","valueRequired":true,"valueName":"search_term_string"}}],"inLanguage":"zh-Hans"},{"@type":"Organization","@id":"https:\/\/www.blackmoongastrobar.com\/#organization","name":"BLACK MOON Gastrobar","url":"https:\/\/www.blackmoongastrobar.com\/","logo":{"@type":"ImageObject","inLanguage":"zh-Hans","@id":"https:\/\/www.blackmoongastrobar.com\/#\/schema\/logo\/image\/","url":"https:\/\/www.blackmoongastrobar.com\/wp-content\/uploads\/2023\/11\/BLACK-MOON-espaco-interior-Lisboa.jpg","contentUrl":"https:\/\/www.blackmoongastrobar.com\/wp-content\/uploads\/2023\/11\/BLACK-MOON-espaco-interior-Lisboa.jpg","width":1170,"height":700,"caption":"BLACK MOON Gastrobar"},"image":{"@id":"https:\/\/www.blackmoongastrobar.com\/#\/schema\/logo\/image\/"}}]}},"_links":{"self":[{"href":"https:\/\/www.blackmoongastrobar.com\/zh-hans\/wp-json\/wp\/v2\/pages\/12594","targetHints":{"allow":["GET"]}}],"collection":[{"href":"https:\/\/www.blackmoongastrobar.com\/zh-hans\/wp-json\/wp\/v2\/pages"}],"about":[{"href":"https:\/\/www.blackmoongastrobar.com\/zh-hans\/wp-json\/wp\/v2\/types\/page"}],"author":[{"embeddable":true,"href":"https:\/\/www.blackmoongastrobar.com\/zh-hans\/wp-json\/wp\/v2\/users\/1"}],"replies":[{"embeddable":true,"href":"https:\/\/www.blackmoongastrobar.com\/zh-hans\/wp-json\/wp\/v2\/comments?post=12594"}],"version-history":[{"count":8,"href":"https:\/\/www.blackmoongastrobar.com\/zh-hans\/wp-json\/wp\/v2\/pages\/12594\/revisions"}],"predecessor-version":[{"id":12603,"href":"https:\/\/www.blackmoongastrobar.com\/zh-hans\/wp-json\/wp\/v2\/pages\/12594\/revisions\/12603"}],"wp:attachment":[{"href":"https:\/\/www.blackmoongastrobar.com\/zh-hans\/wp-json\/wp\/v2\/media?parent=12594"}],"curies":[{"name":"wp","href":"https:\/\/api.w.org\/{rel}","templated":true}]}}