{"id":12669,"date":"2026-03-06T16:26:01","date_gmt":"2026-03-06T16:26:01","guid":{"rendered":"https:\/\/www.blackmoongastrobar.com\/pedido-de-evento\/"},"modified":"2026-04-15T10:13:16","modified_gmt":"2026-04-15T10:13:16","slug":"demande-devenement","status":"publish","type":"page","link":"https:\/\/www.blackmoongastrobar.com\/fr\/demande-devenement\/","title":{"rendered":"Demande d&#8217;\u00e9v\u00e9nement"},"content":{"rendered":"\t\t<div data-elementor-type=\"wp-page\" data-elementor-id=\"12669\" class=\"elementor elementor-12669 elementor-11847\">\n\t\t\t\t        <section class=\"elementor-section elementor-top-section elementor-element elementor-element-5f7b0c5 pxl-section-bg-normal elementor-section-boxed elementor-section-height-default elementor-section-height-default pxl-row-scroll-none pxl-show-grid-none pxl-section-grid-bg-false\" data-id=\"5f7b0c5\" data-element_type=\"section\" data-e-type=\"section\" data-settings=\"{&quot;background_background&quot;:&quot;classic&quot;}\">\n\n                \n                <div class=\"elementor-container elementor-column-gap-default \">\n                <div class=\"elementor-column elementor-col-100 elementor-top-column elementor-element elementor-element-2387ab8 pxl-column-none\" data-id=\"2387ab8\" data-element_type=\"column\" data-e-type=\"column\" data-settings=\"{&quot;background_background&quot;:&quot;classic&quot;}\">\r\n        <div class=\"elementor-widget-wrap elementor-element-populated\">\r\n                     \r\n        \t\t<div class=\"elementor-element elementor-element-e7d6579 elementor-widget elementor-widget-pxl_heading\" data-id=\"e7d6579\" data-element_type=\"widget\" data-e-type=\"widget\" data-widget_type=\"pxl_heading.default\">\n\t\t\t\t<div class=\"elementor-widget-container\">\n\t\t\t\t\t<div class=\"pxl-heading  \">\n\t<div class=\"pxl-heading--inner \">\n\t\t\t\t<h3 class=\"pxl-item--title style1 divider-top  wow fadeInUp \" data-wow-delay=\"ms\" data-wow-duration=\"1.2s\">\n\t\t\tDEMANDE D&#8217;\u00c9V\u00c9NEMENT\t\t\t\t\t<\/h3>\n\t<\/div>\n<\/div>\n\t\t\t\t<\/div>\n\t\t\t\t<\/div>\n\t\t\t\t<div class=\"elementor-element elementor-element-c1601f2 elementor-widget elementor-widget-pxl_text_editor\" data-id=\"c1601f2\" data-element_type=\"widget\" data-e-type=\"widget\" data-widget_type=\"pxl_text_editor.default\">\n\t\t\t\t<div class=\"elementor-widget-container\">\n\t\t\t\t\t<div class=\"pxl-text-editor \" data-wow-delay=\"ms\" data-wow-duration=\"1.2s\">\n\t<div class=\"pxl-item--inner    \">\n\t\tBLACK MOON offre le cadre id\u00e9al pour organiser des d\u00eeners de groupe, des f\u00eates d&#8217;anniversaire ou d&#8217;autres occasions sp\u00e9ciales.\n\nNous serons ravis d&#8217;accueillir votre \u00e9v\u00e9nement.\t<\/div>\n<\/div>\n\t\t\t\t<\/div>\n\t\t\t\t<\/div>\n\t\t\t\t<div class=\"elementor-element elementor-element-529e366 elementor-widget elementor-widget-html\" data-id=\"529e366\" data-element_type=\"widget\" data-e-type=\"widget\" data-widget_type=\"html.default\">\n\t\t\t\t\t<p><iframe src=\"https:\/\/apiportal.heytravel.net\/258?Consent=true\" width=\"100%\" height=\"2000px\"><\/iframe><\/p>\t\t\t\t<\/div>\n\t\t            <\/div>\r\n        <\/div>\r\n        \t\t\t<\/div>\n\t\t<\/section>\n\t\t\t\t<\/div>\n\t\t","protected":false},"excerpt":{"rendered":"<p>DEMANDE D&#8217;\u00c9V\u00c9NEMENT BLACK MOON offre le cadre id\u00e9al pour organiser des d\u00eeners de groupe, des f\u00eates d&#8217;anniversaire ou d&#8217;autres occasions sp\u00e9ciales. Nous serons ravis d&#8217;accueillir votre \u00e9v\u00e9nement.<\/p>\n","protected":false},"author":1,"featured_media":0,"parent":0,"menu_order":0,"comment_status":"closed","ping_status":"closed","template":"","meta":{"footnotes":"","_links_to":"","_links_to_target":""},"class_list":["post-12669","page","type-page","status-publish","hentry"],"yoast_head":"<!-- This site is optimized with the Yoast SEO plugin v27.0 - https:\/\/yoast.com\/product\/yoast-seo-wordpress\/ -->\n<title>Demande d&#039;\u00e9v\u00e9nement - BLACK MOON Gastrobar<\/title>\n<meta name=\"description\" content=\"R\u00e9servez votre table au Black Moon et vivez une exp\u00e9rience gastronomique contemporaine au c\u0153ur de Lisbonne.\" \/>\n<meta name=\"robots\" content=\"index, follow, max-snippet:-1, max-image-preview:large, max-video-preview:-1\" \/>\n<link rel=\"canonical\" href=\"https:\/\/www.blackmoongastrobar.com\/fr\/demande-devenement\/\" \/>\n<meta property=\"og:locale\" content=\"fr_FR\" \/>\n<meta property=\"og:type\" content=\"article\" \/>\n<meta property=\"og:title\" content=\"Demande d&#039;\u00e9v\u00e9nement - BLACK MOON Gastrobar\" \/>\n<meta property=\"og:description\" content=\"R\u00e9servez votre table au Black Moon et vivez une exp\u00e9rience gastronomique contemporaine au c\u0153ur de Lisbonne.\" \/>\n<meta property=\"og:url\" content=\"https:\/\/www.blackmoongastrobar.com\/fr\/demande-devenement\/\" \/>\n<meta property=\"og:site_name\" content=\"BLACK MOON Gastrobar\" \/>\n<meta property=\"article:modified_time\" content=\"2026-04-15T10:13:16+00:00\" \/>\n<meta name=\"twitter:card\" content=\"summary_large_image\" \/>\n<meta name=\"twitter:label1\" content=\"Dur\u00e9e de lecture estim\u00e9e\" \/>\n\t<meta name=\"twitter:data1\" content=\"1 minute\" \/>\n<script type=\"application\/ld+json\" class=\"yoast-schema-graph\">{\"@context\":\"https:\/\/schema.org\",\"@graph\":[{\"@type\":\"WebPage\",\"@id\":\"https:\/\/www.blackmoongastrobar.com\/fr\/demande-devenement\/\",\"url\":\"https:\/\/www.blackmoongastrobar.com\/fr\/demande-devenement\/\",\"name\":\"Demande d'\u00e9v\u00e9nement - BLACK MOON Gastrobar\",\"isPartOf\":{\"@id\":\"https:\/\/www.blackmoongastrobar.com\/#website\"},\"datePublished\":\"2026-03-06T16:26:01+00:00\",\"dateModified\":\"2026-04-15T10:13:16+00:00\",\"description\":\"R\u00e9servez votre table au Black Moon et vivez une exp\u00e9rience gastronomique contemporaine au c\u0153ur de Lisbonne.\",\"breadcrumb\":{\"@id\":\"https:\/\/www.blackmoongastrobar.com\/fr\/demande-devenement\/#breadcrumb\"},\"inLanguage\":\"fr-FR\",\"potentialAction\":[{\"@type\":\"ReadAction\",\"target\":[\"https:\/\/www.blackmoongastrobar.com\/fr\/demande-devenement\/\"]}]},{\"@type\":\"BreadcrumbList\",\"@id\":\"https:\/\/www.blackmoongastrobar.com\/fr\/demande-devenement\/#breadcrumb\",\"itemListElement\":[{\"@type\":\"ListItem\",\"position\":1,\"name\":\"In\u00edcio\",\"item\":\"https:\/\/www.blackmoongastrobar.com\/\"},{\"@type\":\"ListItem\",\"position\":2,\"name\":\"Reservas\"}]},{\"@type\":\"WebSite\",\"@id\":\"https:\/\/www.blackmoongastrobar.com\/#website\",\"url\":\"https:\/\/www.blackmoongastrobar.com\/\",\"name\":\"BLACK MOON Gastrobar\",\"description\":\"\",\"publisher\":{\"@id\":\"https:\/\/www.blackmoongastrobar.com\/#organization\"},\"potentialAction\":[{\"@type\":\"SearchAction\",\"target\":{\"@type\":\"EntryPoint\",\"urlTemplate\":\"https:\/\/www.blackmoongastrobar.com\/?s={search_term_string}\"},\"query-input\":{\"@type\":\"PropertyValueSpecification\",\"valueRequired\":true,\"valueName\":\"search_term_string\"}}],\"inLanguage\":\"fr-FR\"},{\"@type\":\"Organization\",\"@id\":\"https:\/\/www.blackmoongastrobar.com\/#organization\",\"name\":\"BLACK MOON Gastrobar\",\"url\":\"https:\/\/www.blackmoongastrobar.com\/\",\"logo\":{\"@type\":\"ImageObject\",\"inLanguage\":\"fr-FR\",\"@id\":\"https:\/\/www.blackmoongastrobar.com\/#\/schema\/logo\/image\/\",\"url\":\"https:\/\/www.blackmoongastrobar.com\/wp-content\/uploads\/2023\/11\/BLACK-MOON-espaco-interior-Lisboa.jpg\",\"contentUrl\":\"https:\/\/www.blackmoongastrobar.com\/wp-content\/uploads\/2023\/11\/BLACK-MOON-espaco-interior-Lisboa.jpg\",\"width\":1170,\"height\":700,\"caption\":\"BLACK MOON Gastrobar\"},\"image\":{\"@id\":\"https:\/\/www.blackmoongastrobar.com\/#\/schema\/logo\/image\/\"}}]}<\/script>\n<!-- \/ Yoast SEO plugin. -->","yoast_head_json":{"title":"Demande d'\u00e9v\u00e9nement - BLACK MOON Gastrobar","description":"R\u00e9servez votre table au Black Moon et vivez une exp\u00e9rience gastronomique contemporaine au c\u0153ur de Lisbonne.","robots":{"index":"index","follow":"follow","max-snippet":"max-snippet:-1","max-image-preview":"max-image-preview:large","max-video-preview":"max-video-preview:-1"},"canonical":"https:\/\/www.blackmoongastrobar.com\/fr\/demande-devenement\/","og_locale":"fr_FR","og_type":"article","og_title":"Demande d'\u00e9v\u00e9nement - BLACK MOON Gastrobar","og_description":"R\u00e9servez votre table au Black Moon et vivez une exp\u00e9rience gastronomique contemporaine au c\u0153ur de Lisbonne.","og_url":"https:\/\/www.blackmoongastrobar.com\/fr\/demande-devenement\/","og_site_name":"BLACK MOON Gastrobar","article_modified_time":"2026-04-15T10:13:16+00:00","twitter_card":"summary_large_image","twitter_misc":{"Dur\u00e9e de lecture estim\u00e9e":"1 minute"},"schema":{"@context":"https:\/\/schema.org","@graph":[{"@type":"WebPage","@id":"https:\/\/www.blackmoongastrobar.com\/fr\/demande-devenement\/","url":"https:\/\/www.blackmoongastrobar.com\/fr\/demande-devenement\/","name":"Demande d'\u00e9v\u00e9nement - BLACK MOON Gastrobar","isPartOf":{"@id":"https:\/\/www.blackmoongastrobar.com\/#website"},"datePublished":"2026-03-06T16:26:01+00:00","dateModified":"2026-04-15T10:13:16+00:00","description":"R\u00e9servez votre table au Black Moon et vivez une exp\u00e9rience gastronomique contemporaine au c\u0153ur de Lisbonne.","breadcrumb":{"@id":"https:\/\/www.blackmoongastrobar.com\/fr\/demande-devenement\/#breadcrumb"},"inLanguage":"fr-FR","potentialAction":[{"@type":"ReadAction","target":["https:\/\/www.blackmoongastrobar.com\/fr\/demande-devenement\/"]}]},{"@type":"BreadcrumbList","@id":"https:\/\/www.blackmoongastrobar.com\/fr\/demande-devenement\/#breadcrumb","itemListElement":[{"@type":"ListItem","position":1,"name":"In\u00edcio","item":"https:\/\/www.blackmoongastrobar.com\/"},{"@type":"ListItem","position":2,"name":"Reservas"}]},{"@type":"WebSite","@id":"https:\/\/www.blackmoongastrobar.com\/#website","url":"https:\/\/www.blackmoongastrobar.com\/","name":"BLACK MOON Gastrobar","description":"","publisher":{"@id":"https:\/\/www.blackmoongastrobar.com\/#organization"},"potentialAction":[{"@type":"SearchAction","target":{"@type":"EntryPoint","urlTemplate":"https:\/\/www.blackmoongastrobar.com\/?s={search_term_string}"},"query-input":{"@type":"PropertyValueSpecification","valueRequired":true,"valueName":"search_term_string"}}],"inLanguage":"fr-FR"},{"@type":"Organization","@id":"https:\/\/www.blackmoongastrobar.com\/#organization","name":"BLACK MOON Gastrobar","url":"https:\/\/www.blackmoongastrobar.com\/","logo":{"@type":"ImageObject","inLanguage":"fr-FR","@id":"https:\/\/www.blackmoongastrobar.com\/#\/schema\/logo\/image\/","url":"https:\/\/www.blackmoongastrobar.com\/wp-content\/uploads\/2023\/11\/BLACK-MOON-espaco-interior-Lisboa.jpg","contentUrl":"https:\/\/www.blackmoongastrobar.com\/wp-content\/uploads\/2023\/11\/BLACK-MOON-espaco-interior-Lisboa.jpg","width":1170,"height":700,"caption":"BLACK MOON Gastrobar"},"image":{"@id":"https:\/\/www.blackmoongastrobar.com\/#\/schema\/logo\/image\/"}}]}},"_links":{"self":[{"href":"https:\/\/www.blackmoongastrobar.com\/fr\/wp-json\/wp\/v2\/pages\/12669","targetHints":{"allow":["GET"]}}],"collection":[{"href":"https:\/\/www.blackmoongastrobar.com\/fr\/wp-json\/wp\/v2\/pages"}],"about":[{"href":"https:\/\/www.blackmoongastrobar.com\/fr\/wp-json\/wp\/v2\/types\/page"}],"author":[{"embeddable":true,"href":"https:\/\/www.blackmoongastrobar.com\/fr\/wp-json\/wp\/v2\/users\/1"}],"replies":[{"embeddable":true,"href":"https:\/\/www.blackmoongastrobar.com\/fr\/wp-json\/wp\/v2\/comments?post=12669"}],"version-history":[{"count":5,"href":"https:\/\/www.blackmoongastrobar.com\/fr\/wp-json\/wp\/v2\/pages\/12669\/revisions"}],"predecessor-version":[{"id":12674,"href":"https:\/\/www.blackmoongastrobar.com\/fr\/wp-json\/wp\/v2\/pages\/12669\/revisions\/12674"}],"wp:attachment":[{"href":"https:\/\/www.blackmoongastrobar.com\/fr\/wp-json\/wp\/v2\/media?parent=12669"}],"curies":[{"name":"wp","href":"https:\/\/api.w.org\/{rel}","templated":true}]}}