{"id":12447,"date":"2026-02-23T17:26:53","date_gmt":"2026-02-23T17:26:53","guid":{"rendered":"https:\/\/www.blackmoongastrobar.com\/bar-a-champagne\/"},"modified":"2026-04-10T11:22:15","modified_gmt":"2026-04-10T11:22:15","slug":"champagne-bar","status":"publish","type":"page","link":"https:\/\/www.blackmoongastrobar.com\/fr\/champagne-bar\/","title":{"rendered":"Champagne Bar"},"content":{"rendered":"\t\t<div data-elementor-type=\"wp-page\" data-elementor-id=\"12447\" class=\"elementor elementor-12447 elementor-10986\">\n\t\t\t\t        <section class=\"elementor-section elementor-top-section elementor-element elementor-element-28f4f39 elementor-section-boxed elementor-section-height-default elementor-section-height-default pxl-row-scroll-none pxl-show-grid-none pxl-section-bg-none pxl-section-grid-bg-false\" data-id=\"28f4f39\" data-element_type=\"section\" data-e-type=\"section\" id=\"sticky-reserva-bar\">\n\n                \n                <div class=\"elementor-container elementor-column-gap-default \">\n                <div class=\"elementor-column elementor-col-100 elementor-top-column elementor-element elementor-element-03e95b7 pxl-column-none\" data-id=\"03e95b7\" data-element_type=\"column\" data-e-type=\"column\">\r\n        <div class=\"elementor-widget-wrap elementor-element-populated\">\r\n                     \r\n        \t\t<div class=\"elementor-element elementor-element-1590cc7 elementor-widget elementor-widget-html\" data-id=\"1590cc7\" data-element_type=\"widget\" data-e-type=\"widget\" data-widget_type=\"html.default\">\n\t\t\t\t\t<a id=\"sticky-reserva-link\" class=\"sticky-reserva__link\" href=\"https:\/\/www.blackmoongastrobar.com\/fr\/reservations\" aria-label=\"Reservar mesa\">\r\n  <span class=\"sticky-reserva__label\">R\u00c9SERVER UNE TABLE<\/span>\r\n<\/a>\r\n\t\t\t\t<\/div>\n\t\t            <\/div>\r\n        <\/div>\r\n        \t\t\t<\/div>\n\t\t<\/section>\n\t\t        <section class=\"elementor-section elementor-top-section elementor-element elementor-element-9e5185f elementor-section-content-middle elementor-section-boxed elementor-section-height-default elementor-section-height-default pxl-row-scroll-none pxl-show-grid-none pxl-section-bg-none pxl-section-grid-bg-false\" data-id=\"9e5185f\" data-element_type=\"section\" data-e-type=\"section\">\n\n                \n                <div class=\"elementor-container elementor-column-gap-default \">\n                <div class=\"elementor-column elementor-col-50 elementor-top-column elementor-element elementor-element-3734075 pxl-column-none\" data-id=\"3734075\" data-element_type=\"column\" data-e-type=\"column\">\r\n        <div class=\"elementor-widget-wrap elementor-element-populated\">\r\n                     \r\n        \t\t<div class=\"elementor-element elementor-element-8f8d524 elementor-widget-tablet__width-initial elementor-widget elementor-widget-pxl_image_box\" data-id=\"8f8d524\" data-element_type=\"widget\" data-e-type=\"widget\" data-widget_type=\"pxl_image_box.default\">\n\t\t\t\t<div class=\"elementor-widget-container\">\n\t\t\t\t\t<div class=\"pxl-image-box pxl-image-box3 \" data-wow-delay=\"ms\" data-wow-duration=\"1.2s\">\r\n    <div class=\"pxl-item--inner\">\r\n                            <div class=\"item--front\">\r\n                <div class=\"canvas\"><\/div>\r\n                <div class=\"item--image\">\r\n                                            <img decoding=\"async\" src=\"https:\/\/www.blackmoongastrobar.com\/wp-content\/uploads\/2026\/02\/Champagne-Bar-BLACK-MOON.jpg\" class=\"image-front attachment-full\" alt=\"image front\" data-sampler=\"texture0\">\r\n                        <img decoding=\"async\" src=\"https:\/\/www.blackmoongastrobar.com\/wp-content\/uploads\/2026\/02\/Champagne-Bar-BLACK-MOON-Lisboa.jpg\" class=\"image-back attachment-full\" alt=\"image back\" data-sampler=\"texture1\">\r\n                        <img decoding=\"async\" src=\"https:\/\/www.blackmoongastrobar.com\/wp-content\/themes\/mrittik\/assets\/img\/displacements-01.jpg\" class=\"map\" alt=\"image displacements\" data-sampler=\"map\">\r\n                                    <\/div>\r\n            <\/div>\r\n                            <div class=\"item--back\">\r\n                                    <img decoding=\"async\" src=\"https:\/\/www.blackmoongastrobar.com\/wp-content\/uploads\/2026\/02\/Champagne-Bar-BLACK-MOON-Lisboa.jpg\" class=\"image-front attachment-full\" alt=\"image front\" data-sampler=\"texture0\">\r\n                            <\/div>\r\n            <\/div>\r\n<\/div>\t\t\t\t<\/div>\n\t\t\t\t<\/div>\n\t\t            <\/div>\r\n        <\/div>\r\n                <div class=\"elementor-column elementor-col-50 elementor-top-column elementor-element elementor-element-2de51f2 pxl-column-none\" data-id=\"2de51f2\" data-element_type=\"column\" data-e-type=\"column\">\r\n        <div class=\"elementor-widget-wrap elementor-element-populated\">\r\n                     \r\n        \t\t<div class=\"elementor-element elementor-element-75aafba elementor-widget elementor-widget-pxl_heading\" data-id=\"75aafba\" data-element_type=\"widget\" data-e-type=\"widget\" data-widget_type=\"pxl_heading.default\">\n\t\t\t\t<div class=\"elementor-widget-container\">\n\t\t\t\t\t<div class=\"pxl-heading  \">\n\t<div class=\"pxl-heading--inner \">\n\t\t\t\t<h1 class=\"pxl-item--title style1 divider-none  wow skewInRight \" data-wow-delay=\"ms\" data-wow-duration=\"1.2s\">\n\t\t\tCHAMPAGNE BAR\t\t\t\t\t<\/h1>\n\t<\/div>\n<\/div>\n\t\t\t\t<\/div>\n\t\t\t\t<\/div>\n\t\t\t\t<div class=\"elementor-element elementor-element-90e9499 elementor-widget elementor-widget-pxl_text_editor\" data-id=\"90e9499\" data-element_type=\"widget\" data-e-type=\"widget\" data-widget_type=\"pxl_text_editor.default\">\n\t\t\t\t<div class=\"elementor-widget-container\">\n\t\t\t\t\t<div class=\"pxl-text-editor \" data-wow-delay=\"ms\" data-wow-duration=\"1.2s\">\n\t<div class=\"pxl-item--inner    \">\n\t\t<p><span data-sheets-root=\"1\">Au BLACK MOON, le Champagne Bar de Lisbonne se r\u00e9v\u00e8le comme un lieu de c\u00e9l\u00e9bration et de d\u00e9couvertes d\u2019exception.<br \/><br \/>Les grandes maisons et leurs cuv\u00e9es d\u2019exception se d\u00e9gustent au verre ou \u00e0 la bouteille, dans une atmosph\u00e8re o\u00f9 l\u2019\u00e9l\u00e9gance se ressent \u00e0 chaque d\u00e9tail et o\u00f9 chaque instant se savoure pleinement. Un service personnalis\u00e9 et attentif, pens\u00e9 pour sublimer chaque d\u00e9gustation, transforme chaque moment en une exp\u00e9rience de raffinement in\u00e9gal\u00e9.<br \/><br \/>Notre s\u00e9lection internationale marie classiques intemporels et cuv\u00e9es rares, minutieusement choisies pour s\u00e9duire les sens et \u00e9veiller la curiosit\u00e9. Con\u00e7ue pour offrir exclusivit\u00e9 et inspiration, cette s\u00e9lection raffin\u00e9e \u00e9l\u00e8ve chaque instant en c\u00e9l\u00e9bration unique, dans un cadre luxueux et intimiste au c\u0153ur de Lisbonne.<br \/><br \/>Une exp\u00e9rience d\u2019exception \u00e0 Lisbonne, o\u00f9 chaque champagne r\u00e9v\u00e8le ses saveurs dans un salon raffin\u00e9, symbole d\u2019\u00e9l\u00e9gance et de raffinement.<\/span><\/p>\t<\/div>\n<\/div>\n\t\t\t\t<\/div>\n\t\t\t\t<\/div>\n\t\t\t\t<div class=\"elementor-element elementor-element-fd2c836 botao-menu-mobile elementor-widget elementor-widget-pxl_button\" data-id=\"fd2c836\" data-element_type=\"widget\" data-e-type=\"widget\" data-widget_type=\"pxl_button.default\">\n\t\t\t\t<div class=\"elementor-widget-container\">\n\t\t\t\t\t<div class=\"pxl-button\">\r\n    <a class=\"btn-border-running  \" href=\"https:\/\/digitalassistant.sanahotels.com\/eMenu\/sana_mythic_ouro_1039\/view\/info\/31#menu-913\" target=\"_blank\" data-wow-delay=\"ms\" data-wow-duration=\"1.2s\">\r\n                    <span class=\"btn-text\" data-text=\"Voir la carte\">\r\n                Voir la carte            <\/span>\r\n                            <\/a>\r\n<\/div>\t\t\t\t<\/div>\n\t\t\t\t<\/div>\n\t\t            <\/div>\r\n        <\/div>\r\n        \t\t\t<\/div>\n\t\t<\/section>\n\t\t        <section class=\"elementor-section elementor-top-section elementor-element elementor-element-bf65a2e elementor-section-content-middle elementor-reverse-mobile_extra elementor-reverse-mobile elementor-section-boxed elementor-section-height-default elementor-section-height-default pxl-row-scroll-none pxl-show-grid-none pxl-section-bg-none pxl-section-grid-bg-false\" data-id=\"bf65a2e\" data-element_type=\"section\" data-e-type=\"section\">\n\n                \n                <div class=\"elementor-container elementor-column-gap-default \">\n                <div class=\"elementor-column elementor-col-50 elementor-top-column elementor-element elementor-element-3049f2d pxl-column-none\" data-id=\"3049f2d\" data-element_type=\"column\" data-e-type=\"column\">\r\n        <div class=\"elementor-widget-wrap elementor-element-populated\">\r\n                     \r\n        \t\t<div class=\"elementor-element elementor-element-c9fda60 elementor-hidden-mobile_extra elementor-hidden-mobile elementor-widget elementor-widget-pxl_heading\" data-id=\"c9fda60\" data-element_type=\"widget\" data-e-type=\"widget\" data-widget_type=\"pxl_heading.default\">\n\t\t\t\t<div class=\"elementor-widget-container\">\n\t\t\t\t\t<div class=\"pxl-heading  \">\n\t<div class=\"pxl-heading--inner \">\n\t\t\t\t<h2 class=\"pxl-item--title style1 divider-none  wow skewInRight \" data-wow-delay=\"ms\" data-wow-duration=\"1.2s\">\n\t\t\tChampagne Experience Flight\t\t\t\t\t<\/h2>\n\t<\/div>\n<\/div>\n\t\t\t\t<\/div>\n\t\t\t\t<\/div>\n\t\t\t\t<div class=\"elementor-element elementor-element-fbd2320 elementor-widget elementor-widget-pxl_text_editor\" data-id=\"fbd2320\" data-element_type=\"widget\" data-e-type=\"widget\" data-widget_type=\"pxl_text_editor.default\">\n\t\t\t\t<div class=\"elementor-widget-container\">\n\t\t\t\t\t<div class=\"pxl-text-editor \" data-wow-delay=\"ms\" data-wow-duration=\"1.2s\">\n\t<div class=\"pxl-item--inner    \">\n\t\t<p><span data-sheets-root=\"1\">Un Champagne Bar \u00e0 Lisbonne, quatre fl\u00fbtes, quatre identit\u00e9s.<br \/>Un voyage guid\u00e9 au c\u0153ur du monde du Champagne.<br \/><br \/>Un Blanc de Blancs frais et min\u00e9ral.<br \/>Un assemblage classique de Chardonnay, Pinot Noir et Pinot Meunier, parfaitement \u00e9quilibr\u00e9.<br \/>Un Blanc de Noirs intense, \u00e0 la texture affirm\u00e9e.<br \/>Et, pour conclure, un Mill\u00e9sime ou Ros\u00e9, pour prolonger le moment.<br \/><br \/>Chaque fl\u00fbte r\u00e9v\u00e8le une expression unique de la r\u00e9gion champenoise, suivant un parcours de la fra\u00eecheur \u00e0 la profondeur, de la pr\u00e9cision \u00e0 l\u2019\u00e9motion. Une exp\u00e9rience con\u00e7ue pour explorer styles, c\u00e9pages et interpr\u00e9tations.<br \/><br \/>D\u00e9couvrez, dans chaque champagne, une exp\u00e9rience sensorielle unique, soigneusement s\u00e9lectionn\u00e9e par Pedro Caldas, Chef Sommelier.<\/span><\/p>\t<\/div>\n<\/div>\n\t\t\t\t<\/div>\n\t\t\t\t<\/div>\n\t\t\t\t<div class=\"elementor-element elementor-element-d06197c botao-menu-mobile elementor-widget elementor-widget-pxl_button\" data-id=\"d06197c\" data-element_type=\"widget\" data-e-type=\"widget\" data-widget_type=\"pxl_button.default\">\n\t\t\t\t<div class=\"elementor-widget-container\">\n\t\t\t\t\t<div class=\"pxl-button\">\r\n    <a class=\"btn-border-running  \" href=\"https:\/\/digitalassistant.sanahotels.com\/eMenu\/sana_mythic_ouro_1039\/view\/info\/31#menu-913\" target=\"_blank\" data-wow-delay=\"ms\" data-wow-duration=\"1.2s\">\r\n                    <span class=\"btn-text\" data-text=\"Voir la carte\">\r\n                Voir la carte            <\/span>\r\n                            <\/a>\r\n<\/div>\t\t\t\t<\/div>\n\t\t\t\t<\/div>\n\t\t            <\/div>\r\n        <\/div>\r\n                <div class=\"elementor-column elementor-col-50 elementor-top-column elementor-element elementor-element-a2dace0 pxl-column-none\" data-id=\"a2dace0\" data-element_type=\"column\" data-e-type=\"column\">\r\n        <div class=\"elementor-widget-wrap elementor-element-populated\">\r\n                     \r\n        \t\t<div class=\"elementor-element elementor-element-9147176 elementor-hidden-desktop elementor-hidden-laptop elementor-hidden-tablet_extra elementor-hidden-tablet elementor-widget elementor-widget-pxl_heading\" data-id=\"9147176\" data-element_type=\"widget\" data-e-type=\"widget\" data-widget_type=\"pxl_heading.default\">\n\t\t\t\t<div class=\"elementor-widget-container\">\n\t\t\t\t\t<div class=\"pxl-heading  \">\n\t<div class=\"pxl-heading--inner \">\n\t\t\t\t<h2 class=\"pxl-item--title style1 divider-none  wow skewInRight \" data-wow-delay=\"ms\" data-wow-duration=\"1.2s\">\n\t\t\tChampagne Experience Flight\t\t\t\t\t<\/h2>\n\t<\/div>\n<\/div>\n\t\t\t\t<\/div>\n\t\t\t\t<\/div>\n\t\t\t\t<div class=\"elementor-element elementor-element-fa6abdc elementor-widget-tablet__width-initial elementor-widget elementor-widget-pxl_image_box\" data-id=\"fa6abdc\" data-element_type=\"widget\" data-e-type=\"widget\" data-widget_type=\"pxl_image_box.default\">\n\t\t\t\t<div class=\"elementor-widget-container\">\n\t\t\t\t\t<div class=\"pxl-image-box pxl-image-box1 wave \" data-wow-delay=\"ms\" data-wow-duration=\"1.2s\">\r\n    <div class=\"pxl-item--inner\">\r\n                <div class=\"canvas\"><\/div>\r\n        <div class=\"item--image\">\r\n                                                <img decoding=\"async\" src=\"https:\/\/www.blackmoongastrobar.com\/wp-content\/uploads\/2026\/02\/IMAGEM-3.jpg\" class=\"image-front attachment-full\" alt=\"image front\" data-sampler=\"texture0\">\r\n                                                                    <\/div>\r\n    <\/div>\r\n<\/div>\t\t\t\t<\/div>\n\t\t\t\t<\/div>\n\t\t            <\/div>\r\n        <\/div>\r\n        \t\t\t<\/div>\n\t\t<\/section>\n\t\t\t\t<\/div>\n\t\t","protected":false},"excerpt":{"rendered":"<p>R\u00c9SERVER UNE TABLE CHAMPAGNE BAR Au BLACK MOON, le Champagne Bar de Lisbonne se r\u00e9v\u00e8le comme un lieu de c\u00e9l\u00e9bration et de d\u00e9couvertes d\u2019exception. Les grandes maisons et leurs cuv\u00e9es d\u2019exception se d\u00e9gustent au verre ou \u00e0 la bouteille, dans une atmosph\u00e8re o\u00f9 l\u2019\u00e9l\u00e9gance se ressent \u00e0 chaque d\u00e9tail et o\u00f9 chaque instant se savoure [&hellip;]<\/p>\n","protected":false},"author":1,"featured_media":0,"parent":0,"menu_order":0,"comment_status":"closed","ping_status":"closed","template":"","meta":{"footnotes":"","_links_to":"","_links_to_target":""},"class_list":["post-12447","page","type-page","status-publish","hentry"],"yoast_head":"<!-- This site is optimized with the Yoast SEO plugin v27.0 - https:\/\/yoast.com\/product\/yoast-seo-wordpress\/ -->\n<title>Champagne Bar - BLACK MOON Gastrobar<\/title>\n<meta name=\"description\" content=\"Le Bar \u00e0 Champagne du Black Moon propose une s\u00e9lection soign\u00e9e de champagnes et de cocktails premium, dans un cadre sophistiqu\u00e9 au c\u0153ur de Lisbonne.\" \/>\n<meta name=\"robots\" content=\"index, follow, max-snippet:-1, max-image-preview:large, max-video-preview:-1\" \/>\n<link rel=\"canonical\" href=\"https:\/\/www.blackmoongastrobar.com\/fr\/champagne-bar\/\" \/>\n<meta property=\"og:locale\" content=\"fr_FR\" \/>\n<meta property=\"og:type\" content=\"article\" \/>\n<meta property=\"og:title\" content=\"Champagne Bar - BLACK MOON Gastrobar\" \/>\n<meta property=\"og:description\" content=\"Le Bar \u00e0 Champagne du Black Moon propose une s\u00e9lection soign\u00e9e de champagnes et de cocktails premium, dans un cadre sophistiqu\u00e9 au c\u0153ur de Lisbonne.\" \/>\n<meta property=\"og:url\" content=\"https:\/\/www.blackmoongastrobar.com\/fr\/champagne-bar\/\" \/>\n<meta property=\"og:site_name\" content=\"BLACK MOON Gastrobar\" \/>\n<meta property=\"article:modified_time\" content=\"2026-04-10T11:22:15+00:00\" \/>\n<meta property=\"og:image\" content=\"https:\/\/www.blackmoongastrobar.com\/wp-content\/uploads\/2026\/02\/Champagne-Bar-BLACK-MOON.jpg\" \/>\n<meta name=\"twitter:card\" content=\"summary_large_image\" \/>\n<meta name=\"twitter:label1\" content=\"Dur\u00e9e de lecture estim\u00e9e\" \/>\n\t<meta name=\"twitter:data1\" content=\"3 minutes\" \/>\n<script type=\"application\/ld+json\" class=\"yoast-schema-graph\">{\"@context\":\"https:\/\/schema.org\",\"@graph\":[{\"@type\":\"WebPage\",\"@id\":\"https:\/\/www.blackmoongastrobar.com\/fr\/champagne-bar\/\",\"url\":\"https:\/\/www.blackmoongastrobar.com\/fr\/champagne-bar\/\",\"name\":\"Champagne Bar - BLACK MOON Gastrobar\",\"isPartOf\":{\"@id\":\"https:\/\/www.blackmoongastrobar.com\/#website\"},\"primaryImageOfPage\":{\"@id\":\"https:\/\/www.blackmoongastrobar.com\/fr\/champagne-bar\/#primaryimage\"},\"image\":{\"@id\":\"https:\/\/www.blackmoongastrobar.com\/fr\/champagne-bar\/#primaryimage\"},\"thumbnailUrl\":\"https:\/\/www.blackmoongastrobar.com\/wp-content\/uploads\/2026\/02\/Champagne-Bar-BLACK-MOON.jpg\",\"datePublished\":\"2026-02-23T17:26:53+00:00\",\"dateModified\":\"2026-04-10T11:22:15+00:00\",\"description\":\"Le Bar \u00e0 Champagne du Black Moon propose une s\u00e9lection soign\u00e9e de champagnes et de cocktails premium, dans un cadre sophistiqu\u00e9 au c\u0153ur de Lisbonne.\",\"breadcrumb\":{\"@id\":\"https:\/\/www.blackmoongastrobar.com\/fr\/champagne-bar\/#breadcrumb\"},\"inLanguage\":\"fr-FR\",\"potentialAction\":[{\"@type\":\"ReadAction\",\"target\":[\"https:\/\/www.blackmoongastrobar.com\/fr\/champagne-bar\/\"]}]},{\"@type\":\"ImageObject\",\"inLanguage\":\"fr-FR\",\"@id\":\"https:\/\/www.blackmoongastrobar.com\/fr\/champagne-bar\/#primaryimage\",\"url\":\"https:\/\/www.blackmoongastrobar.com\/wp-content\/uploads\/2026\/02\/Champagne-Bar-BLACK-MOON.jpg\",\"contentUrl\":\"https:\/\/www.blackmoongastrobar.com\/wp-content\/uploads\/2026\/02\/Champagne-Bar-BLACK-MOON.jpg\"},{\"@type\":\"BreadcrumbList\",\"@id\":\"https:\/\/www.blackmoongastrobar.com\/fr\/champagne-bar\/#breadcrumb\",\"itemListElement\":[{\"@type\":\"ListItem\",\"position\":1,\"name\":\"In\u00edcio\",\"item\":\"https:\/\/www.blackmoongastrobar.com\/\"},{\"@type\":\"ListItem\",\"position\":2,\"name\":\"Bar \u00e0 Champagne\"}]},{\"@type\":\"WebSite\",\"@id\":\"https:\/\/www.blackmoongastrobar.com\/#website\",\"url\":\"https:\/\/www.blackmoongastrobar.com\/\",\"name\":\"BLACK MOON Gastrobar\",\"description\":\"\",\"publisher\":{\"@id\":\"https:\/\/www.blackmoongastrobar.com\/#organization\"},\"potentialAction\":[{\"@type\":\"SearchAction\",\"target\":{\"@type\":\"EntryPoint\",\"urlTemplate\":\"https:\/\/www.blackmoongastrobar.com\/?s={search_term_string}\"},\"query-input\":{\"@type\":\"PropertyValueSpecification\",\"valueRequired\":true,\"valueName\":\"search_term_string\"}}],\"inLanguage\":\"fr-FR\"},{\"@type\":\"Organization\",\"@id\":\"https:\/\/www.blackmoongastrobar.com\/#organization\",\"name\":\"BLACK MOON Gastrobar\",\"url\":\"https:\/\/www.blackmoongastrobar.com\/\",\"logo\":{\"@type\":\"ImageObject\",\"inLanguage\":\"fr-FR\",\"@id\":\"https:\/\/www.blackmoongastrobar.com\/#\/schema\/logo\/image\/\",\"url\":\"https:\/\/www.blackmoongastrobar.com\/wp-content\/uploads\/2023\/11\/BLACK-MOON-espaco-interior-Lisboa.jpg\",\"contentUrl\":\"https:\/\/www.blackmoongastrobar.com\/wp-content\/uploads\/2023\/11\/BLACK-MOON-espaco-interior-Lisboa.jpg\",\"width\":1170,\"height\":700,\"caption\":\"BLACK MOON Gastrobar\"},\"image\":{\"@id\":\"https:\/\/www.blackmoongastrobar.com\/#\/schema\/logo\/image\/\"}}]}<\/script>\n<!-- \/ Yoast SEO plugin. -->","yoast_head_json":{"title":"Champagne Bar - BLACK MOON Gastrobar","description":"Le Bar \u00e0 Champagne du Black Moon propose une s\u00e9lection soign\u00e9e de champagnes et de cocktails premium, dans un cadre sophistiqu\u00e9 au c\u0153ur de Lisbonne.","robots":{"index":"index","follow":"follow","max-snippet":"max-snippet:-1","max-image-preview":"max-image-preview:large","max-video-preview":"max-video-preview:-1"},"canonical":"https:\/\/www.blackmoongastrobar.com\/fr\/champagne-bar\/","og_locale":"fr_FR","og_type":"article","og_title":"Champagne Bar - BLACK MOON Gastrobar","og_description":"Le Bar \u00e0 Champagne du Black Moon propose une s\u00e9lection soign\u00e9e de champagnes et de cocktails premium, dans un cadre sophistiqu\u00e9 au c\u0153ur de Lisbonne.","og_url":"https:\/\/www.blackmoongastrobar.com\/fr\/champagne-bar\/","og_site_name":"BLACK MOON Gastrobar","article_modified_time":"2026-04-10T11:22:15+00:00","og_image":[{"url":"https:\/\/www.blackmoongastrobar.com\/wp-content\/uploads\/2026\/02\/Champagne-Bar-BLACK-MOON.jpg","type":"","width":"","height":""}],"twitter_card":"summary_large_image","twitter_misc":{"Dur\u00e9e de lecture estim\u00e9e":"3 minutes"},"schema":{"@context":"https:\/\/schema.org","@graph":[{"@type":"WebPage","@id":"https:\/\/www.blackmoongastrobar.com\/fr\/champagne-bar\/","url":"https:\/\/www.blackmoongastrobar.com\/fr\/champagne-bar\/","name":"Champagne Bar - BLACK MOON Gastrobar","isPartOf":{"@id":"https:\/\/www.blackmoongastrobar.com\/#website"},"primaryImageOfPage":{"@id":"https:\/\/www.blackmoongastrobar.com\/fr\/champagne-bar\/#primaryimage"},"image":{"@id":"https:\/\/www.blackmoongastrobar.com\/fr\/champagne-bar\/#primaryimage"},"thumbnailUrl":"https:\/\/www.blackmoongastrobar.com\/wp-content\/uploads\/2026\/02\/Champagne-Bar-BLACK-MOON.jpg","datePublished":"2026-02-23T17:26:53+00:00","dateModified":"2026-04-10T11:22:15+00:00","description":"Le Bar \u00e0 Champagne du Black Moon propose une s\u00e9lection soign\u00e9e de champagnes et de cocktails premium, dans un cadre sophistiqu\u00e9 au c\u0153ur de Lisbonne.","breadcrumb":{"@id":"https:\/\/www.blackmoongastrobar.com\/fr\/champagne-bar\/#breadcrumb"},"inLanguage":"fr-FR","potentialAction":[{"@type":"ReadAction","target":["https:\/\/www.blackmoongastrobar.com\/fr\/champagne-bar\/"]}]},{"@type":"ImageObject","inLanguage":"fr-FR","@id":"https:\/\/www.blackmoongastrobar.com\/fr\/champagne-bar\/#primaryimage","url":"https:\/\/www.blackmoongastrobar.com\/wp-content\/uploads\/2026\/02\/Champagne-Bar-BLACK-MOON.jpg","contentUrl":"https:\/\/www.blackmoongastrobar.com\/wp-content\/uploads\/2026\/02\/Champagne-Bar-BLACK-MOON.jpg"},{"@type":"BreadcrumbList","@id":"https:\/\/www.blackmoongastrobar.com\/fr\/champagne-bar\/#breadcrumb","itemListElement":[{"@type":"ListItem","position":1,"name":"In\u00edcio","item":"https:\/\/www.blackmoongastrobar.com\/"},{"@type":"ListItem","position":2,"name":"Bar \u00e0 Champagne"}]},{"@type":"WebSite","@id":"https:\/\/www.blackmoongastrobar.com\/#website","url":"https:\/\/www.blackmoongastrobar.com\/","name":"BLACK MOON Gastrobar","description":"","publisher":{"@id":"https:\/\/www.blackmoongastrobar.com\/#organization"},"potentialAction":[{"@type":"SearchAction","target":{"@type":"EntryPoint","urlTemplate":"https:\/\/www.blackmoongastrobar.com\/?s={search_term_string}"},"query-input":{"@type":"PropertyValueSpecification","valueRequired":true,"valueName":"search_term_string"}}],"inLanguage":"fr-FR"},{"@type":"Organization","@id":"https:\/\/www.blackmoongastrobar.com\/#organization","name":"BLACK MOON Gastrobar","url":"https:\/\/www.blackmoongastrobar.com\/","logo":{"@type":"ImageObject","inLanguage":"fr-FR","@id":"https:\/\/www.blackmoongastrobar.com\/#\/schema\/logo\/image\/","url":"https:\/\/www.blackmoongastrobar.com\/wp-content\/uploads\/2023\/11\/BLACK-MOON-espaco-interior-Lisboa.jpg","contentUrl":"https:\/\/www.blackmoongastrobar.com\/wp-content\/uploads\/2023\/11\/BLACK-MOON-espaco-interior-Lisboa.jpg","width":1170,"height":700,"caption":"BLACK MOON Gastrobar"},"image":{"@id":"https:\/\/www.blackmoongastrobar.com\/#\/schema\/logo\/image\/"}}]}},"_links":{"self":[{"href":"https:\/\/www.blackmoongastrobar.com\/fr\/wp-json\/wp\/v2\/pages\/12447","targetHints":{"allow":["GET"]}}],"collection":[{"href":"https:\/\/www.blackmoongastrobar.com\/fr\/wp-json\/wp\/v2\/pages"}],"about":[{"href":"https:\/\/www.blackmoongastrobar.com\/fr\/wp-json\/wp\/v2\/types\/page"}],"author":[{"embeddable":true,"href":"https:\/\/www.blackmoongastrobar.com\/fr\/wp-json\/wp\/v2\/users\/1"}],"replies":[{"embeddable":true,"href":"https:\/\/www.blackmoongastrobar.com\/fr\/wp-json\/wp\/v2\/comments?post=12447"}],"version-history":[{"count":5,"href":"https:\/\/www.blackmoongastrobar.com\/fr\/wp-json\/wp\/v2\/pages\/12447\/revisions"}],"predecessor-version":[{"id":12455,"href":"https:\/\/www.blackmoongastrobar.com\/fr\/wp-json\/wp\/v2\/pages\/12447\/revisions\/12455"}],"wp:attachment":[{"href":"https:\/\/www.blackmoongastrobar.com\/fr\/wp-json\/wp\/v2\/media?parent=12447"}],"curies":[{"name":"wp","href":"https:\/\/api.w.org\/{rel}","templated":true}]}}