{"id":12432,"date":"2026-02-24T11:07:41","date_gmt":"2026-02-24T11:07:41","guid":{"rendered":"https:\/\/www.blackmoongastrobar.com\/chef\/"},"modified":"2026-04-10T11:11:49","modified_gmt":"2026-04-10T11:11:49","slug":"chef","status":"publish","type":"page","link":"https:\/\/www.blackmoongastrobar.com\/fr\/chef\/","title":{"rendered":"Chef"},"content":{"rendered":"\t\t<div data-elementor-type=\"wp-page\" data-elementor-id=\"12432\" class=\"elementor elementor-12432 elementor-11058\">\n\t\t\t\t        <section class=\"elementor-section elementor-top-section elementor-element elementor-element-70c68da elementor-section-boxed elementor-section-height-default elementor-section-height-default pxl-row-scroll-none pxl-show-grid-none pxl-section-bg-none pxl-section-grid-bg-false\" data-id=\"70c68da\" data-element_type=\"section\" data-e-type=\"section\" id=\"sticky-reserva-bar\">\n\n                \n                <div class=\"elementor-container elementor-column-gap-default \">\n                <div class=\"elementor-column elementor-col-100 elementor-top-column elementor-element elementor-element-a70c22d pxl-column-none\" data-id=\"a70c22d\" data-element_type=\"column\" data-e-type=\"column\">\r\n        <div class=\"elementor-widget-wrap elementor-element-populated\">\r\n                     \r\n        \t\t<div class=\"elementor-element elementor-element-ad2786f elementor-widget elementor-widget-html\" data-id=\"ad2786f\" data-element_type=\"widget\" data-e-type=\"widget\" data-widget_type=\"html.default\">\n\t\t\t\t\t<a id=\"sticky-reserva-link\" class=\"sticky-reserva__link\" href=\"https:\/\/www.blackmoongastrobar.com\/fr\/reservations\/\" aria-label=\"Reservar mesa\">\r\n  <span class=\"sticky-reserva__label\">RESERVER UNE TABLE<\/span>\r\n<\/a>\r\n\t\t\t\t<\/div>\n\t\t            <\/div>\r\n        <\/div>\r\n        \t\t\t<\/div>\n\t\t<\/section>\n\t\t        <section class=\"elementor-section elementor-top-section elementor-element elementor-element-7997ce6 elementor-section-content-middle elementor-section-boxed elementor-section-height-default elementor-section-height-default pxl-row-scroll-none pxl-show-grid-none pxl-section-bg-none pxl-section-grid-bg-false\" data-id=\"7997ce6\" data-element_type=\"section\" data-e-type=\"section\">\n\n                \n                <div class=\"elementor-container elementor-column-gap-default \">\n                <div class=\"elementor-column elementor-col-50 elementor-top-column elementor-element elementor-element-73b75f0 pxl-column-none\" data-id=\"73b75f0\" data-element_type=\"column\" data-e-type=\"column\">\r\n        <div class=\"elementor-widget-wrap elementor-element-populated\">\r\n                     \r\n        \t\t<div class=\"elementor-element elementor-element-0275c75 elementor-widget elementor-widget-pxl_heading\" data-id=\"0275c75\" data-element_type=\"widget\" data-e-type=\"widget\" data-widget_type=\"pxl_heading.default\">\n\t\t\t\t<div class=\"elementor-widget-container\">\n\t\t\t\t\t<div class=\"pxl-heading  \">\n\t<div class=\"pxl-heading--inner \">\n\t\t\t\t\t<div class=\"pxl-item--subtitle \" data-wow-delay=\"ms\" data-wow-duration=\"1.2s\"><span>H\u00c9RITAGE, INTENSITE ET \u00c2ME<\/span><\/div>\n\t\t\t\t<h1 class=\"pxl-item--title style1 divider-none  wow skewInRight \" data-wow-delay=\"ms\" data-wow-duration=\"1.2s\">\n\t\t\tCHEF LUIS ORTIZ\t\t\t\t\t<\/h1>\n\t<\/div>\n<\/div>\n\t\t\t\t<\/div>\n\t\t\t\t<\/div>\n\t\t\t\t<div class=\"elementor-element elementor-element-5d14dea elementor-widget-tablet__width-initial elementor-widget elementor-widget-pxl_image_box\" data-id=\"5d14dea\" data-element_type=\"widget\" data-e-type=\"widget\" data-widget_type=\"pxl_image_box.default\">\n\t\t\t\t<div class=\"elementor-widget-container\">\n\t\t\t\t\t<div class=\"pxl-image-box pxl-image-box1 wave \" data-wow-delay=\"ms\" data-wow-duration=\"1.2s\">\r\n    <div class=\"pxl-item--inner\">\r\n                <div class=\"canvas\"><\/div>\r\n        <div class=\"item--image\">\r\n                                                <img decoding=\"async\" src=\"https:\/\/www.blackmoongastrobar.com\/wp-content\/uploads\/2026\/02\/Chef-Luis-Ortiz.jpg\" class=\"image-front attachment-full\" alt=\"image front\" data-sampler=\"texture0\">\r\n                                                                    <\/div>\r\n    <\/div>\r\n<\/div>\t\t\t\t<\/div>\n\t\t\t\t<\/div>\n\t\t            <\/div>\r\n        <\/div>\r\n                <div class=\"elementor-column elementor-col-50 elementor-top-column elementor-element elementor-element-4a4b96a pxl-column-none\" data-id=\"4a4b96a\" data-element_type=\"column\" data-e-type=\"column\">\r\n        <div class=\"elementor-widget-wrap elementor-element-populated\">\r\n                     \r\n        \t\t<div class=\"elementor-element elementor-element-580f2fb6 elementor-widget elementor-widget-pxl_text_editor\" data-id=\"580f2fb6\" data-element_type=\"widget\" data-e-type=\"widget\" data-widget_type=\"pxl_text_editor.default\">\n\t\t\t\t<div class=\"elementor-widget-container\">\n\t\t\t\t\t<div class=\"pxl-text-editor \" data-wow-delay=\"ms\" data-wow-duration=\"1.2s\">\n\t<div class=\"pxl-item--inner    \">\n\t\t<p>Pour le Chef ex\u00e9cutif Lu\u00eds Ortiz, chaque plat est une histoire, un souvenir, une \u00e9motion.<br \/><br \/>De l\u2019effervescence de Guadalajara \u00e0 la cuisine de sa grand-m\u00e8re, il a appris le respect des ingr\u00e9dients, du temps et des traditions. Une identit\u00e9 culinaire marqu\u00e9e par l\u2019intensit\u00e9, la couleur et la pr\u00e9cision se dessine, enrichie par un parcours international dans des \u00e9coles et cuisines renomm\u00e9es, o\u00f9 technique et sensibilit\u00e9 se rencontrent avec \u00e9l\u00e9gance.<br \/><br \/>Form\u00e9 \u00e0 Chicago et en Suisse, le Chef Lu\u00eds Ortiz apporte \u00e0 Lisbonne une vision cosmopolite et contemporaine, o\u00f9 tradition et innovation s\u2019\u00e9quilibrent avec subtilit\u00e9. Au BLACK MOON Gastrobar, il transforme l\u2019h\u00e9ritage en cr\u00e9ations gastronomiques uniques, chaque plat r\u00e9v\u00e9lant profondeur, \u00e9motion et intention, pour une exp\u00e9rience culinaire m\u00e9morable, raffin\u00e9e et immersive.<\/p>\t<\/div>\n<\/div>\n\t\t\t\t<\/div>\n\t\t\t\t<\/div>\n\t\t            <\/div>\r\n        <\/div>\r\n        \t\t\t<\/div>\n\t\t<\/section>\n\t\t        <section class=\"elementor-section elementor-top-section elementor-element elementor-element-cd66558 elementor-section-boxed elementor-section-height-default elementor-section-height-default pxl-row-scroll-none pxl-show-grid-none pxl-section-bg-none pxl-section-grid-bg-false\" data-id=\"cd66558\" data-element_type=\"section\" data-e-type=\"section\" id=\"team\">\n\n                \n                <div class=\"elementor-container elementor-column-gap-default \">\n                <div class=\"elementor-column elementor-col-100 elementor-top-column elementor-element elementor-element-0f35db2 pxl-column-none\" data-id=\"0f35db2\" data-element_type=\"column\" data-e-type=\"column\">\r\n        <div class=\"elementor-widget-wrap elementor-element-populated\">\r\n                     \r\n        \t\t<div class=\"elementor-element elementor-element-b93574c elementor-widget elementor-widget-pxl_heading\" data-id=\"b93574c\" data-element_type=\"widget\" data-e-type=\"widget\" data-widget_type=\"pxl_heading.default\">\n\t\t\t\t<div class=\"elementor-widget-container\">\n\t\t\t\t\t<div class=\"pxl-heading  \">\n\t<div class=\"pxl-heading--inner \">\n\t\t\t\t<h2 class=\"pxl-item--title style1 divider-top  wow fadeInUp \" data-wow-delay=\"ms\" data-wow-duration=\"1.2s\">\n\t\t\tL&#8217;\u00c9QUIPE\t\t\t\t\t<\/h2>\n\t<\/div>\n<\/div>\n\t\t\t\t<\/div>\n\t\t\t\t<\/div>\n\t\t            <\/div>\r\n        <\/div>\r\n        \t\t\t<\/div>\n\t\t<\/section>\n\t\t        <section class=\"elementor-section elementor-top-section elementor-element elementor-element-3665962 elementor-section-boxed elementor-section-height-default elementor-section-height-default pxl-row-scroll-none pxl-show-grid-none pxl-section-bg-none pxl-section-grid-bg-false\" data-id=\"3665962\" data-element_type=\"section\" data-e-type=\"section\">\n\n                \n                <div class=\"elementor-container elementor-column-gap-default \">\n                <div class=\"elementor-column elementor-col-100 elementor-top-column elementor-element elementor-element-943f4f1 pxl-column-none\" data-id=\"943f4f1\" data-element_type=\"column\" data-e-type=\"column\">\r\n        <div class=\"elementor-widget-wrap elementor-element-populated\">\r\n                     \r\n                <section class=\"elementor-section elementor-inner-section elementor-element elementor-element-e391288 elementor-section-boxed elementor-section-height-default elementor-section-height-default pxl-row-scroll-none pxl-show-grid-none pxl-section-bg-none pxl-section-grid-bg-false\" data-id=\"e391288\" data-element_type=\"section\" data-e-type=\"section\">\n\n                \n                <div class=\"elementor-container elementor-column-gap-no \">\n                <div class=\"elementor-column elementor-col-33 elementor-inner-column elementor-element elementor-element-120cd4c pxl-column-none\" data-id=\"120cd4c\" data-element_type=\"column\" data-e-type=\"column\">\r\n        <div class=\"elementor-widget-wrap elementor-element-populated\">\r\n                     \r\n        \t\t<div class=\"elementor-element elementor-element-ad3d96b elementor-widget elementor-widget-pxl_heading\" data-id=\"ad3d96b\" data-element_type=\"widget\" data-e-type=\"widget\" data-widget_type=\"pxl_heading.default\">\n\t\t\t\t<div class=\"elementor-widget-container\">\n\t\t\t\t\t<div class=\"pxl-heading  \">\n\t<div class=\"pxl-heading--inner \">\n\t\t\t\t<h3 class=\"pxl-item--title style1 divider-none pxl-split-text split-in-left  \" data-wow-delay=\"ms\" data-wow-duration=\"1.2s\">\n\t\t\tPEDRO CALDAS\n\t\t\t\t\t<\/h3>\n\t<\/div>\n<\/div>\n\t\t\t\t<\/div>\n\t\t\t\t<\/div>\n\t\t\t\t<div class=\"elementor-element elementor-element-db48cf8 elementor-widget elementor-widget-pxl_text_editor\" data-id=\"db48cf8\" data-element_type=\"widget\" data-e-type=\"widget\" data-widget_type=\"pxl_text_editor.default\">\n\t\t\t\t<div class=\"elementor-widget-container\">\n\t\t\t\t\t<div class=\"pxl-text-editor \" data-wow-delay=\"ms\" data-wow-duration=\"1.2s\">\n\t<div class=\"pxl-item--inner    \">\n\t\t<p><span data-sheets-root=\"1\">Gastrobar Manager &amp; Head Sommelier<\/span><\/p>\t<\/div>\n<\/div>\n\t\t\t\t<\/div>\n\t\t\t\t<\/div>\n\t\t\t\t<div class=\"elementor-element elementor-element-57b9bd6 elementor-widget elementor-widget-pxl_text_editor\" data-id=\"57b9bd6\" data-element_type=\"widget\" data-e-type=\"widget\" data-widget_type=\"pxl_text_editor.default\">\n\t\t\t\t<div class=\"elementor-widget-container\">\n\t\t\t\t\t<div class=\"pxl-text-editor \" data-wow-delay=\"ms\" data-wow-duration=\"1.2s\">\n\t<div class=\"pxl-item--inner    \">\n\t\t<strong>L\u2019EXPERT DES VINS ET CHAMPAGNES<\/strong> <br> \nAu BLACK MOON Gastrobar, Pedro Caldas, Gastrobar Manager orchestre le dialogue entre le verre et l\u2019assiette. Gr\u00e2ce \u00e0 une s\u00e9lection de vins exceptionnelle, Gastrobar Manager Pedro Caldas guide des exp\u00e9riences o\u00f9 vin et gastronomie s\u2019entrelassent avec passion. Son objectif : une attention m\u00e9ticuleuse aux d\u00e9tails pour que chaque accord se d\u00e9roule avec sublimit\u00e9.\n\nAvec un service sensible et raffin\u00e9, Pedro Caldas transforme chaque vin en une histoire, servie au bon moment, \u00e0 la bonne table, \u00e9levant chaque d\u00e9gustation en un v\u00e9ritable rituel de plaisir.&#8221;\t<\/div>\n<\/div>\n\t\t\t\t<\/div>\n\t\t\t\t<\/div>\n\t\t            <\/div>\r\n        <\/div>\r\n                <div class=\"elementor-column elementor-col-33 elementor-inner-column elementor-element elementor-element-3f92ecb pxl-column-none\" data-id=\"3f92ecb\" data-element_type=\"column\" data-e-type=\"column\">\r\n        <div class=\"elementor-widget-wrap\">\r\n                     \r\n                    <\/div>\r\n        <\/div>\r\n                <div class=\"elementor-column elementor-col-33 elementor-inner-column elementor-element elementor-element-078e6c3 pxl-column-none\" data-id=\"078e6c3\" data-element_type=\"column\" data-e-type=\"column\">\r\n        <div class=\"elementor-widget-wrap elementor-element-populated\">\r\n                     \r\n        \t\t<div class=\"elementor-element elementor-element-3e38e0d elementor-widget elementor-widget-pxl_heading\" data-id=\"3e38e0d\" data-element_type=\"widget\" data-e-type=\"widget\" data-widget_type=\"pxl_heading.default\">\n\t\t\t\t<div class=\"elementor-widget-container\">\n\t\t\t\t\t<div class=\"pxl-heading  \">\n\t<div class=\"pxl-heading--inner \">\n\t\t\t\t<h3 class=\"pxl-item--title style1 divider-none pxl-split-text split-in-left  \" data-wow-delay=\"ms\" data-wow-duration=\"1.2s\">\n\t\t\tHUGO CARVALHO \n\t\t\t\t\t<\/h3>\n\t<\/div>\n<\/div>\n\t\t\t\t<\/div>\n\t\t\t\t<\/div>\n\t\t\t\t<div class=\"elementor-element elementor-element-c25f20f elementor-widget elementor-widget-pxl_text_editor\" data-id=\"c25f20f\" data-element_type=\"widget\" data-e-type=\"widget\" data-widget_type=\"pxl_text_editor.default\">\n\t\t\t\t<div class=\"elementor-widget-container\">\n\t\t\t\t\t<div class=\"pxl-text-editor \" data-wow-delay=\"ms\" data-wow-duration=\"1.2s\">\n\t<div class=\"pxl-item--inner    \">\n\t\t<p><span data-sheets-root=\"1\">Bar Manager &amp; Mixologue<\/span><\/p>\t<\/div>\n<\/div>\n\t\t\t\t<\/div>\n\t\t\t\t<\/div>\n\t\t\t\t<div class=\"elementor-element elementor-element-6914a03 elementor-widget elementor-widget-pxl_text_editor\" data-id=\"6914a03\" data-element_type=\"widget\" data-e-type=\"widget\" data-widget_type=\"pxl_text_editor.default\">\n\t\t\t\t<div class=\"elementor-widget-container\">\n\t\t\t\t\t<div class=\"pxl-text-editor \" data-wow-delay=\"ms\" data-wow-duration=\"1.2s\">\n\t<div class=\"pxl-item--inner    \">\n\t\t<strong>L&#8217;ART DE LA MIXOLOGIE<\/strong> <br>\n&#8220;Pour Hugo Carvalho, Bar Manager, la mixologie est un rituel sensoriel, o\u00f9 technique et cr\u00e9ativit\u00e9 fusionnent. Chaque cocktail raconte une histoire, une composition pr\u00e9cise qui transforme l\u2019instant en souvenir inoubliable.\n \n Au BLACK MOON Gastrobar, Hugo Carvalho m\u00eale \u00e9l\u00e9gance et innovation, insufflant une magie subtile qui rend chaque moment extraordinaire et enveloppant pour tous les convives.\n \n Chaque cr\u00e9ation exprime ma\u00eetrise et sensibilit\u00e9, o\u00f9 chaque geste est pens\u00e9 pour \u00e9veiller les sens, captiver l\u2019attention et prolonger le plaisir, offrant ainsi une exp\u00e9rience de mixologie unique et m\u00e9morable.&#8221;\t<\/div>\n<\/div>\n\t\t\t\t<\/div>\n\t\t\t\t<\/div>\n\t\t            <\/div>\r\n        <\/div>\r\n        \t\t\t<\/div>\n\t\t<\/section>\n\t\t            <\/div>\r\n        <\/div>\r\n        \t\t\t<\/div>\n\t\t<\/section>\n\t\t\t\t<\/div>\n\t\t","protected":false},"excerpt":{"rendered":"<p>RESERVER UNE TABLE H\u00c9RITAGE, INTENSITE ET \u00c2ME CHEF LUIS ORTIZ Pour le Chef ex\u00e9cutif Lu\u00eds Ortiz, chaque plat est une histoire, un souvenir, une \u00e9motion. De l\u2019effervescence de Guadalajara \u00e0 la cuisine de sa grand-m\u00e8re, il a appris le respect des ingr\u00e9dients, du temps et des traditions. Une identit\u00e9 culinaire marqu\u00e9e par l\u2019intensit\u00e9, la couleur [&hellip;]<\/p>\n","protected":false},"author":1,"featured_media":0,"parent":0,"menu_order":0,"comment_status":"closed","ping_status":"closed","template":"","meta":{"footnotes":"","_links_to":"","_links_to_target":""},"class_list":["post-12432","page","type-page","status-publish","hentry"],"yoast_head":"<!-- This site is optimized with the Yoast SEO plugin v27.0 - https:\/\/yoast.com\/product\/yoast-seo-wordpress\/ -->\n<title>Chef - BLACK MOON Gastrobar<\/title>\n<meta name=\"robots\" content=\"index, follow, max-snippet:-1, max-image-preview:large, max-video-preview:-1\" \/>\n<link rel=\"canonical\" href=\"https:\/\/www.blackmoongastrobar.com\/fr\/chef\/\" \/>\n<meta property=\"og:locale\" content=\"fr_FR\" \/>\n<meta property=\"og:type\" content=\"article\" \/>\n<meta property=\"og:title\" content=\"Chef - BLACK MOON Gastrobar\" \/>\n<meta property=\"og:description\" content=\"RESERVER UNE TABLE H\u00c9RITAGE, INTENSITE ET \u00c2ME CHEF LUIS ORTIZ Pour le Chef ex\u00e9cutif Lu\u00eds Ortiz, chaque plat est une histoire, un souvenir, une \u00e9motion. De l\u2019effervescence de Guadalajara \u00e0 la cuisine de sa grand-m\u00e8re, il a appris le respect des ingr\u00e9dients, du temps et des traditions. Une identit\u00e9 culinaire marqu\u00e9e par l\u2019intensit\u00e9, la couleur [&hellip;]\" \/>\n<meta property=\"og:url\" content=\"https:\/\/www.blackmoongastrobar.com\/fr\/chef\/\" \/>\n<meta property=\"og:site_name\" content=\"BLACK MOON Gastrobar\" \/>\n<meta property=\"article:modified_time\" content=\"2026-04-10T11:11:49+00:00\" \/>\n<meta property=\"og:image\" content=\"https:\/\/www.blackmoongastrobar.com\/wp-content\/uploads\/2026\/02\/Chef-Luis-Ortiz.jpg\" \/>\n<meta name=\"twitter:card\" content=\"summary_large_image\" \/>\n<meta name=\"twitter:label1\" content=\"Dur\u00e9e de lecture estim\u00e9e\" \/>\n\t<meta name=\"twitter:data1\" content=\"2 minutes\" \/>\n<script type=\"application\/ld+json\" class=\"yoast-schema-graph\">{\"@context\":\"https:\/\/schema.org\",\"@graph\":[{\"@type\":\"WebPage\",\"@id\":\"https:\/\/www.blackmoongastrobar.com\/fr\/chef\/\",\"url\":\"https:\/\/www.blackmoongastrobar.com\/fr\/chef\/\",\"name\":\"Chef - BLACK MOON Gastrobar\",\"isPartOf\":{\"@id\":\"https:\/\/www.blackmoongastrobar.com\/#website\"},\"primaryImageOfPage\":{\"@id\":\"https:\/\/www.blackmoongastrobar.com\/fr\/chef\/#primaryimage\"},\"image\":{\"@id\":\"https:\/\/www.blackmoongastrobar.com\/fr\/chef\/#primaryimage\"},\"thumbnailUrl\":\"https:\/\/www.blackmoongastrobar.com\/wp-content\/uploads\/2026\/02\/Chef-Luis-Ortiz.jpg\",\"datePublished\":\"2026-02-24T11:07:41+00:00\",\"dateModified\":\"2026-04-10T11:11:49+00:00\",\"breadcrumb\":{\"@id\":\"https:\/\/www.blackmoongastrobar.com\/fr\/chef\/#breadcrumb\"},\"inLanguage\":\"fr-FR\",\"potentialAction\":[{\"@type\":\"ReadAction\",\"target\":[\"https:\/\/www.blackmoongastrobar.com\/fr\/chef\/\"]}]},{\"@type\":\"ImageObject\",\"inLanguage\":\"fr-FR\",\"@id\":\"https:\/\/www.blackmoongastrobar.com\/fr\/chef\/#primaryimage\",\"url\":\"https:\/\/www.blackmoongastrobar.com\/wp-content\/uploads\/2026\/02\/Chef-Luis-Ortiz.jpg\",\"contentUrl\":\"https:\/\/www.blackmoongastrobar.com\/wp-content\/uploads\/2026\/02\/Chef-Luis-Ortiz.jpg\"},{\"@type\":\"BreadcrumbList\",\"@id\":\"https:\/\/www.blackmoongastrobar.com\/fr\/chef\/#breadcrumb\",\"itemListElement\":[{\"@type\":\"ListItem\",\"position\":1,\"name\":\"In\u00edcio\",\"item\":\"https:\/\/www.blackmoongastrobar.com\/\"},{\"@type\":\"ListItem\",\"position\":2,\"name\":\"Chef\"}]},{\"@type\":\"WebSite\",\"@id\":\"https:\/\/www.blackmoongastrobar.com\/#website\",\"url\":\"https:\/\/www.blackmoongastrobar.com\/\",\"name\":\"BLACK MOON Gastrobar\",\"description\":\"\",\"publisher\":{\"@id\":\"https:\/\/www.blackmoongastrobar.com\/#organization\"},\"potentialAction\":[{\"@type\":\"SearchAction\",\"target\":{\"@type\":\"EntryPoint\",\"urlTemplate\":\"https:\/\/www.blackmoongastrobar.com\/?s={search_term_string}\"},\"query-input\":{\"@type\":\"PropertyValueSpecification\",\"valueRequired\":true,\"valueName\":\"search_term_string\"}}],\"inLanguage\":\"fr-FR\"},{\"@type\":\"Organization\",\"@id\":\"https:\/\/www.blackmoongastrobar.com\/#organization\",\"name\":\"BLACK MOON Gastrobar\",\"url\":\"https:\/\/www.blackmoongastrobar.com\/\",\"logo\":{\"@type\":\"ImageObject\",\"inLanguage\":\"fr-FR\",\"@id\":\"https:\/\/www.blackmoongastrobar.com\/#\/schema\/logo\/image\/\",\"url\":\"https:\/\/www.blackmoongastrobar.com\/wp-content\/uploads\/2023\/11\/BLACK-MOON-espaco-interior-Lisboa.jpg\",\"contentUrl\":\"https:\/\/www.blackmoongastrobar.com\/wp-content\/uploads\/2023\/11\/BLACK-MOON-espaco-interior-Lisboa.jpg\",\"width\":1170,\"height\":700,\"caption\":\"BLACK MOON Gastrobar\"},\"image\":{\"@id\":\"https:\/\/www.blackmoongastrobar.com\/#\/schema\/logo\/image\/\"}}]}<\/script>\n<!-- \/ Yoast SEO plugin. -->","yoast_head_json":{"title":"Chef - BLACK MOON Gastrobar","robots":{"index":"index","follow":"follow","max-snippet":"max-snippet:-1","max-image-preview":"max-image-preview:large","max-video-preview":"max-video-preview:-1"},"canonical":"https:\/\/www.blackmoongastrobar.com\/fr\/chef\/","og_locale":"fr_FR","og_type":"article","og_title":"Chef - BLACK MOON Gastrobar","og_description":"RESERVER UNE TABLE H\u00c9RITAGE, INTENSITE ET \u00c2ME CHEF LUIS ORTIZ Pour le Chef ex\u00e9cutif Lu\u00eds Ortiz, chaque plat est une histoire, un souvenir, une \u00e9motion. De l\u2019effervescence de Guadalajara \u00e0 la cuisine de sa grand-m\u00e8re, il a appris le respect des ingr\u00e9dients, du temps et des traditions. Une identit\u00e9 culinaire marqu\u00e9e par l\u2019intensit\u00e9, la couleur [&hellip;]","og_url":"https:\/\/www.blackmoongastrobar.com\/fr\/chef\/","og_site_name":"BLACK MOON Gastrobar","article_modified_time":"2026-04-10T11:11:49+00:00","og_image":[{"url":"https:\/\/www.blackmoongastrobar.com\/wp-content\/uploads\/2026\/02\/Chef-Luis-Ortiz.jpg","type":"","width":"","height":""}],"twitter_card":"summary_large_image","twitter_misc":{"Dur\u00e9e de lecture estim\u00e9e":"2 minutes"},"schema":{"@context":"https:\/\/schema.org","@graph":[{"@type":"WebPage","@id":"https:\/\/www.blackmoongastrobar.com\/fr\/chef\/","url":"https:\/\/www.blackmoongastrobar.com\/fr\/chef\/","name":"Chef - BLACK MOON Gastrobar","isPartOf":{"@id":"https:\/\/www.blackmoongastrobar.com\/#website"},"primaryImageOfPage":{"@id":"https:\/\/www.blackmoongastrobar.com\/fr\/chef\/#primaryimage"},"image":{"@id":"https:\/\/www.blackmoongastrobar.com\/fr\/chef\/#primaryimage"},"thumbnailUrl":"https:\/\/www.blackmoongastrobar.com\/wp-content\/uploads\/2026\/02\/Chef-Luis-Ortiz.jpg","datePublished":"2026-02-24T11:07:41+00:00","dateModified":"2026-04-10T11:11:49+00:00","breadcrumb":{"@id":"https:\/\/www.blackmoongastrobar.com\/fr\/chef\/#breadcrumb"},"inLanguage":"fr-FR","potentialAction":[{"@type":"ReadAction","target":["https:\/\/www.blackmoongastrobar.com\/fr\/chef\/"]}]},{"@type":"ImageObject","inLanguage":"fr-FR","@id":"https:\/\/www.blackmoongastrobar.com\/fr\/chef\/#primaryimage","url":"https:\/\/www.blackmoongastrobar.com\/wp-content\/uploads\/2026\/02\/Chef-Luis-Ortiz.jpg","contentUrl":"https:\/\/www.blackmoongastrobar.com\/wp-content\/uploads\/2026\/02\/Chef-Luis-Ortiz.jpg"},{"@type":"BreadcrumbList","@id":"https:\/\/www.blackmoongastrobar.com\/fr\/chef\/#breadcrumb","itemListElement":[{"@type":"ListItem","position":1,"name":"In\u00edcio","item":"https:\/\/www.blackmoongastrobar.com\/"},{"@type":"ListItem","position":2,"name":"Chef"}]},{"@type":"WebSite","@id":"https:\/\/www.blackmoongastrobar.com\/#website","url":"https:\/\/www.blackmoongastrobar.com\/","name":"BLACK MOON Gastrobar","description":"","publisher":{"@id":"https:\/\/www.blackmoongastrobar.com\/#organization"},"potentialAction":[{"@type":"SearchAction","target":{"@type":"EntryPoint","urlTemplate":"https:\/\/www.blackmoongastrobar.com\/?s={search_term_string}"},"query-input":{"@type":"PropertyValueSpecification","valueRequired":true,"valueName":"search_term_string"}}],"inLanguage":"fr-FR"},{"@type":"Organization","@id":"https:\/\/www.blackmoongastrobar.com\/#organization","name":"BLACK MOON Gastrobar","url":"https:\/\/www.blackmoongastrobar.com\/","logo":{"@type":"ImageObject","inLanguage":"fr-FR","@id":"https:\/\/www.blackmoongastrobar.com\/#\/schema\/logo\/image\/","url":"https:\/\/www.blackmoongastrobar.com\/wp-content\/uploads\/2023\/11\/BLACK-MOON-espaco-interior-Lisboa.jpg","contentUrl":"https:\/\/www.blackmoongastrobar.com\/wp-content\/uploads\/2023\/11\/BLACK-MOON-espaco-interior-Lisboa.jpg","width":1170,"height":700,"caption":"BLACK MOON Gastrobar"},"image":{"@id":"https:\/\/www.blackmoongastrobar.com\/#\/schema\/logo\/image\/"}}]}},"_links":{"self":[{"href":"https:\/\/www.blackmoongastrobar.com\/fr\/wp-json\/wp\/v2\/pages\/12432","targetHints":{"allow":["GET"]}}],"collection":[{"href":"https:\/\/www.blackmoongastrobar.com\/fr\/wp-json\/wp\/v2\/pages"}],"about":[{"href":"https:\/\/www.blackmoongastrobar.com\/fr\/wp-json\/wp\/v2\/types\/page"}],"author":[{"embeddable":true,"href":"https:\/\/www.blackmoongastrobar.com\/fr\/wp-json\/wp\/v2\/users\/1"}],"replies":[{"embeddable":true,"href":"https:\/\/www.blackmoongastrobar.com\/fr\/wp-json\/wp\/v2\/comments?post=12432"}],"version-history":[{"count":5,"href":"https:\/\/www.blackmoongastrobar.com\/fr\/wp-json\/wp\/v2\/pages\/12432\/revisions"}],"predecessor-version":[{"id":12438,"href":"https:\/\/www.blackmoongastrobar.com\/fr\/wp-json\/wp\/v2\/pages\/12432\/revisions\/12438"}],"wp:attachment":[{"href":"https:\/\/www.blackmoongastrobar.com\/fr\/wp-json\/wp\/v2\/media?parent=12432"}],"curies":[{"name":"wp","href":"https:\/\/api.w.org\/{rel}","templated":true}]}}