{"id":12662,"date":"2026-03-06T16:26:01","date_gmt":"2026-03-06T16:26:01","guid":{"rendered":"https:\/\/www.blackmoongastrobar.com\/pedido-de-evento\/"},"modified":"2026-04-15T09:46:25","modified_gmt":"2026-04-15T09:46:25","slug":"pedido-de-evento","status":"publish","type":"page","link":"https:\/\/www.blackmoongastrobar.com\/es\/pedido-de-evento\/","title":{"rendered":"Pedido de Evento"},"content":{"rendered":"\t\t<div data-elementor-type=\"wp-page\" data-elementor-id=\"12662\" class=\"elementor elementor-12662 elementor-11847\">\n\t\t\t\t        <section class=\"elementor-section elementor-top-section elementor-element elementor-element-5f7b0c5 pxl-section-bg-normal elementor-section-boxed elementor-section-height-default elementor-section-height-default pxl-row-scroll-none pxl-show-grid-none pxl-section-grid-bg-false\" data-id=\"5f7b0c5\" data-element_type=\"section\" data-e-type=\"section\" data-settings=\"{&quot;background_background&quot;:&quot;classic&quot;}\">\n\n                \n                <div class=\"elementor-container elementor-column-gap-default \">\n                <div class=\"elementor-column elementor-col-100 elementor-top-column elementor-element elementor-element-2387ab8 pxl-column-none\" data-id=\"2387ab8\" data-element_type=\"column\" data-e-type=\"column\" data-settings=\"{&quot;background_background&quot;:&quot;classic&quot;}\">\r\n        <div class=\"elementor-widget-wrap elementor-element-populated\">\r\n                     \r\n        \t\t<div class=\"elementor-element elementor-element-e7d6579 elementor-widget elementor-widget-pxl_heading\" data-id=\"e7d6579\" data-element_type=\"widget\" data-e-type=\"widget\" data-widget_type=\"pxl_heading.default\">\n\t\t\t\t<div class=\"elementor-widget-container\">\n\t\t\t\t\t<div class=\"pxl-heading  \">\n\t<div class=\"pxl-heading--inner \">\n\t\t\t\t<h3 class=\"pxl-item--title style1 divider-top  wow fadeInUp \" data-wow-delay=\"ms\" data-wow-duration=\"1.2s\">\n\t\t\tSOLICITUD DE EVENTO\t\t\t\t\t<\/h3>\n\t<\/div>\n<\/div>\n\t\t\t\t<\/div>\n\t\t\t\t<\/div>\n\t\t\t\t<div class=\"elementor-element elementor-element-c1601f2 elementor-widget elementor-widget-pxl_text_editor\" data-id=\"c1601f2\" data-element_type=\"widget\" data-e-type=\"widget\" data-widget_type=\"pxl_text_editor.default\">\n\t\t\t\t<div class=\"elementor-widget-container\">\n\t\t\t\t\t<div class=\"pxl-text-editor \" data-wow-delay=\"ms\" data-wow-duration=\"1.2s\">\n\t<div class=\"pxl-item--inner    \">\n\t\tBLACK MOON ofrece el ambiente perfecto para celebrar cenas de grupo, fiestas de cumplea\u00f1os u otras ocasiones especiales.\n\nEstaremos encantados de acoger su evento.\t<\/div>\n<\/div>\n\t\t\t\t<\/div>\n\t\t\t\t<\/div>\n\t\t\t\t<div class=\"elementor-element elementor-element-529e366 elementor-widget elementor-widget-html\" data-id=\"529e366\" data-element_type=\"widget\" data-e-type=\"widget\" data-widget_type=\"html.default\">\n\t\t\t\t\t<p><iframe src=\"https:\/\/apiportal.heytravel.net\/258?Consent=true\" width=\"100%\" height=\"2000px\"><\/iframe><\/p>\t\t\t\t<\/div>\n\t\t            <\/div>\r\n        <\/div>\r\n        \t\t\t<\/div>\n\t\t<\/section>\n\t\t\t\t<\/div>\n\t\t","protected":false},"excerpt":{"rendered":"<p>SOLICITUD DE EVENTO BLACK MOON ofrece el ambiente perfecto para celebrar cenas de grupo, fiestas de cumplea\u00f1os u otras ocasiones especiales. Estaremos encantados de acoger su evento.<\/p>\n","protected":false},"author":1,"featured_media":0,"parent":0,"menu_order":0,"comment_status":"closed","ping_status":"closed","template":"","meta":{"footnotes":"","_links_to":"","_links_to_target":""},"class_list":["post-12662","page","type-page","status-publish","hentry"],"yoast_head":"<!-- This site is optimized with the Yoast SEO plugin v27.0 - https:\/\/yoast.com\/product\/yoast-seo-wordpress\/ -->\n<title>Pedido de Evento - BLACK MOON Gastrobar<\/title>\n<meta name=\"description\" content=\"Haz tu reserva en Black Moon y disfruta de una experiencia gastron\u00f3mica contempor\u00e1nea en el coraz\u00f3n de Lisboa.\" \/>\n<meta name=\"robots\" content=\"index, follow, max-snippet:-1, max-image-preview:large, max-video-preview:-1\" \/>\n<link rel=\"canonical\" href=\"https:\/\/www.blackmoongastrobar.com\/es\/pedido-de-evento\/\" \/>\n<meta property=\"og:locale\" content=\"es_ES\" \/>\n<meta property=\"og:type\" content=\"article\" \/>\n<meta property=\"og:title\" content=\"Pedido de Evento - BLACK MOON Gastrobar\" \/>\n<meta property=\"og:description\" content=\"Haz tu reserva en Black Moon y disfruta de una experiencia gastron\u00f3mica contempor\u00e1nea en el coraz\u00f3n de Lisboa.\" \/>\n<meta property=\"og:url\" content=\"https:\/\/www.blackmoongastrobar.com\/es\/pedido-de-evento\/\" \/>\n<meta property=\"og:site_name\" content=\"BLACK MOON Gastrobar\" \/>\n<meta property=\"article:modified_time\" content=\"2026-04-15T09:46:25+00:00\" \/>\n<meta name=\"twitter:card\" content=\"summary_large_image\" \/>\n<meta name=\"twitter:label1\" content=\"Tiempo de lectura\" \/>\n\t<meta name=\"twitter:data1\" content=\"1 minuto\" \/>\n<script type=\"application\/ld+json\" class=\"yoast-schema-graph\">{\"@context\":\"https:\/\/schema.org\",\"@graph\":[{\"@type\":\"WebPage\",\"@id\":\"https:\/\/www.blackmoongastrobar.com\/es\/pedido-de-evento\/\",\"url\":\"https:\/\/www.blackmoongastrobar.com\/es\/pedido-de-evento\/\",\"name\":\"Pedido de Evento - BLACK MOON Gastrobar\",\"isPartOf\":{\"@id\":\"https:\/\/www.blackmoongastrobar.com\/#website\"},\"datePublished\":\"2026-03-06T16:26:01+00:00\",\"dateModified\":\"2026-04-15T09:46:25+00:00\",\"description\":\"Haz tu reserva en Black Moon y disfruta de una experiencia gastron\u00f3mica contempor\u00e1nea en el coraz\u00f3n de Lisboa.\",\"breadcrumb\":{\"@id\":\"https:\/\/www.blackmoongastrobar.com\/es\/pedido-de-evento\/#breadcrumb\"},\"inLanguage\":\"es\",\"potentialAction\":[{\"@type\":\"ReadAction\",\"target\":[\"https:\/\/www.blackmoongastrobar.com\/es\/pedido-de-evento\/\"]}]},{\"@type\":\"BreadcrumbList\",\"@id\":\"https:\/\/www.blackmoongastrobar.com\/es\/pedido-de-evento\/#breadcrumb\",\"itemListElement\":[{\"@type\":\"ListItem\",\"position\":1,\"name\":\"In\u00edcio\",\"item\":\"https:\/\/www.blackmoongastrobar.com\/es\/\"},{\"@type\":\"ListItem\",\"position\":2,\"name\":\"Reservas\"}]},{\"@type\":\"WebSite\",\"@id\":\"https:\/\/www.blackmoongastrobar.com\/#website\",\"url\":\"https:\/\/www.blackmoongastrobar.com\/\",\"name\":\"BLACK MOON Gastrobar\",\"description\":\"\",\"publisher\":{\"@id\":\"https:\/\/www.blackmoongastrobar.com\/#organization\"},\"potentialAction\":[{\"@type\":\"SearchAction\",\"target\":{\"@type\":\"EntryPoint\",\"urlTemplate\":\"https:\/\/www.blackmoongastrobar.com\/?s={search_term_string}\"},\"query-input\":{\"@type\":\"PropertyValueSpecification\",\"valueRequired\":true,\"valueName\":\"search_term_string\"}}],\"inLanguage\":\"es\"},{\"@type\":\"Organization\",\"@id\":\"https:\/\/www.blackmoongastrobar.com\/#organization\",\"name\":\"BLACK MOON Gastrobar\",\"url\":\"https:\/\/www.blackmoongastrobar.com\/\",\"logo\":{\"@type\":\"ImageObject\",\"inLanguage\":\"es\",\"@id\":\"https:\/\/www.blackmoongastrobar.com\/#\/schema\/logo\/image\/\",\"url\":\"https:\/\/www.blackmoongastrobar.com\/wp-content\/uploads\/2023\/11\/BLACK-MOON-espaco-interior-Lisboa.jpg\",\"contentUrl\":\"https:\/\/www.blackmoongastrobar.com\/wp-content\/uploads\/2023\/11\/BLACK-MOON-espaco-interior-Lisboa.jpg\",\"width\":1170,\"height\":700,\"caption\":\"BLACK MOON Gastrobar\"},\"image\":{\"@id\":\"https:\/\/www.blackmoongastrobar.com\/#\/schema\/logo\/image\/\"}}]}<\/script>\n<!-- \/ Yoast SEO plugin. -->","yoast_head_json":{"title":"Pedido de Evento - BLACK MOON Gastrobar","description":"Haz tu reserva en Black Moon y disfruta de una experiencia gastron\u00f3mica contempor\u00e1nea en el coraz\u00f3n de Lisboa.","robots":{"index":"index","follow":"follow","max-snippet":"max-snippet:-1","max-image-preview":"max-image-preview:large","max-video-preview":"max-video-preview:-1"},"canonical":"https:\/\/www.blackmoongastrobar.com\/es\/pedido-de-evento\/","og_locale":"es_ES","og_type":"article","og_title":"Pedido de Evento - BLACK MOON Gastrobar","og_description":"Haz tu reserva en Black Moon y disfruta de una experiencia gastron\u00f3mica contempor\u00e1nea en el coraz\u00f3n de Lisboa.","og_url":"https:\/\/www.blackmoongastrobar.com\/es\/pedido-de-evento\/","og_site_name":"BLACK MOON Gastrobar","article_modified_time":"2026-04-15T09:46:25+00:00","twitter_card":"summary_large_image","twitter_misc":{"Tiempo de lectura":"1 minuto"},"schema":{"@context":"https:\/\/schema.org","@graph":[{"@type":"WebPage","@id":"https:\/\/www.blackmoongastrobar.com\/es\/pedido-de-evento\/","url":"https:\/\/www.blackmoongastrobar.com\/es\/pedido-de-evento\/","name":"Pedido de Evento - BLACK MOON Gastrobar","isPartOf":{"@id":"https:\/\/www.blackmoongastrobar.com\/#website"},"datePublished":"2026-03-06T16:26:01+00:00","dateModified":"2026-04-15T09:46:25+00:00","description":"Haz tu reserva en Black Moon y disfruta de una experiencia gastron\u00f3mica contempor\u00e1nea en el coraz\u00f3n de Lisboa.","breadcrumb":{"@id":"https:\/\/www.blackmoongastrobar.com\/es\/pedido-de-evento\/#breadcrumb"},"inLanguage":"es","potentialAction":[{"@type":"ReadAction","target":["https:\/\/www.blackmoongastrobar.com\/es\/pedido-de-evento\/"]}]},{"@type":"BreadcrumbList","@id":"https:\/\/www.blackmoongastrobar.com\/es\/pedido-de-evento\/#breadcrumb","itemListElement":[{"@type":"ListItem","position":1,"name":"In\u00edcio","item":"https:\/\/www.blackmoongastrobar.com\/es\/"},{"@type":"ListItem","position":2,"name":"Reservas"}]},{"@type":"WebSite","@id":"https:\/\/www.blackmoongastrobar.com\/#website","url":"https:\/\/www.blackmoongastrobar.com\/","name":"BLACK MOON Gastrobar","description":"","publisher":{"@id":"https:\/\/www.blackmoongastrobar.com\/#organization"},"potentialAction":[{"@type":"SearchAction","target":{"@type":"EntryPoint","urlTemplate":"https:\/\/www.blackmoongastrobar.com\/?s={search_term_string}"},"query-input":{"@type":"PropertyValueSpecification","valueRequired":true,"valueName":"search_term_string"}}],"inLanguage":"es"},{"@type":"Organization","@id":"https:\/\/www.blackmoongastrobar.com\/#organization","name":"BLACK MOON Gastrobar","url":"https:\/\/www.blackmoongastrobar.com\/","logo":{"@type":"ImageObject","inLanguage":"es","@id":"https:\/\/www.blackmoongastrobar.com\/#\/schema\/logo\/image\/","url":"https:\/\/www.blackmoongastrobar.com\/wp-content\/uploads\/2023\/11\/BLACK-MOON-espaco-interior-Lisboa.jpg","contentUrl":"https:\/\/www.blackmoongastrobar.com\/wp-content\/uploads\/2023\/11\/BLACK-MOON-espaco-interior-Lisboa.jpg","width":1170,"height":700,"caption":"BLACK MOON Gastrobar"},"image":{"@id":"https:\/\/www.blackmoongastrobar.com\/#\/schema\/logo\/image\/"}}]}},"_links":{"self":[{"href":"https:\/\/www.blackmoongastrobar.com\/es\/wp-json\/wp\/v2\/pages\/12662","targetHints":{"allow":["GET"]}}],"collection":[{"href":"https:\/\/www.blackmoongastrobar.com\/es\/wp-json\/wp\/v2\/pages"}],"about":[{"href":"https:\/\/www.blackmoongastrobar.com\/es\/wp-json\/wp\/v2\/types\/page"}],"author":[{"embeddable":true,"href":"https:\/\/www.blackmoongastrobar.com\/es\/wp-json\/wp\/v2\/users\/1"}],"replies":[{"embeddable":true,"href":"https:\/\/www.blackmoongastrobar.com\/es\/wp-json\/wp\/v2\/comments?post=12662"}],"version-history":[{"count":5,"href":"https:\/\/www.blackmoongastrobar.com\/es\/wp-json\/wp\/v2\/pages\/12662\/revisions"}],"predecessor-version":[{"id":12667,"href":"https:\/\/www.blackmoongastrobar.com\/es\/wp-json\/wp\/v2\/pages\/12662\/revisions\/12667"}],"wp:attachment":[{"href":"https:\/\/www.blackmoongastrobar.com\/es\/wp-json\/wp\/v2\/media?parent=12662"}],"curies":[{"name":"wp","href":"https:\/\/api.w.org\/{rel}","templated":true}]}}