{"id":12505,"date":"2023-04-12T08:59:09","date_gmt":"2023-04-12T08:59:09","guid":{"rendered":"https:\/\/www.blackmoongastrobar.com\/contactos\/"},"modified":"2026-04-22T16:40:37","modified_gmt":"2026-04-22T16:40:37","slug":"contactos","status":"publish","type":"page","link":"https:\/\/www.blackmoongastrobar.com\/es\/contactos\/","title":{"rendered":"Contactos"},"content":{"rendered":"\t\t<div data-elementor-type=\"wp-page\" data-elementor-id=\"12505\" class=\"elementor elementor-12505 elementor-512\">\n\t\t\t\t        <section class=\"elementor-section elementor-top-section elementor-element elementor-element-9444ff6 elementor-section-content-middle elementor-section-boxed elementor-section-height-default elementor-section-height-default pxl-row-scroll-none pxl-show-grid-none pxl-section-bg-none pxl-section-grid-bg-false\" data-id=\"9444ff6\" data-element_type=\"section\" data-e-type=\"section\">\n\n                \n                <div class=\"elementor-container elementor-column-gap-default \">\n                <div class=\"elementor-column elementor-col-50 elementor-top-column elementor-element elementor-element-db9c2b6 pxl-column-none\" data-id=\"db9c2b6\" data-element_type=\"column\" data-e-type=\"column\">\r\n        <div class=\"elementor-widget-wrap elementor-element-populated\">\r\n                     \r\n        \t\t<div class=\"elementor-element elementor-element-4c6061f elementor-widget elementor-widget-pxl_heading\" data-id=\"4c6061f\" data-element_type=\"widget\" data-e-type=\"widget\" data-widget_type=\"pxl_heading.default\">\n\t\t\t\t<div class=\"elementor-widget-container\">\n\t\t\t\t\t<div class=\"pxl-heading  \">\n\t<div class=\"pxl-heading--inner \">\n\t\t\t\t<h1 class=\"pxl-item--title style1 divider-none  wow skewInRight \" data-wow-delay=\"ms\" data-wow-duration=\"1.2s\">\n\t\t\tCONTACTOS\t\t\t\t\t<\/h1>\n\t<\/div>\n<\/div>\n\t\t\t\t<\/div>\n\t\t\t\t<\/div>\n\t\t\t\t<div class=\"elementor-element elementor-element-d541767 elementor-widget elementor-widget-pxl_image\" data-id=\"d541767\" data-element_type=\"widget\" data-e-type=\"widget\" data-widget_type=\"pxl_image.default\">\n\t\t\t\t<div class=\"elementor-widget-container\">\n\t\t\t\t\t<div class=\"pxl-image-single pxl-image-single1   \" data-wow-delay=\"ms\" data-wow-duration=\"1.2s\">\r\n                        <div class=\"pxl-item--inner\">\r\n                                    <img fetchpriority=\"high\" decoding=\"async\" width=\"2000\" height=\"1600\" src=\"https:\/\/www.blackmoongastrobar.com\/wp-content\/uploads\/2026\/03\/BLACK-MOON-Fachada.jpg\" class=\"no-lazyload attachment-full\" alt=\"BLACK MOON Fachada\" \/>                            <\/div>\r\n                <\/div>\t\t\t\t<\/div>\n\t\t\t\t<\/div>\n\t\t            <\/div>\r\n        <\/div>\r\n                <div class=\"elementor-column elementor-col-50 elementor-top-column elementor-element elementor-element-e9426ed pxl-column-none\" data-id=\"e9426ed\" data-element_type=\"column\" data-e-type=\"column\">\r\n        <div class=\"elementor-widget-wrap elementor-element-populated\">\r\n                     \r\n        \t\t<div class=\"elementor-element elementor-element-42397ef elementor-widget elementor-widget-pxl_contact_info\" data-id=\"42397ef\" data-element_type=\"widget\" data-e-type=\"widget\" data-widget_type=\"pxl_contact_info.default\">\n\t\t\t\t<div class=\"elementor-widget-container\">\n\t\t\t\t\t<div class=\"pxl-contact-info pxl-contact-info1 wow skewInUp\" data-wow-delay=\"200ms\" data-wow-duration=\"1.2s\">\r\n    <div class=\"pxl-item--inner\">\r\n                            <span class=\"pxl-item--title\">Ubicaci\u00f3n<\/span>\r\n                            <div class=\"pxl-item--description\">\r\n                 <a href=\"https:\/\/maps.app.goo.gl\/5hXsWSuTMNTND8oJ6\">                     R. \u00c1urea 138, 1100-060 Lisboa                 <\/a>             <\/div>\r\n            <\/div>\r\n<\/div>\t\t\t\t<\/div>\n\t\t\t\t<\/div>\n\t\t\t\t<div class=\"elementor-element elementor-element-aabe578 elementor-widget elementor-widget-pxl_contact_info\" data-id=\"aabe578\" data-element_type=\"widget\" data-e-type=\"widget\" data-widget_type=\"pxl_contact_info.default\">\n\t\t\t\t<div class=\"elementor-widget-container\">\n\t\t\t\t\t<div class=\"pxl-contact-info pxl-contact-info1 wow skewInUp\" data-wow-delay=\"200ms\" data-wow-duration=\"1.2s\">\r\n    <div class=\"pxl-item--inner\">\r\n                            <span class=\"pxl-item--title\">Informaci\u00f3n \/ Reservas<\/span>\r\n                            <div class=\"pxl-item--description\">\r\n                 <a href=\"mailto:blackmoon@mythic.sanahotels.com\">                     info.blackmoon@mythic.sanahotels.com                 <\/a>             <\/div>\r\n            <\/div>\r\n<\/div>\t\t\t\t<\/div>\n\t\t\t\t<\/div>\n\t\t\t\t<div class=\"elementor-element elementor-element-aeb9918 elementor-widget elementor-widget-pxl_contact_info\" data-id=\"aeb9918\" data-element_type=\"widget\" data-e-type=\"widget\" data-widget_type=\"pxl_contact_info.default\">\n\t\t\t\t<div class=\"elementor-widget-container\">\n\t\t\t\t\t<div class=\"pxl-contact-info pxl-contact-info1 wow skewInUp\" data-wow-delay=\"200ms\" data-wow-duration=\"1.2s\">\r\n    <div class=\"pxl-item--inner\">\r\n                                    <div class=\"pxl-item--description\">\r\n                 <a href=\"tel:+351219012970\">                     +351 219 012 970                 <\/a>             <\/div>\r\n            <\/div>\r\n<\/div>\t\t\t\t<\/div>\n\t\t\t\t<\/div>\n\t\t\t\t<div class=\"elementor-element elementor-element-2801092 elementor-widget elementor-widget-pxl_contact_info\" data-id=\"2801092\" data-element_type=\"widget\" data-e-type=\"widget\" data-widget_type=\"pxl_contact_info.default\">\n\t\t\t\t<div class=\"elementor-widget-container\">\n\t\t\t\t\t<div class=\"pxl-contact-info pxl-contact-info1 wow skewInUp\" data-wow-delay=\"200ms\" data-wow-duration=\"1.2s\">\r\n    <div class=\"pxl-item--inner\">\r\n                            <span class=\"pxl-item--title\">Horario<\/span>\r\n                            <div class=\"pxl-item--description\">\r\n                                    Desayuno: abierto de 07:00 a 11:00 (todos los d\u00edas) <br>Comidas: de 12:00 a 24:00 (de domingo a jueves) <br>Comidas: de 12:00 a 01:00 (de viernes a s\u00e1bado)\n                            <\/div>\r\n            <\/div>\r\n<\/div>\t\t\t\t<\/div>\n\t\t\t\t<\/div>\n\t\t\t\t<div class=\"elementor-element elementor-element-34d5016 elementor-widget elementor-widget-pxl_contact_info\" data-id=\"34d5016\" data-element_type=\"widget\" data-e-type=\"widget\" data-widget_type=\"pxl_contact_info.default\">\n\t\t\t\t<div class=\"elementor-widget-container\">\n\t\t\t\t\t<div class=\"pxl-contact-info pxl-contact-info1 wow skewInUp\" data-wow-delay=\"200ms\" data-wow-duration=\"1.2s\">\r\n    <div class=\"pxl-item--inner\">\r\n                            <span class=\"pxl-item--title\"> Redes sociales<\/span>\r\n                    <\/div>\r\n<\/div>\t\t\t\t<\/div>\n\t\t\t\t<\/div>\n\t\t\t\t<div class=\"elementor-element elementor-element-32fd475 elementor-widget elementor-widget-html\" data-id=\"32fd475\" data-element_type=\"widget\" data-e-type=\"widget\" data-widget_type=\"html.default\">\n\t\t\t\t\t<div class=\"elementor-widget-container\">\r\n  <div class=\"pxl-icon1 style2 pxl-inline-block\">\r\n    <div class=\"inner-layout\">\r\n\r\n          <a class=\"elementor-repeater-item-6308a96 \" href=\"https:\/\/www.instagram.com\/blackmoongastrobar\/\" target=\"_blank\" data-wow-delay=\"ms\" data-wow-duration=\"1.2s\">\r\n            <i aria-hidden=\"true\" class=\"bootstrap-icons bi-instagram\"><\/i>\r\n          <\/a>\r\n          \r\n              <a class=\"elementor-repeater-item-6308a96 \" href=\"https:\/\/www.facebook.com\/blackmoongastrobar\/\" target=\"_blank\" data-wow-delay=\"ms\" data-wow-duration=\"1.2s\">\r\n            <i aria-hidden=\"true\" class=\"bootstrap-icons bi-facebook\"><\/i>\r\n          <\/a>\r\n          \r\n            <\/div>\r\n          <\/div>\r\n        <\/div>\r\n        \t\t\t\t<\/div>\n\t\t            <\/div>\r\n        <\/div>\r\n        \t\t\t<\/div>\n\t\t<\/section>\n\t\t        <section class=\"elementor-section elementor-top-section elementor-element elementor-element-7bbd1df pxl-bg-fou-six elementor-section-boxed elementor-section-height-default elementor-section-height-default pxl-row-scroll-none pxl-show-grid-none pxl-section-bg-none pxl-section-grid-bg-false\" data-id=\"7bbd1df\" data-element_type=\"section\" data-e-type=\"section\">\n\n                \n                <div class=\"elementor-container elementor-column-gap-default \">\n                <div class=\"elementor-column elementor-col-100 elementor-top-column elementor-element elementor-element-1c2fee4 pxl-column-none\" data-id=\"1c2fee4\" data-element_type=\"column\" data-e-type=\"column\">\r\n        <div class=\"elementor-widget-wrap elementor-element-populated\">\r\n                     \r\n        \t\t<div class=\"elementor-element elementor-element-c9938af elementor-widget elementor-widget-html\" data-id=\"c9938af\" data-element_type=\"widget\" data-e-type=\"widget\" data-widget_type=\"html.default\">\n\t\t\t\t\t<iframe src=\"https:\/\/www.google.com\/maps\/embed?pb=!1m18!1m12!1m3!1d3113.3188483193676!2d-9.140981587551273!3d38.710487971646735!2m3!1f0!2f0!3f0!3m2!1i1024!2i768!4f13.1!3m3!1m2!1s0xd1935f5880a76a7%3A0x9da60037fc6baaa7!2sBLACK%20MOON%20Gastrobar!5e0!3m2!1sen!2spt!4v1771930661275!5m2!1sen!2spt\" width=\"600\" height=\"650\" style=\"border:0;\" allowfullscreen=\"\" loading=\"lazy\" referrerpolicy=\"no-referrer-when-downgrade\"><\/iframe>\t\t\t\t<\/div>\n\t\t            <\/div>\r\n        <\/div>\r\n        \t\t\t<\/div>\n\t\t<\/section>\n\t\t\t\t<\/div>\n\t\t","protected":false},"excerpt":{"rendered":"<p>CONTACTOS Ubicaci\u00f3n R. \u00c1urea 138, 1100-060 Lisboa Informaci\u00f3n \/ Reservas info.blackmoon@mythic.sanahotels.com +351 219 012 970 Horario Desayuno: abierto de 07:00 a 11:00 (todos los d\u00edas) Comidas: de 12:00 a 24:00 (de domingo a jueves) Comidas: de 12:00 a 01:00 (de viernes a s\u00e1bado) Redes sociales<\/p>\n","protected":false},"author":1,"featured_media":0,"parent":0,"menu_order":0,"comment_status":"closed","ping_status":"closed","template":"","meta":{"footnotes":"","_links_to":"","_links_to_target":""},"class_list":["post-12505","page","type-page","status-publish","hentry"],"yoast_head":"<!-- This site is optimized with the Yoast SEO plugin v27.0 - https:\/\/yoast.com\/product\/yoast-seo-wordpress\/ -->\n<title>Contactos - BLACK MOON Gastrobar<\/title>\n<meta name=\"description\" content=\"Aqu\u00ed encontrar\u00e1s los datos de contacto de Black Moon. Consulta nuestra direcci\u00f3n en Lisboa, nuestro horario de apertura y reserva tu mesa.\" \/>\n<meta name=\"robots\" content=\"index, follow, max-snippet:-1, max-image-preview:large, max-video-preview:-1\" \/>\n<link rel=\"canonical\" href=\"https:\/\/www.blackmoongastrobar.com\/contactos\/\" \/>\n<meta property=\"og:locale\" content=\"es_ES\" \/>\n<meta property=\"og:type\" content=\"article\" \/>\n<meta property=\"og:title\" content=\"Contactos - BLACK MOON Gastrobar\" \/>\n<meta property=\"og:description\" content=\"Aqu\u00ed encontrar\u00e1s los datos de contacto de Black Moon. Consulta nuestra direcci\u00f3n en Lisboa, nuestro horario de apertura y reserva tu mesa.\" \/>\n<meta property=\"og:url\" content=\"https:\/\/www.blackmoongastrobar.com\/contactos\/\" \/>\n<meta property=\"og:site_name\" content=\"BLACK MOON Gastrobar\" \/>\n<meta property=\"article:modified_time\" content=\"2026-04-22T16:40:37+00:00\" \/>\n<meta property=\"og:image\" content=\"https:\/\/www.blackmoongastrobar.com\/wp-content\/uploads\/2026\/03\/BLACK-MOON-Fachada.jpg\" \/>\n<meta name=\"twitter:card\" content=\"summary_large_image\" \/>\n<meta name=\"twitter:label1\" content=\"Tiempo de lectura\" \/>\n\t<meta name=\"twitter:data1\" content=\"1 minuto\" \/>\n<script type=\"application\/ld+json\" class=\"yoast-schema-graph\">{\"@context\":\"https:\/\/schema.org\",\"@graph\":[{\"@type\":\"WebPage\",\"@id\":\"https:\/\/www.blackmoongastrobar.com\/contactos\/\",\"url\":\"https:\/\/www.blackmoongastrobar.com\/contactos\/\",\"name\":\"Contactos - BLACK MOON Gastrobar\",\"isPartOf\":{\"@id\":\"https:\/\/www.blackmoongastrobar.com\/#website\"},\"primaryImageOfPage\":{\"@id\":\"https:\/\/www.blackmoongastrobar.com\/contactos\/#primaryimage\"},\"image\":{\"@id\":\"https:\/\/www.blackmoongastrobar.com\/contactos\/#primaryimage\"},\"thumbnailUrl\":\"https:\/\/www.blackmoongastrobar.com\/wp-content\/uploads\/2026\/03\/BLACK-MOON-Fachada.jpg\",\"datePublished\":\"2023-04-12T08:59:09+00:00\",\"dateModified\":\"2026-04-22T16:40:37+00:00\",\"description\":\"Aqu\u00ed encontrar\u00e1s los datos de contacto de Black Moon. Consulta nuestra direcci\u00f3n en Lisboa, nuestro horario de apertura y reserva tu mesa.\",\"breadcrumb\":{\"@id\":\"https:\/\/www.blackmoongastrobar.com\/contactos\/#breadcrumb\"},\"inLanguage\":\"es\",\"potentialAction\":[{\"@type\":\"ReadAction\",\"target\":[\"https:\/\/www.blackmoongastrobar.com\/contactos\/\"]}]},{\"@type\":\"ImageObject\",\"inLanguage\":\"es\",\"@id\":\"https:\/\/www.blackmoongastrobar.com\/contactos\/#primaryimage\",\"url\":\"https:\/\/www.blackmoongastrobar.com\/wp-content\/uploads\/2026\/03\/BLACK-MOON-Fachada.jpg\",\"contentUrl\":\"https:\/\/www.blackmoongastrobar.com\/wp-content\/uploads\/2026\/03\/BLACK-MOON-Fachada.jpg\"},{\"@type\":\"BreadcrumbList\",\"@id\":\"https:\/\/www.blackmoongastrobar.com\/contactos\/#breadcrumb\",\"itemListElement\":[{\"@type\":\"ListItem\",\"position\":1,\"name\":\"In\u00edcio\",\"item\":\"https:\/\/www.blackmoongastrobar.com\/es\/\"},{\"@type\":\"ListItem\",\"position\":2,\"name\":\"Contactos\"}]},{\"@type\":\"WebSite\",\"@id\":\"https:\/\/www.blackmoongastrobar.com\/#website\",\"url\":\"https:\/\/www.blackmoongastrobar.com\/\",\"name\":\"BLACK MOON Gastrobar\",\"description\":\"\",\"publisher\":{\"@id\":\"https:\/\/www.blackmoongastrobar.com\/#organization\"},\"potentialAction\":[{\"@type\":\"SearchAction\",\"target\":{\"@type\":\"EntryPoint\",\"urlTemplate\":\"https:\/\/www.blackmoongastrobar.com\/?s={search_term_string}\"},\"query-input\":{\"@type\":\"PropertyValueSpecification\",\"valueRequired\":true,\"valueName\":\"search_term_string\"}}],\"inLanguage\":\"es\"},{\"@type\":\"Organization\",\"@id\":\"https:\/\/www.blackmoongastrobar.com\/#organization\",\"name\":\"BLACK MOON Gastrobar\",\"url\":\"https:\/\/www.blackmoongastrobar.com\/\",\"logo\":{\"@type\":\"ImageObject\",\"inLanguage\":\"es\",\"@id\":\"https:\/\/www.blackmoongastrobar.com\/#\/schema\/logo\/image\/\",\"url\":\"https:\/\/www.blackmoongastrobar.com\/wp-content\/uploads\/2023\/11\/BLACK-MOON-espaco-interior-Lisboa.jpg\",\"contentUrl\":\"https:\/\/www.blackmoongastrobar.com\/wp-content\/uploads\/2023\/11\/BLACK-MOON-espaco-interior-Lisboa.jpg\",\"width\":1170,\"height\":700,\"caption\":\"BLACK MOON Gastrobar\"},\"image\":{\"@id\":\"https:\/\/www.blackmoongastrobar.com\/#\/schema\/logo\/image\/\"}}]}<\/script>\n<!-- \/ Yoast SEO plugin. -->","yoast_head_json":{"title":"Contactos - BLACK MOON Gastrobar","description":"Aqu\u00ed encontrar\u00e1s los datos de contacto de Black Moon. Consulta nuestra direcci\u00f3n en Lisboa, nuestro horario de apertura y reserva tu mesa.","robots":{"index":"index","follow":"follow","max-snippet":"max-snippet:-1","max-image-preview":"max-image-preview:large","max-video-preview":"max-video-preview:-1"},"canonical":"https:\/\/www.blackmoongastrobar.com\/contactos\/","og_locale":"es_ES","og_type":"article","og_title":"Contactos - BLACK MOON Gastrobar","og_description":"Aqu\u00ed encontrar\u00e1s los datos de contacto de Black Moon. Consulta nuestra direcci\u00f3n en Lisboa, nuestro horario de apertura y reserva tu mesa.","og_url":"https:\/\/www.blackmoongastrobar.com\/contactos\/","og_site_name":"BLACK MOON Gastrobar","article_modified_time":"2026-04-22T16:40:37+00:00","og_image":[{"url":"https:\/\/www.blackmoongastrobar.com\/wp-content\/uploads\/2026\/03\/BLACK-MOON-Fachada.jpg","type":"","width":"","height":""}],"twitter_card":"summary_large_image","twitter_misc":{"Tiempo de lectura":"1 minuto"},"schema":{"@context":"https:\/\/schema.org","@graph":[{"@type":"WebPage","@id":"https:\/\/www.blackmoongastrobar.com\/contactos\/","url":"https:\/\/www.blackmoongastrobar.com\/contactos\/","name":"Contactos - BLACK MOON Gastrobar","isPartOf":{"@id":"https:\/\/www.blackmoongastrobar.com\/#website"},"primaryImageOfPage":{"@id":"https:\/\/www.blackmoongastrobar.com\/contactos\/#primaryimage"},"image":{"@id":"https:\/\/www.blackmoongastrobar.com\/contactos\/#primaryimage"},"thumbnailUrl":"https:\/\/www.blackmoongastrobar.com\/wp-content\/uploads\/2026\/03\/BLACK-MOON-Fachada.jpg","datePublished":"2023-04-12T08:59:09+00:00","dateModified":"2026-04-22T16:40:37+00:00","description":"Aqu\u00ed encontrar\u00e1s los datos de contacto de Black Moon. Consulta nuestra direcci\u00f3n en Lisboa, nuestro horario de apertura y reserva tu mesa.","breadcrumb":{"@id":"https:\/\/www.blackmoongastrobar.com\/contactos\/#breadcrumb"},"inLanguage":"es","potentialAction":[{"@type":"ReadAction","target":["https:\/\/www.blackmoongastrobar.com\/contactos\/"]}]},{"@type":"ImageObject","inLanguage":"es","@id":"https:\/\/www.blackmoongastrobar.com\/contactos\/#primaryimage","url":"https:\/\/www.blackmoongastrobar.com\/wp-content\/uploads\/2026\/03\/BLACK-MOON-Fachada.jpg","contentUrl":"https:\/\/www.blackmoongastrobar.com\/wp-content\/uploads\/2026\/03\/BLACK-MOON-Fachada.jpg"},{"@type":"BreadcrumbList","@id":"https:\/\/www.blackmoongastrobar.com\/contactos\/#breadcrumb","itemListElement":[{"@type":"ListItem","position":1,"name":"In\u00edcio","item":"https:\/\/www.blackmoongastrobar.com\/es\/"},{"@type":"ListItem","position":2,"name":"Contactos"}]},{"@type":"WebSite","@id":"https:\/\/www.blackmoongastrobar.com\/#website","url":"https:\/\/www.blackmoongastrobar.com\/","name":"BLACK MOON Gastrobar","description":"","publisher":{"@id":"https:\/\/www.blackmoongastrobar.com\/#organization"},"potentialAction":[{"@type":"SearchAction","target":{"@type":"EntryPoint","urlTemplate":"https:\/\/www.blackmoongastrobar.com\/?s={search_term_string}"},"query-input":{"@type":"PropertyValueSpecification","valueRequired":true,"valueName":"search_term_string"}}],"inLanguage":"es"},{"@type":"Organization","@id":"https:\/\/www.blackmoongastrobar.com\/#organization","name":"BLACK MOON Gastrobar","url":"https:\/\/www.blackmoongastrobar.com\/","logo":{"@type":"ImageObject","inLanguage":"es","@id":"https:\/\/www.blackmoongastrobar.com\/#\/schema\/logo\/image\/","url":"https:\/\/www.blackmoongastrobar.com\/wp-content\/uploads\/2023\/11\/BLACK-MOON-espaco-interior-Lisboa.jpg","contentUrl":"https:\/\/www.blackmoongastrobar.com\/wp-content\/uploads\/2023\/11\/BLACK-MOON-espaco-interior-Lisboa.jpg","width":1170,"height":700,"caption":"BLACK MOON Gastrobar"},"image":{"@id":"https:\/\/www.blackmoongastrobar.com\/#\/schema\/logo\/image\/"}}]}},"_links":{"self":[{"href":"https:\/\/www.blackmoongastrobar.com\/es\/wp-json\/wp\/v2\/pages\/12505","targetHints":{"allow":["GET"]}}],"collection":[{"href":"https:\/\/www.blackmoongastrobar.com\/es\/wp-json\/wp\/v2\/pages"}],"about":[{"href":"https:\/\/www.blackmoongastrobar.com\/es\/wp-json\/wp\/v2\/types\/page"}],"author":[{"embeddable":true,"href":"https:\/\/www.blackmoongastrobar.com\/es\/wp-json\/wp\/v2\/users\/1"}],"replies":[{"embeddable":true,"href":"https:\/\/www.blackmoongastrobar.com\/es\/wp-json\/wp\/v2\/comments?post=12505"}],"version-history":[{"count":15,"href":"https:\/\/www.blackmoongastrobar.com\/es\/wp-json\/wp\/v2\/pages\/12505\/revisions"}],"predecessor-version":[{"id":13071,"href":"https:\/\/www.blackmoongastrobar.com\/es\/wp-json\/wp\/v2\/pages\/12505\/revisions\/13071"}],"wp:attachment":[{"href":"https:\/\/www.blackmoongastrobar.com\/es\/wp-json\/wp\/v2\/media?parent=12505"}],"curies":[{"name":"wp","href":"https:\/\/api.w.org\/{rel}","templated":true}]}}