{"id":12493,"date":"2023-07-23T13:07:38","date_gmt":"2023-07-23T13:07:38","guid":{"rendered":"https:\/\/www.blackmoongastrobar.com\/gastrobar\/"},"modified":"2026-04-10T13:29:52","modified_gmt":"2026-04-10T13:29:52","slug":"gastrobar","status":"publish","type":"page","link":"https:\/\/www.blackmoongastrobar.com\/es\/gastrobar\/","title":{"rendered":"Gastrobar"},"content":{"rendered":"\t\t<div data-elementor-type=\"wp-page\" data-elementor-id=\"12493\" class=\"elementor elementor-12493 elementor-6945\">\n\t\t\t\t        <section class=\"elementor-section elementor-top-section elementor-element elementor-element-26be6aa elementor-section-boxed elementor-section-height-default elementor-section-height-default pxl-row-scroll-none pxl-show-grid-none pxl-section-bg-none pxl-section-grid-bg-false\" data-id=\"26be6aa\" data-element_type=\"section\" data-e-type=\"section\" id=\"sticky-reserva-bar\">\n\n                \n                <div class=\"elementor-container elementor-column-gap-default \">\n                <div class=\"elementor-column elementor-col-100 elementor-top-column elementor-element elementor-element-34e2ade pxl-column-none\" data-id=\"34e2ade\" data-element_type=\"column\" data-e-type=\"column\">\r\n        <div class=\"elementor-widget-wrap elementor-element-populated\">\r\n                     \r\n        \t\t<div class=\"elementor-element elementor-element-654418e elementor-widget elementor-widget-html\" data-id=\"654418e\" data-element_type=\"widget\" data-e-type=\"widget\" id=\"sticky-reserva-bar\" data-widget_type=\"html.default\">\n\t\t\t\t\t<a id=\"sticky-reserva-link\" class=\"sticky-reserva__link\" href=\"https:\/\/www.blackmoongastrobar.com\/es\/reservas\/\" aria-label=\"Reservar mesa\">\r\n  <span class=\"sticky-reserva__label\">RESERVAR MESA<\/span>\r\n<\/a>\r\n\t\t\t\t<\/div>\n\t\t            <\/div>\r\n        <\/div>\r\n        \t\t\t<\/div>\n\t\t<\/section>\n\t\t        <section class=\"elementor-section elementor-top-section elementor-element elementor-element-7997ce6 elementor-section-content-middle elementor-reverse-mobile_extra elementor-reverse-mobile elementor-section-boxed elementor-section-height-default elementor-section-height-default pxl-row-scroll-none pxl-show-grid-none pxl-section-bg-none pxl-section-grid-bg-false\" data-id=\"7997ce6\" data-element_type=\"section\" data-e-type=\"section\">\n\n                \n                <div class=\"elementor-container elementor-column-gap-default \">\n                <div class=\"elementor-column elementor-col-50 elementor-top-column elementor-element elementor-element-73b75f0 pxl-column-none\" data-id=\"73b75f0\" data-element_type=\"column\" data-e-type=\"column\">\r\n        <div class=\"elementor-widget-wrap elementor-element-populated\">\r\n                     \r\n        \t\t<div class=\"elementor-element elementor-element-5d14dea elementor-widget-tablet__width-initial elementor-widget elementor-widget-pxl_image_box\" data-id=\"5d14dea\" data-element_type=\"widget\" data-e-type=\"widget\" data-widget_type=\"pxl_image_box.default\">\n\t\t\t\t<div class=\"elementor-widget-container\">\n\t\t\t\t\t<div class=\"pxl-image-box pxl-image-box3 \" data-wow-delay=\"ms\" data-wow-duration=\"1.2s\">\r\n    <div class=\"pxl-item--inner\">\r\n                            <div class=\"item--front\">\r\n                <div class=\"canvas\"><\/div>\r\n                <div class=\"item--image\">\r\n                                            <img decoding=\"async\" src=\"https:\/\/www.blackmoongastrobar.com\/wp-content\/uploads\/2026\/02\/IMAGEM-4.jpg\" class=\"image-front attachment-full\" alt=\"image front\" data-sampler=\"texture0\">\r\n                        <img decoding=\"async\" src=\"https:\/\/www.blackmoongastrobar.com\/wp-content\/uploads\/2026\/02\/IMAGEM-3.jpg\" class=\"image-back attachment-full\" alt=\"image back\" data-sampler=\"texture1\">\r\n                        <img decoding=\"async\" src=\"https:\/\/www.blackmoongastrobar.com\/wp-content\/themes\/mrittik\/assets\/img\/displacements-01.jpg\" class=\"map\" alt=\"image displacements\" data-sampler=\"map\">\r\n                                    <\/div>\r\n            <\/div>\r\n                            <div class=\"item--back\">\r\n                                    <img decoding=\"async\" src=\"https:\/\/www.blackmoongastrobar.com\/wp-content\/uploads\/2026\/02\/IMAGEM-3.jpg\" class=\"image-front attachment-full\" alt=\"image front\" data-sampler=\"texture0\">\r\n                            <\/div>\r\n            <\/div>\r\n<\/div>\t\t\t\t<\/div>\n\t\t\t\t<\/div>\n\t\t            <\/div>\r\n        <\/div>\r\n                <div class=\"elementor-column elementor-col-50 elementor-top-column elementor-element elementor-element-4a4b96a pxl-column-none\" data-id=\"4a4b96a\" data-element_type=\"column\" data-e-type=\"column\">\r\n        <div class=\"elementor-widget-wrap elementor-element-populated\">\r\n                     \r\n        \t\t<div class=\"elementor-element elementor-element-3f3391ef elementor-widget elementor-widget-pxl_heading\" data-id=\"3f3391ef\" data-element_type=\"widget\" data-e-type=\"widget\" data-widget_type=\"pxl_heading.default\">\n\t\t\t\t<div class=\"elementor-widget-container\">\n\t\t\t\t\t<div class=\"pxl-heading  \">\n\t<div class=\"pxl-heading--inner \">\n\t\t\t\t<h1 class=\"pxl-item--title style1 divider-none  wow skewInRight \" data-wow-delay=\"ms\" data-wow-duration=\"1.2s\">\n\t\t\tGASTROBAR\t\t\t\t\t<\/h1>\n\t<\/div>\n<\/div>\n\t\t\t\t<\/div>\n\t\t\t\t<\/div>\n\t\t\t\t<div class=\"elementor-element elementor-element-580f2fb6 elementor-widget elementor-widget-pxl_text_editor\" data-id=\"580f2fb6\" data-element_type=\"widget\" data-e-type=\"widget\" data-widget_type=\"pxl_text_editor.default\">\n\t\t\t\t<div class=\"elementor-widget-container\">\n\t\t\t\t\t<div class=\"pxl-text-editor \" data-wow-delay=\"ms\" data-wow-duration=\"1.2s\">\n\t<div class=\"pxl-item--inner    \">\n\t\t<p><span data-sheets-root=\"1\">Un Gastrobar en el centro de Lisboa, en pleno coraz\u00f3n de la ciudad.<br \/><br \/>Con solo 32 plazas, BLACK MOON Gastrobar ofrece una experiencia All Day Dining de autor, con un men\u00fa gourmet firmado por el Chef Luis Ortiz. Una propuesta exclusiva que convierte cada visita en una aut\u00e9ntica experiencia gastron\u00f3mica.<br \/><br \/>Nibbles, vinos, c\u00f3cteles y los mejores champagnes del mundo se encuentran en este Gastrobar en el centro de Lisboa, rodeado de m\u00e1rmoles blancos, sutiles detalles dorados y profundos tonos negros, creando una atm\u00f3sfera envolvente y refinada.<\/span><\/p>\t<\/div>\n<\/div>\n\t\t\t\t<\/div>\n\t\t\t\t<\/div>\n\t\t            <\/div>\r\n        <\/div>\r\n        \t\t\t<\/div>\n\t\t<\/section>\n\t\t        <section class=\"elementor-section elementor-top-section elementor-element elementor-element-cd66558 elementor-section-boxed elementor-section-height-default elementor-section-height-default pxl-row-scroll-none pxl-show-grid-none pxl-section-bg-none pxl-section-grid-bg-false\" data-id=\"cd66558\" data-element_type=\"section\" data-e-type=\"section\">\n\n                \n                <div class=\"elementor-container elementor-column-gap-default \">\n                <div class=\"elementor-column elementor-col-100 elementor-top-column elementor-element elementor-element-0f35db2 pxl-column-none\" data-id=\"0f35db2\" data-element_type=\"column\" data-e-type=\"column\">\r\n        <div class=\"elementor-widget-wrap elementor-element-populated\">\r\n                     \r\n                <section class=\"elementor-section elementor-inner-section elementor-element elementor-element-368ef5e elementor-section-boxed elementor-section-height-default elementor-section-height-default pxl-row-scroll-none pxl-show-grid-none pxl-section-bg-none pxl-section-grid-bg-false\" data-id=\"368ef5e\" data-element_type=\"section\" data-e-type=\"section\">\n\n                \n                <div class=\"elementor-container elementor-column-gap-no \">\n                <div class=\"elementor-column elementor-col-100 elementor-inner-column elementor-element elementor-element-488506e pxl-column-none\" data-id=\"488506e\" data-element_type=\"column\" data-e-type=\"column\">\r\n        <div class=\"elementor-widget-wrap elementor-element-populated\">\r\n                     \r\n        \t\t<div class=\"elementor-element elementor-element-b93574c elementor-widget elementor-widget-pxl_heading\" data-id=\"b93574c\" data-element_type=\"widget\" data-e-type=\"widget\" data-widget_type=\"pxl_heading.default\">\n\t\t\t\t<div class=\"elementor-widget-container\">\n\t\t\t\t\t<div class=\"pxl-heading  \">\n\t<div class=\"pxl-heading--inner \">\n\t\t\t\t<h3 class=\"pxl-item--title style1 divider-top  wow fadeInUp \" data-wow-delay=\"ms\" data-wow-duration=\"1.2s\">\n\t\t\tDESCUBRE LA EXPERIENCIA BLACK MOON\t\t\t\t\t<\/h3>\n\t<\/div>\n<\/div>\n\t\t\t\t<\/div>\n\t\t\t\t<\/div>\n\t\t            <\/div>\r\n        <\/div>\r\n        \t\t\t<\/div>\n\t\t<\/section>\n\t\t\t\t<div class=\"elementor-element elementor-element-1542b4f elementor-widget elementor-widget-pxl_team_grid\" data-id=\"1542b4f\" data-element_type=\"widget\" data-e-type=\"widget\" data-widget_type=\"pxl_team_grid.default\">\n\t\t\t\t<div class=\"elementor-widget-container\">\n\t\t\t\t\t    <div class=\"pxl-grid pxl-team-grid pxl-team-grid1 none\" data-layout=\"masonry\">\r\n        <div class=\"pxl-grid-inner pxl-grid-masonry row\" data-gutter=\"15\">\r\n            <div class=\"grid-sizer col-xl-4 col-lg-4 col-md-6 col-sm-6 col-12\"><\/div>\r\n                            <div class=\"pxl-grid-item col-xl-4 col-lg-4 col-md-6 col-sm-6 col-12\">\r\n                    <div class=\"pxl-item--inner \">\r\n                                                    <div class=\"pxl-item--image\">\r\n                                <img fetchpriority=\"high\" decoding=\"async\" width=\"1549\" height=\"1537\" src=\"https:\/\/www.blackmoongastrobar.com\/wp-content\/uploads\/2026\/02\/Chef-Luis-Ortiz-BLACK-MOON-Gastrobar-Lisboa-Baixa.jpg\" class=\"no-lazyload attachment-full\" alt=\"Chef Luis Ortiz BLACK MOON Gastrobar Lisboa Baixa\" \/>                                                                    <div class=\"pxl-item--social\">\r\n                                                                            <\/div>\r\n                                                            <\/div>\r\n                                                <div class=\"pxl-item--meta\">\r\n                                                            <h5 class=\"pxl-item--title el-empty\">\r\n                                    <a href=\"https:\/\/www.blackmoongastrobar.com\/es\/chef\/\">                                        Chef Luis Ortiz                                    <\/a>                                <\/h5>\r\n                                                                                        <div class=\"pxl-item--position el-empty\">Para el chef ejecutivo Luis Ortiz, cocinar es contar historias y perpetuar recuerdos.<\/div>\r\n                                                    <\/div>\r\n                   <\/div>\r\n                <\/div>\r\n                            <div class=\"pxl-grid-item col-xl-4 col-lg-4 col-md-6 col-sm-6 col-12\">\r\n                    <div class=\"pxl-item--inner \">\r\n                                                    <div class=\"pxl-item--image\">\r\n                                <img decoding=\"async\" width=\"1921\" height=\"1081\" src=\"https:\/\/www.blackmoongastrobar.com\/wp-content\/uploads\/2026\/02\/prato-BLACK-MOON-restaurante-Gastrobar-Lisboa.jpg\" class=\"no-lazyload attachment-full\" alt=\"prato BLACK MOON restaurante Gastrobar Lisboa\" \/>                                                                    <div class=\"pxl-item--social\">\r\n                                                                            <\/div>\r\n                                                            <\/div>\r\n                                                <div class=\"pxl-item--meta\">\r\n                                                            <h5 class=\"pxl-item--title el-empty\">\r\n                                    <a href=\"https:\/\/www.blackmoongastrobar.com\/es\/menu\/\">                                        MENU                                    <\/a>                                <\/h5>\r\n                                                                                        <div class=\"pxl-item--position el-empty\">Entre aperitivos, entrantes ligeros y postres con historia, la cocina de autor del chef Luis Ortiz eleva el placer a la categor\u00eda de peque\u00f1os rituales.<\/div>\r\n                                                    <\/div>\r\n                   <\/div>\r\n                <\/div>\r\n                            <div class=\"pxl-grid-item col-xl-4 col-lg-4 col-md-6 col-sm-6 col-12\">\r\n                    <div class=\"pxl-item--inner \">\r\n                                                    <div class=\"pxl-item--image\">\r\n                                <img decoding=\"async\" width=\"1921\" height=\"1081\" src=\"https:\/\/www.blackmoongastrobar.com\/wp-content\/uploads\/2026\/02\/Champagne-BLACK-MOON.jpg\" class=\"no-lazyload attachment-full\" alt=\"Champagne BLACK MOON\" \/>                                                                    <div class=\"pxl-item--social\">\r\n                                                                            <\/div>\r\n                                                            <\/div>\r\n                                                <div class=\"pxl-item--meta\">\r\n                                                            <h5 class=\"pxl-item--title el-empty\">\r\n                                    <a href=\"https:\/\/www.blackmoongastrobar.com\/es\/champagne-bar\/\">                                        CHAMPAGNE BAR                                    <\/a>                                <\/h5>\r\n                                                                                        <div class=\"pxl-item--position el-empty\">En BLACK MOON, el Champagne Bar es un espacio para celebrar y descubrir.<\/div>\r\n                                                    <\/div>\r\n                   <\/div>\r\n                <\/div>\r\n                    <\/div>\r\n    <\/div>\r\n\t\t\t\t<\/div>\n\t\t\t\t<\/div>\n\t\t            <\/div>\r\n        <\/div>\r\n        \t\t\t<\/div>\n\t\t<\/section>\n\t\t\t\t<\/div>\n\t\t","protected":false},"excerpt":{"rendered":"<p>RESERVAR MESA GASTROBAR Un Gastrobar en el centro de Lisboa, en pleno coraz\u00f3n de la ciudad. Con solo 32 plazas, BLACK MOON Gastrobar ofrece una experiencia All Day Dining de autor, con un men\u00fa gourmet firmado por el Chef Luis Ortiz. Una propuesta exclusiva que convierte cada visita en una aut\u00e9ntica experiencia gastron\u00f3mica. Nibbles, vinos, [&hellip;]<\/p>\n","protected":false},"author":1,"featured_media":0,"parent":0,"menu_order":0,"comment_status":"closed","ping_status":"closed","template":"","meta":{"footnotes":"","_links_to":"","_links_to_target":""},"class_list":["post-12493","page","type-page","status-publish","hentry"],"yoast_head":"<!-- This site is optimized with the Yoast SEO plugin v27.0 - https:\/\/yoast.com\/product\/yoast-seo-wordpress\/ -->\n<title>Gastrobar - BLACK MOON Gastrobar<\/title>\n<meta name=\"description\" content=\"Descubre el mejor gastrobar de Lisboa. Gastronom\u00eda de primera categor\u00eda, c\u00f3cteles exclusivos y un ambiente elegante en el Black Moon\" \/>\n<meta name=\"robots\" content=\"index, follow, max-snippet:-1, max-image-preview:large, max-video-preview:-1\" \/>\n<link rel=\"canonical\" href=\"https:\/\/www.blackmoongastrobar.com\/es\/gastrobar\/\" \/>\n<meta property=\"og:locale\" content=\"es_ES\" \/>\n<meta property=\"og:type\" content=\"article\" \/>\n<meta property=\"og:title\" content=\"Gastrobar - BLACK MOON Gastrobar\" \/>\n<meta property=\"og:description\" content=\"Descubre el mejor gastrobar de Lisboa. Gastronom\u00eda de primera categor\u00eda, c\u00f3cteles exclusivos y un ambiente elegante en el Black Moon\" \/>\n<meta property=\"og:url\" content=\"https:\/\/www.blackmoongastrobar.com\/es\/gastrobar\/\" \/>\n<meta property=\"og:site_name\" content=\"BLACK MOON Gastrobar\" \/>\n<meta property=\"article:modified_time\" content=\"2026-04-10T13:29:52+00:00\" \/>\n<meta property=\"og:image\" content=\"https:\/\/www.blackmoongastrobar.com\/wp-content\/uploads\/2026\/02\/IMAGEM-4.jpg\" \/>\n<meta name=\"twitter:card\" content=\"summary_large_image\" \/>\n<meta name=\"twitter:label1\" content=\"Tiempo de lectura\" \/>\n\t<meta name=\"twitter:data1\" content=\"3 minutos\" \/>\n<script type=\"application\/ld+json\" class=\"yoast-schema-graph\">{\"@context\":\"https:\/\/schema.org\",\"@graph\":[{\"@type\":\"WebPage\",\"@id\":\"https:\/\/www.blackmoongastrobar.com\/es\/gastrobar\/\",\"url\":\"https:\/\/www.blackmoongastrobar.com\/es\/gastrobar\/\",\"name\":\"Gastrobar - BLACK MOON Gastrobar\",\"isPartOf\":{\"@id\":\"https:\/\/www.blackmoongastrobar.com\/#website\"},\"primaryImageOfPage\":{\"@id\":\"https:\/\/www.blackmoongastrobar.com\/es\/gastrobar\/#primaryimage\"},\"image\":{\"@id\":\"https:\/\/www.blackmoongastrobar.com\/es\/gastrobar\/#primaryimage\"},\"thumbnailUrl\":\"https:\/\/www.blackmoongastrobar.com\/wp-content\/uploads\/2026\/02\/IMAGEM-4.jpg\",\"datePublished\":\"2023-07-23T13:07:38+00:00\",\"dateModified\":\"2026-04-10T13:29:52+00:00\",\"description\":\"Descubre el mejor gastrobar de Lisboa. Gastronom\u00eda de primera categor\u00eda, c\u00f3cteles exclusivos y un ambiente elegante en el Black Moon\",\"breadcrumb\":{\"@id\":\"https:\/\/www.blackmoongastrobar.com\/es\/gastrobar\/#breadcrumb\"},\"inLanguage\":\"es\",\"potentialAction\":[{\"@type\":\"ReadAction\",\"target\":[\"https:\/\/www.blackmoongastrobar.com\/es\/gastrobar\/\"]}]},{\"@type\":\"ImageObject\",\"inLanguage\":\"es\",\"@id\":\"https:\/\/www.blackmoongastrobar.com\/es\/gastrobar\/#primaryimage\",\"url\":\"https:\/\/www.blackmoongastrobar.com\/wp-content\/uploads\/2026\/02\/IMAGEM-4.jpg\",\"contentUrl\":\"https:\/\/www.blackmoongastrobar.com\/wp-content\/uploads\/2026\/02\/IMAGEM-4.jpg\"},{\"@type\":\"BreadcrumbList\",\"@id\":\"https:\/\/www.blackmoongastrobar.com\/es\/gastrobar\/#breadcrumb\",\"itemListElement\":[{\"@type\":\"ListItem\",\"position\":1,\"name\":\"In\u00edcio\",\"item\":\"https:\/\/www.blackmoongastrobar.com\/es\/\"},{\"@type\":\"ListItem\",\"position\":2,\"name\":\"Gastrobar\"}]},{\"@type\":\"WebSite\",\"@id\":\"https:\/\/www.blackmoongastrobar.com\/#website\",\"url\":\"https:\/\/www.blackmoongastrobar.com\/\",\"name\":\"BLACK MOON Gastrobar\",\"description\":\"\",\"publisher\":{\"@id\":\"https:\/\/www.blackmoongastrobar.com\/#organization\"},\"potentialAction\":[{\"@type\":\"SearchAction\",\"target\":{\"@type\":\"EntryPoint\",\"urlTemplate\":\"https:\/\/www.blackmoongastrobar.com\/?s={search_term_string}\"},\"query-input\":{\"@type\":\"PropertyValueSpecification\",\"valueRequired\":true,\"valueName\":\"search_term_string\"}}],\"inLanguage\":\"es\"},{\"@type\":\"Organization\",\"@id\":\"https:\/\/www.blackmoongastrobar.com\/#organization\",\"name\":\"BLACK MOON Gastrobar\",\"url\":\"https:\/\/www.blackmoongastrobar.com\/\",\"logo\":{\"@type\":\"ImageObject\",\"inLanguage\":\"es\",\"@id\":\"https:\/\/www.blackmoongastrobar.com\/#\/schema\/logo\/image\/\",\"url\":\"https:\/\/www.blackmoongastrobar.com\/wp-content\/uploads\/2023\/11\/BLACK-MOON-espaco-interior-Lisboa.jpg\",\"contentUrl\":\"https:\/\/www.blackmoongastrobar.com\/wp-content\/uploads\/2023\/11\/BLACK-MOON-espaco-interior-Lisboa.jpg\",\"width\":1170,\"height\":700,\"caption\":\"BLACK MOON Gastrobar\"},\"image\":{\"@id\":\"https:\/\/www.blackmoongastrobar.com\/#\/schema\/logo\/image\/\"}}]}<\/script>\n<!-- \/ Yoast SEO plugin. -->","yoast_head_json":{"title":"Gastrobar - BLACK MOON Gastrobar","description":"Descubre el mejor gastrobar de Lisboa. Gastronom\u00eda de primera categor\u00eda, c\u00f3cteles exclusivos y un ambiente elegante en el Black Moon","robots":{"index":"index","follow":"follow","max-snippet":"max-snippet:-1","max-image-preview":"max-image-preview:large","max-video-preview":"max-video-preview:-1"},"canonical":"https:\/\/www.blackmoongastrobar.com\/es\/gastrobar\/","og_locale":"es_ES","og_type":"article","og_title":"Gastrobar - BLACK MOON Gastrobar","og_description":"Descubre el mejor gastrobar de Lisboa. Gastronom\u00eda de primera categor\u00eda, c\u00f3cteles exclusivos y un ambiente elegante en el Black Moon","og_url":"https:\/\/www.blackmoongastrobar.com\/es\/gastrobar\/","og_site_name":"BLACK MOON Gastrobar","article_modified_time":"2026-04-10T13:29:52+00:00","og_image":[{"url":"https:\/\/www.blackmoongastrobar.com\/wp-content\/uploads\/2026\/02\/IMAGEM-4.jpg","type":"","width":"","height":""}],"twitter_card":"summary_large_image","twitter_misc":{"Tiempo de lectura":"3 minutos"},"schema":{"@context":"https:\/\/schema.org","@graph":[{"@type":"WebPage","@id":"https:\/\/www.blackmoongastrobar.com\/es\/gastrobar\/","url":"https:\/\/www.blackmoongastrobar.com\/es\/gastrobar\/","name":"Gastrobar - BLACK MOON Gastrobar","isPartOf":{"@id":"https:\/\/www.blackmoongastrobar.com\/#website"},"primaryImageOfPage":{"@id":"https:\/\/www.blackmoongastrobar.com\/es\/gastrobar\/#primaryimage"},"image":{"@id":"https:\/\/www.blackmoongastrobar.com\/es\/gastrobar\/#primaryimage"},"thumbnailUrl":"https:\/\/www.blackmoongastrobar.com\/wp-content\/uploads\/2026\/02\/IMAGEM-4.jpg","datePublished":"2023-07-23T13:07:38+00:00","dateModified":"2026-04-10T13:29:52+00:00","description":"Descubre el mejor gastrobar de Lisboa. Gastronom\u00eda de primera categor\u00eda, c\u00f3cteles exclusivos y un ambiente elegante en el Black Moon","breadcrumb":{"@id":"https:\/\/www.blackmoongastrobar.com\/es\/gastrobar\/#breadcrumb"},"inLanguage":"es","potentialAction":[{"@type":"ReadAction","target":["https:\/\/www.blackmoongastrobar.com\/es\/gastrobar\/"]}]},{"@type":"ImageObject","inLanguage":"es","@id":"https:\/\/www.blackmoongastrobar.com\/es\/gastrobar\/#primaryimage","url":"https:\/\/www.blackmoongastrobar.com\/wp-content\/uploads\/2026\/02\/IMAGEM-4.jpg","contentUrl":"https:\/\/www.blackmoongastrobar.com\/wp-content\/uploads\/2026\/02\/IMAGEM-4.jpg"},{"@type":"BreadcrumbList","@id":"https:\/\/www.blackmoongastrobar.com\/es\/gastrobar\/#breadcrumb","itemListElement":[{"@type":"ListItem","position":1,"name":"In\u00edcio","item":"https:\/\/www.blackmoongastrobar.com\/es\/"},{"@type":"ListItem","position":2,"name":"Gastrobar"}]},{"@type":"WebSite","@id":"https:\/\/www.blackmoongastrobar.com\/#website","url":"https:\/\/www.blackmoongastrobar.com\/","name":"BLACK MOON Gastrobar","description":"","publisher":{"@id":"https:\/\/www.blackmoongastrobar.com\/#organization"},"potentialAction":[{"@type":"SearchAction","target":{"@type":"EntryPoint","urlTemplate":"https:\/\/www.blackmoongastrobar.com\/?s={search_term_string}"},"query-input":{"@type":"PropertyValueSpecification","valueRequired":true,"valueName":"search_term_string"}}],"inLanguage":"es"},{"@type":"Organization","@id":"https:\/\/www.blackmoongastrobar.com\/#organization","name":"BLACK MOON Gastrobar","url":"https:\/\/www.blackmoongastrobar.com\/","logo":{"@type":"ImageObject","inLanguage":"es","@id":"https:\/\/www.blackmoongastrobar.com\/#\/schema\/logo\/image\/","url":"https:\/\/www.blackmoongastrobar.com\/wp-content\/uploads\/2023\/11\/BLACK-MOON-espaco-interior-Lisboa.jpg","contentUrl":"https:\/\/www.blackmoongastrobar.com\/wp-content\/uploads\/2023\/11\/BLACK-MOON-espaco-interior-Lisboa.jpg","width":1170,"height":700,"caption":"BLACK MOON Gastrobar"},"image":{"@id":"https:\/\/www.blackmoongastrobar.com\/#\/schema\/logo\/image\/"}}]}},"_links":{"self":[{"href":"https:\/\/www.blackmoongastrobar.com\/es\/wp-json\/wp\/v2\/pages\/12493","targetHints":{"allow":["GET"]}}],"collection":[{"href":"https:\/\/www.blackmoongastrobar.com\/es\/wp-json\/wp\/v2\/pages"}],"about":[{"href":"https:\/\/www.blackmoongastrobar.com\/es\/wp-json\/wp\/v2\/types\/page"}],"author":[{"embeddable":true,"href":"https:\/\/www.blackmoongastrobar.com\/es\/wp-json\/wp\/v2\/users\/1"}],"replies":[{"embeddable":true,"href":"https:\/\/www.blackmoongastrobar.com\/es\/wp-json\/wp\/v2\/comments?post=12493"}],"version-history":[{"count":4,"href":"https:\/\/www.blackmoongastrobar.com\/es\/wp-json\/wp\/v2\/pages\/12493\/revisions"}],"predecessor-version":[{"id":12502,"href":"https:\/\/www.blackmoongastrobar.com\/es\/wp-json\/wp\/v2\/pages\/12493\/revisions\/12502"}],"wp:attachment":[{"href":"https:\/\/www.blackmoongastrobar.com\/es\/wp-json\/wp\/v2\/media?parent=12493"}],"curies":[{"name":"wp","href":"https:\/\/api.w.org\/{rel}","templated":true}]}}