{"id":12445,"date":"2026-02-23T17:26:53","date_gmt":"2026-02-23T17:26:53","guid":{"rendered":"https:\/\/www.blackmoongastrobar.com\/champagne-bar\/"},"modified":"2026-04-10T11:26:35","modified_gmt":"2026-04-10T11:26:35","slug":"champagne-bar","status":"publish","type":"page","link":"https:\/\/www.blackmoongastrobar.com\/es\/champagne-bar\/","title":{"rendered":"Champagne Bar"},"content":{"rendered":"\t\t<div data-elementor-type=\"wp-page\" data-elementor-id=\"12445\" class=\"elementor elementor-12445 elementor-10986\">\n\t\t\t\t        <section class=\"elementor-section elementor-top-section elementor-element elementor-element-28f4f39 elementor-section-boxed elementor-section-height-default elementor-section-height-default pxl-row-scroll-none pxl-show-grid-none pxl-section-bg-none pxl-section-grid-bg-false\" data-id=\"28f4f39\" data-element_type=\"section\" data-e-type=\"section\" id=\"sticky-reserva-bar\">\n\n                \n                <div class=\"elementor-container elementor-column-gap-default \">\n                <div class=\"elementor-column elementor-col-100 elementor-top-column elementor-element elementor-element-03e95b7 pxl-column-none\" data-id=\"03e95b7\" data-element_type=\"column\" data-e-type=\"column\">\r\n        <div class=\"elementor-widget-wrap elementor-element-populated\">\r\n                     \r\n        \t\t<div class=\"elementor-element elementor-element-1590cc7 elementor-widget elementor-widget-html\" data-id=\"1590cc7\" data-element_type=\"widget\" data-e-type=\"widget\" data-widget_type=\"html.default\">\n\t\t\t\t\t<a id=\"sticky-reserva-link\" class=\"sticky-reserva__link\" href=\"https:\/\/www.blackmoongastrobar.com\/es\/reservas\/\" aria-label=\"Reservar mesa\">\r\n  <span class=\"sticky-reserva__label\">RESERVAR UNA MESA<\/span>\r\n<\/a>\r\n\t\t\t\t<\/div>\n\t\t            <\/div>\r\n        <\/div>\r\n        \t\t\t<\/div>\n\t\t<\/section>\n\t\t        <section class=\"elementor-section elementor-top-section elementor-element elementor-element-9e5185f elementor-section-content-middle elementor-section-boxed elementor-section-height-default elementor-section-height-default pxl-row-scroll-none pxl-show-grid-none pxl-section-bg-none pxl-section-grid-bg-false\" data-id=\"9e5185f\" data-element_type=\"section\" data-e-type=\"section\">\n\n                \n                <div class=\"elementor-container elementor-column-gap-default \">\n                <div class=\"elementor-column elementor-col-50 elementor-top-column elementor-element elementor-element-3734075 pxl-column-none\" data-id=\"3734075\" data-element_type=\"column\" data-e-type=\"column\">\r\n        <div class=\"elementor-widget-wrap elementor-element-populated\">\r\n                     \r\n        \t\t<div class=\"elementor-element elementor-element-8f8d524 elementor-widget-tablet__width-initial elementor-widget elementor-widget-pxl_image_box\" data-id=\"8f8d524\" data-element_type=\"widget\" data-e-type=\"widget\" data-widget_type=\"pxl_image_box.default\">\n\t\t\t\t<div class=\"elementor-widget-container\">\n\t\t\t\t\t<div class=\"pxl-image-box pxl-image-box3 \" data-wow-delay=\"ms\" data-wow-duration=\"1.2s\">\r\n    <div class=\"pxl-item--inner\">\r\n                            <div class=\"item--front\">\r\n                <div class=\"canvas\"><\/div>\r\n                <div class=\"item--image\">\r\n                                            <img decoding=\"async\" src=\"https:\/\/www.blackmoongastrobar.com\/wp-content\/uploads\/2026\/02\/Champagne-Bar-BLACK-MOON.jpg\" class=\"image-front attachment-full\" alt=\"image front\" data-sampler=\"texture0\">\r\n                        <img decoding=\"async\" src=\"https:\/\/www.blackmoongastrobar.com\/wp-content\/uploads\/2026\/02\/Champagne-Bar-BLACK-MOON-Lisboa.jpg\" class=\"image-back attachment-full\" alt=\"image back\" data-sampler=\"texture1\">\r\n                        <img decoding=\"async\" src=\"https:\/\/www.blackmoongastrobar.com\/wp-content\/themes\/mrittik\/assets\/img\/displacements-01.jpg\" class=\"map\" alt=\"image displacements\" data-sampler=\"map\">\r\n                                    <\/div>\r\n            <\/div>\r\n                            <div class=\"item--back\">\r\n                                    <img decoding=\"async\" src=\"https:\/\/www.blackmoongastrobar.com\/wp-content\/uploads\/2026\/02\/Champagne-Bar-BLACK-MOON-Lisboa.jpg\" class=\"image-front attachment-full\" alt=\"image front\" data-sampler=\"texture0\">\r\n                            <\/div>\r\n            <\/div>\r\n<\/div>\t\t\t\t<\/div>\n\t\t\t\t<\/div>\n\t\t            <\/div>\r\n        <\/div>\r\n                <div class=\"elementor-column elementor-col-50 elementor-top-column elementor-element elementor-element-2de51f2 pxl-column-none\" data-id=\"2de51f2\" data-element_type=\"column\" data-e-type=\"column\">\r\n        <div class=\"elementor-widget-wrap elementor-element-populated\">\r\n                     \r\n        \t\t<div class=\"elementor-element elementor-element-75aafba elementor-widget elementor-widget-pxl_heading\" data-id=\"75aafba\" data-element_type=\"widget\" data-e-type=\"widget\" data-widget_type=\"pxl_heading.default\">\n\t\t\t\t<div class=\"elementor-widget-container\">\n\t\t\t\t\t<div class=\"pxl-heading  \">\n\t<div class=\"pxl-heading--inner \">\n\t\t\t\t<h1 class=\"pxl-item--title style1 divider-none  wow skewInRight \" data-wow-delay=\"ms\" data-wow-duration=\"1.2s\">\n\t\t\tCHAMPAGNE BAR\t\t\t\t\t<\/h1>\n\t<\/div>\n<\/div>\n\t\t\t\t<\/div>\n\t\t\t\t<\/div>\n\t\t\t\t<div class=\"elementor-element elementor-element-90e9499 elementor-widget elementor-widget-pxl_text_editor\" data-id=\"90e9499\" data-element_type=\"widget\" data-e-type=\"widget\" data-widget_type=\"pxl_text_editor.default\">\n\t\t\t\t<div class=\"elementor-widget-container\">\n\t\t\t\t\t<div class=\"pxl-text-editor \" data-wow-delay=\"ms\" data-wow-duration=\"1.2s\">\n\t<div class=\"pxl-item--inner    \">\n\t\t<p><span data-sheets-root=\"1\">En BLACK MOON, el Bar de champagne en Lisboa es un espacio de celebraci\u00f3n y descubrimiento.<br \/><br \/>Grandes casas y cuv\u00e9es de autor se sirven por copa o botella, en un ambiente donde la elegancia se percibe y cada momento se disfruta. Un servicio personalizado y cuidadosamente curado eleva cada degustaci\u00f3n a una experiencia de refinamiento incomparable.<br \/><br \/>La selecci\u00f3n internacional de nuestro Bar de champagne en Lisboa combina cl\u00e1sicos atemporales y ediciones raras, elegidas para seducir los sentidos. Pensada para inspirar la exploraci\u00f3n y la exclusividad, esta curadur\u00eda transforma cada instante en una celebraci\u00f3n \u00fanica dentro de un exclusivo Champagne lounge.<br \/><br \/>Una experiencia memorable, donde cada champagne se convierte en un descubrimiento de placer, servido en delicadas copas de espumoso que realzan cada matiz.<\/span><\/p>\t<\/div>\n<\/div>\n\t\t\t\t<\/div>\n\t\t\t\t<\/div>\n\t\t\t\t<div class=\"elementor-element elementor-element-fd2c836 botao-menu-mobile elementor-widget elementor-widget-pxl_button\" data-id=\"fd2c836\" data-element_type=\"widget\" data-e-type=\"widget\" data-widget_type=\"pxl_button.default\">\n\t\t\t\t<div class=\"elementor-widget-container\">\n\t\t\t\t\t<div class=\"pxl-button\">\r\n    <a class=\"btn-border-running  \" href=\"https:\/\/digitalassistant.sanahotels.com\/eMenu\/sana_mythic_ouro_1039\/view\/info\/31#menu-913\" target=\"_blank\" data-wow-delay=\"ms\" data-wow-duration=\"1.2s\">\r\n                    <span class=\"btn-text\" data-text=\"Ver carta\">\r\n                Ver carta            <\/span>\r\n                            <\/a>\r\n<\/div>\t\t\t\t<\/div>\n\t\t\t\t<\/div>\n\t\t            <\/div>\r\n        <\/div>\r\n        \t\t\t<\/div>\n\t\t<\/section>\n\t\t        <section class=\"elementor-section elementor-top-section elementor-element elementor-element-bf65a2e elementor-section-content-middle elementor-reverse-mobile_extra elementor-reverse-mobile elementor-section-boxed elementor-section-height-default elementor-section-height-default pxl-row-scroll-none pxl-show-grid-none pxl-section-bg-none pxl-section-grid-bg-false\" data-id=\"bf65a2e\" data-element_type=\"section\" data-e-type=\"section\">\n\n                \n                <div class=\"elementor-container elementor-column-gap-default \">\n                <div class=\"elementor-column elementor-col-50 elementor-top-column elementor-element elementor-element-3049f2d pxl-column-none\" data-id=\"3049f2d\" data-element_type=\"column\" data-e-type=\"column\">\r\n        <div class=\"elementor-widget-wrap elementor-element-populated\">\r\n                     \r\n        \t\t<div class=\"elementor-element elementor-element-c9fda60 elementor-hidden-mobile_extra elementor-hidden-mobile elementor-widget elementor-widget-pxl_heading\" data-id=\"c9fda60\" data-element_type=\"widget\" data-e-type=\"widget\" data-widget_type=\"pxl_heading.default\">\n\t\t\t\t<div class=\"elementor-widget-container\">\n\t\t\t\t\t<div class=\"pxl-heading  \">\n\t<div class=\"pxl-heading--inner \">\n\t\t\t\t<h2 class=\"pxl-item--title style1 divider-none  wow skewInRight \" data-wow-delay=\"ms\" data-wow-duration=\"1.2s\">\n\t\t\tChampagne Experience Flight\t\t\t\t\t<\/h2>\n\t<\/div>\n<\/div>\n\t\t\t\t<\/div>\n\t\t\t\t<\/div>\n\t\t\t\t<div class=\"elementor-element elementor-element-fbd2320 elementor-widget elementor-widget-pxl_text_editor\" data-id=\"fbd2320\" data-element_type=\"widget\" data-e-type=\"widget\" data-widget_type=\"pxl_text_editor.default\">\n\t\t\t\t<div class=\"elementor-widget-container\">\n\t\t\t\t\t<div class=\"pxl-text-editor \" data-wow-delay=\"ms\" data-wow-duration=\"1.2s\">\n\t<div class=\"pxl-item--inner    \">\n\t\t<p><span data-sheets-root=\"1\">Un Bar de champagne Lisboa, cuatro copas, cuatro identidades.<br \/>Un recorrido guiado por el universo del Champagne.<br \/><br \/>Un Blanc de Blancs fresco y mineral.<br \/>Un assemblage cl\u00e1sico de Chardonnay, Pinot Noir y Pinot Meunier, perfectamente equilibrado;<br \/>un intenso Blanc de Noirs, con mucho cuerpo;<br \/>y, para finalizar, un Vintage o Ros\u00e9 que prolonga el momento.<br \/><br \/>Cada una de estas copas de champagne revela una expresi\u00f3n distinta de la regi\u00f3n de Champagne, en un recorrido que evoluciona de la frescura a la profundidad, de la precisi\u00f3n a la emoci\u00f3n. Una experiencia pensada para explorar estilos, variedades y distintas interpretaciones.<br \/><br \/>Descubra en cada champagne una experiencia sensorial \u00fanica, bajo la curadur\u00eda de Pedro Caldas, Head Sommelier.<\/span><\/p>\t<\/div>\n<\/div>\n\t\t\t\t<\/div>\n\t\t\t\t<\/div>\n\t\t\t\t<div class=\"elementor-element elementor-element-d06197c botao-menu-mobile elementor-widget elementor-widget-pxl_button\" data-id=\"d06197c\" data-element_type=\"widget\" data-e-type=\"widget\" data-widget_type=\"pxl_button.default\">\n\t\t\t\t<div class=\"elementor-widget-container\">\n\t\t\t\t\t<div class=\"pxl-button\">\r\n    <a class=\"btn-border-running  \" href=\"https:\/\/digitalassistant.sanahotels.com\/eMenu\/sana_mythic_ouro_1039\/view\/info\/31#menu-913\" target=\"_blank\" data-wow-delay=\"ms\" data-wow-duration=\"1.2s\">\r\n                    <span class=\"btn-text\" data-text=\"Ver Carta\">\r\n                Ver Carta            <\/span>\r\n                            <\/a>\r\n<\/div>\t\t\t\t<\/div>\n\t\t\t\t<\/div>\n\t\t            <\/div>\r\n        <\/div>\r\n                <div class=\"elementor-column elementor-col-50 elementor-top-column elementor-element elementor-element-a2dace0 pxl-column-none\" data-id=\"a2dace0\" data-element_type=\"column\" data-e-type=\"column\">\r\n        <div class=\"elementor-widget-wrap elementor-element-populated\">\r\n                     \r\n        \t\t<div class=\"elementor-element elementor-element-9147176 elementor-hidden-desktop elementor-hidden-laptop elementor-hidden-tablet_extra elementor-hidden-tablet elementor-widget elementor-widget-pxl_heading\" data-id=\"9147176\" data-element_type=\"widget\" data-e-type=\"widget\" data-widget_type=\"pxl_heading.default\">\n\t\t\t\t<div class=\"elementor-widget-container\">\n\t\t\t\t\t<div class=\"pxl-heading  \">\n\t<div class=\"pxl-heading--inner \">\n\t\t\t\t<h2 class=\"pxl-item--title style1 divider-none  wow skewInRight \" data-wow-delay=\"ms\" data-wow-duration=\"1.2s\">\n\t\t\tChampanhe Experience Flight\t\t\t\t\t<\/h2>\n\t<\/div>\n<\/div>\n\t\t\t\t<\/div>\n\t\t\t\t<\/div>\n\t\t\t\t<div class=\"elementor-element elementor-element-fa6abdc elementor-widget-tablet__width-initial elementor-widget elementor-widget-pxl_image_box\" data-id=\"fa6abdc\" data-element_type=\"widget\" data-e-type=\"widget\" data-widget_type=\"pxl_image_box.default\">\n\t\t\t\t<div class=\"elementor-widget-container\">\n\t\t\t\t\t<div class=\"pxl-image-box pxl-image-box1 wave \" data-wow-delay=\"ms\" data-wow-duration=\"1.2s\">\r\n    <div class=\"pxl-item--inner\">\r\n                <div class=\"canvas\"><\/div>\r\n        <div class=\"item--image\">\r\n                                                <img decoding=\"async\" src=\"https:\/\/www.blackmoongastrobar.com\/wp-content\/uploads\/2026\/02\/IMAGEM-3.jpg\" class=\"image-front attachment-full\" alt=\"image front\" data-sampler=\"texture0\">\r\n                                                                    <\/div>\r\n    <\/div>\r\n<\/div>\t\t\t\t<\/div>\n\t\t\t\t<\/div>\n\t\t            <\/div>\r\n        <\/div>\r\n        \t\t\t<\/div>\n\t\t<\/section>\n\t\t\t\t<\/div>\n\t\t","protected":false},"excerpt":{"rendered":"<p>RESERVAR MESA CHAMPAGNE BAR No BLACK MOON, o Champagne Bar \u00e9 um espa\u00e7o de celebra\u00e7\u00e3o e descoberta. Casas prestigiadas e cuv\u00e9es de autor, servem-se a copo ou garrafa, num ambiente onde a eleg\u00e2ncia se sente e cada momento se saboreia. Um servi\u00e7o personalizado, cuidadosamente curado, eleva cada prova a uma experi\u00eancia de requinte incompar\u00e1vel. A [&hellip;]<\/p>\n","protected":false},"author":1,"featured_media":0,"parent":0,"menu_order":0,"comment_status":"closed","ping_status":"closed","template":"","meta":{"footnotes":"","_links_to":"","_links_to_target":""},"class_list":["post-12445","page","type-page","status-publish","hentry"],"yoast_head":"<!-- This site is optimized with the Yoast SEO plugin v27.0 - https:\/\/yoast.com\/product\/yoast-seo-wordpress\/ -->\n<title>Champagne Bar - BLACK MOON Gastrobar<\/title>\n<meta name=\"description\" content=\"El Champagne Bar del Black Moon ofrece una cuidada selecci\u00f3n de champanes y c\u00f3cteles premium en un ambiente sofisticado en el centro de Lisboa.\" \/>\n<meta name=\"robots\" content=\"index, follow, max-snippet:-1, max-image-preview:large, max-video-preview:-1\" \/>\n<link rel=\"canonical\" href=\"https:\/\/www.blackmoongastrobar.com\/es\/champagne-bar\/\" \/>\n<meta property=\"og:locale\" content=\"es_ES\" \/>\n<meta property=\"og:type\" content=\"article\" \/>\n<meta property=\"og:title\" content=\"Champagne Bar - BLACK MOON Gastrobar\" \/>\n<meta property=\"og:description\" content=\"El Champagne Bar del Black Moon ofrece una cuidada selecci\u00f3n de champanes y c\u00f3cteles premium en un ambiente sofisticado en el centro de Lisboa.\" \/>\n<meta property=\"og:url\" content=\"https:\/\/www.blackmoongastrobar.com\/es\/champagne-bar\/\" \/>\n<meta property=\"og:site_name\" content=\"BLACK MOON Gastrobar\" \/>\n<meta property=\"article:modified_time\" content=\"2026-04-10T11:26:35+00:00\" \/>\n<meta property=\"og:image\" content=\"https:\/\/www.blackmoongastrobar.com\/wp-content\/uploads\/2026\/02\/Champagne-Bar-BLACK-MOON.jpg\" \/>\n<meta name=\"twitter:card\" content=\"summary_large_image\" \/>\n<meta name=\"twitter:label1\" content=\"Tiempo de lectura\" \/>\n\t<meta name=\"twitter:data1\" content=\"3 minutos\" \/>\n<script type=\"application\/ld+json\" class=\"yoast-schema-graph\">{\"@context\":\"https:\/\/schema.org\",\"@graph\":[{\"@type\":\"WebPage\",\"@id\":\"https:\/\/www.blackmoongastrobar.com\/es\/champagne-bar\/\",\"url\":\"https:\/\/www.blackmoongastrobar.com\/es\/champagne-bar\/\",\"name\":\"Champagne Bar - BLACK MOON Gastrobar\",\"isPartOf\":{\"@id\":\"https:\/\/www.blackmoongastrobar.com\/#website\"},\"primaryImageOfPage\":{\"@id\":\"https:\/\/www.blackmoongastrobar.com\/es\/champagne-bar\/#primaryimage\"},\"image\":{\"@id\":\"https:\/\/www.blackmoongastrobar.com\/es\/champagne-bar\/#primaryimage\"},\"thumbnailUrl\":\"https:\/\/www.blackmoongastrobar.com\/wp-content\/uploads\/2026\/02\/Champagne-Bar-BLACK-MOON.jpg\",\"datePublished\":\"2026-02-23T17:26:53+00:00\",\"dateModified\":\"2026-04-10T11:26:35+00:00\",\"description\":\"El Champagne Bar del Black Moon ofrece una cuidada selecci\u00f3n de champanes y c\u00f3cteles premium en un ambiente sofisticado en el centro de Lisboa.\",\"breadcrumb\":{\"@id\":\"https:\/\/www.blackmoongastrobar.com\/es\/champagne-bar\/#breadcrumb\"},\"inLanguage\":\"es\",\"potentialAction\":[{\"@type\":\"ReadAction\",\"target\":[\"https:\/\/www.blackmoongastrobar.com\/es\/champagne-bar\/\"]}]},{\"@type\":\"ImageObject\",\"inLanguage\":\"es\",\"@id\":\"https:\/\/www.blackmoongastrobar.com\/es\/champagne-bar\/#primaryimage\",\"url\":\"https:\/\/www.blackmoongastrobar.com\/wp-content\/uploads\/2026\/02\/Champagne-Bar-BLACK-MOON.jpg\",\"contentUrl\":\"https:\/\/www.blackmoongastrobar.com\/wp-content\/uploads\/2026\/02\/Champagne-Bar-BLACK-MOON.jpg\"},{\"@type\":\"BreadcrumbList\",\"@id\":\"https:\/\/www.blackmoongastrobar.com\/es\/champagne-bar\/#breadcrumb\",\"itemListElement\":[{\"@type\":\"ListItem\",\"position\":1,\"name\":\"In\u00edcio\",\"item\":\"https:\/\/www.blackmoongastrobar.com\/es\/\"},{\"@type\":\"ListItem\",\"position\":2,\"name\":\"Champagne Bar\"}]},{\"@type\":\"WebSite\",\"@id\":\"https:\/\/www.blackmoongastrobar.com\/#website\",\"url\":\"https:\/\/www.blackmoongastrobar.com\/\",\"name\":\"BLACK MOON Gastrobar\",\"description\":\"\",\"publisher\":{\"@id\":\"https:\/\/www.blackmoongastrobar.com\/#organization\"},\"potentialAction\":[{\"@type\":\"SearchAction\",\"target\":{\"@type\":\"EntryPoint\",\"urlTemplate\":\"https:\/\/www.blackmoongastrobar.com\/?s={search_term_string}\"},\"query-input\":{\"@type\":\"PropertyValueSpecification\",\"valueRequired\":true,\"valueName\":\"search_term_string\"}}],\"inLanguage\":\"es\"},{\"@type\":\"Organization\",\"@id\":\"https:\/\/www.blackmoongastrobar.com\/#organization\",\"name\":\"BLACK MOON Gastrobar\",\"url\":\"https:\/\/www.blackmoongastrobar.com\/\",\"logo\":{\"@type\":\"ImageObject\",\"inLanguage\":\"es\",\"@id\":\"https:\/\/www.blackmoongastrobar.com\/#\/schema\/logo\/image\/\",\"url\":\"https:\/\/www.blackmoongastrobar.com\/wp-content\/uploads\/2023\/11\/BLACK-MOON-espaco-interior-Lisboa.jpg\",\"contentUrl\":\"https:\/\/www.blackmoongastrobar.com\/wp-content\/uploads\/2023\/11\/BLACK-MOON-espaco-interior-Lisboa.jpg\",\"width\":1170,\"height\":700,\"caption\":\"BLACK MOON Gastrobar\"},\"image\":{\"@id\":\"https:\/\/www.blackmoongastrobar.com\/#\/schema\/logo\/image\/\"}}]}<\/script>\n<!-- \/ Yoast SEO plugin. -->","yoast_head_json":{"title":"Champagne Bar - BLACK MOON Gastrobar","description":"El Champagne Bar del Black Moon ofrece una cuidada selecci\u00f3n de champanes y c\u00f3cteles premium en un ambiente sofisticado en el centro de Lisboa.","robots":{"index":"index","follow":"follow","max-snippet":"max-snippet:-1","max-image-preview":"max-image-preview:large","max-video-preview":"max-video-preview:-1"},"canonical":"https:\/\/www.blackmoongastrobar.com\/es\/champagne-bar\/","og_locale":"es_ES","og_type":"article","og_title":"Champagne Bar - BLACK MOON Gastrobar","og_description":"El Champagne Bar del Black Moon ofrece una cuidada selecci\u00f3n de champanes y c\u00f3cteles premium en un ambiente sofisticado en el centro de Lisboa.","og_url":"https:\/\/www.blackmoongastrobar.com\/es\/champagne-bar\/","og_site_name":"BLACK MOON Gastrobar","article_modified_time":"2026-04-10T11:26:35+00:00","og_image":[{"url":"https:\/\/www.blackmoongastrobar.com\/wp-content\/uploads\/2026\/02\/Champagne-Bar-BLACK-MOON.jpg","type":"","width":"","height":""}],"twitter_card":"summary_large_image","twitter_misc":{"Tiempo de lectura":"3 minutos"},"schema":{"@context":"https:\/\/schema.org","@graph":[{"@type":"WebPage","@id":"https:\/\/www.blackmoongastrobar.com\/es\/champagne-bar\/","url":"https:\/\/www.blackmoongastrobar.com\/es\/champagne-bar\/","name":"Champagne Bar - BLACK MOON Gastrobar","isPartOf":{"@id":"https:\/\/www.blackmoongastrobar.com\/#website"},"primaryImageOfPage":{"@id":"https:\/\/www.blackmoongastrobar.com\/es\/champagne-bar\/#primaryimage"},"image":{"@id":"https:\/\/www.blackmoongastrobar.com\/es\/champagne-bar\/#primaryimage"},"thumbnailUrl":"https:\/\/www.blackmoongastrobar.com\/wp-content\/uploads\/2026\/02\/Champagne-Bar-BLACK-MOON.jpg","datePublished":"2026-02-23T17:26:53+00:00","dateModified":"2026-04-10T11:26:35+00:00","description":"El Champagne Bar del Black Moon ofrece una cuidada selecci\u00f3n de champanes y c\u00f3cteles premium en un ambiente sofisticado en el centro de Lisboa.","breadcrumb":{"@id":"https:\/\/www.blackmoongastrobar.com\/es\/champagne-bar\/#breadcrumb"},"inLanguage":"es","potentialAction":[{"@type":"ReadAction","target":["https:\/\/www.blackmoongastrobar.com\/es\/champagne-bar\/"]}]},{"@type":"ImageObject","inLanguage":"es","@id":"https:\/\/www.blackmoongastrobar.com\/es\/champagne-bar\/#primaryimage","url":"https:\/\/www.blackmoongastrobar.com\/wp-content\/uploads\/2026\/02\/Champagne-Bar-BLACK-MOON.jpg","contentUrl":"https:\/\/www.blackmoongastrobar.com\/wp-content\/uploads\/2026\/02\/Champagne-Bar-BLACK-MOON.jpg"},{"@type":"BreadcrumbList","@id":"https:\/\/www.blackmoongastrobar.com\/es\/champagne-bar\/#breadcrumb","itemListElement":[{"@type":"ListItem","position":1,"name":"In\u00edcio","item":"https:\/\/www.blackmoongastrobar.com\/es\/"},{"@type":"ListItem","position":2,"name":"Champagne Bar"}]},{"@type":"WebSite","@id":"https:\/\/www.blackmoongastrobar.com\/#website","url":"https:\/\/www.blackmoongastrobar.com\/","name":"BLACK MOON Gastrobar","description":"","publisher":{"@id":"https:\/\/www.blackmoongastrobar.com\/#organization"},"potentialAction":[{"@type":"SearchAction","target":{"@type":"EntryPoint","urlTemplate":"https:\/\/www.blackmoongastrobar.com\/?s={search_term_string}"},"query-input":{"@type":"PropertyValueSpecification","valueRequired":true,"valueName":"search_term_string"}}],"inLanguage":"es"},{"@type":"Organization","@id":"https:\/\/www.blackmoongastrobar.com\/#organization","name":"BLACK MOON Gastrobar","url":"https:\/\/www.blackmoongastrobar.com\/","logo":{"@type":"ImageObject","inLanguage":"es","@id":"https:\/\/www.blackmoongastrobar.com\/#\/schema\/logo\/image\/","url":"https:\/\/www.blackmoongastrobar.com\/wp-content\/uploads\/2023\/11\/BLACK-MOON-espaco-interior-Lisboa.jpg","contentUrl":"https:\/\/www.blackmoongastrobar.com\/wp-content\/uploads\/2023\/11\/BLACK-MOON-espaco-interior-Lisboa.jpg","width":1170,"height":700,"caption":"BLACK MOON Gastrobar"},"image":{"@id":"https:\/\/www.blackmoongastrobar.com\/#\/schema\/logo\/image\/"}}]}},"_links":{"self":[{"href":"https:\/\/www.blackmoongastrobar.com\/es\/wp-json\/wp\/v2\/pages\/12445","targetHints":{"allow":["GET"]}}],"collection":[{"href":"https:\/\/www.blackmoongastrobar.com\/es\/wp-json\/wp\/v2\/pages"}],"about":[{"href":"https:\/\/www.blackmoongastrobar.com\/es\/wp-json\/wp\/v2\/types\/page"}],"author":[{"embeddable":true,"href":"https:\/\/www.blackmoongastrobar.com\/es\/wp-json\/wp\/v2\/users\/1"}],"replies":[{"embeddable":true,"href":"https:\/\/www.blackmoongastrobar.com\/es\/wp-json\/wp\/v2\/comments?post=12445"}],"version-history":[{"count":5,"href":"https:\/\/www.blackmoongastrobar.com\/es\/wp-json\/wp\/v2\/pages\/12445\/revisions"}],"predecessor-version":[{"id":12459,"href":"https:\/\/www.blackmoongastrobar.com\/es\/wp-json\/wp\/v2\/pages\/12445\/revisions\/12459"}],"wp:attachment":[{"href":"https:\/\/www.blackmoongastrobar.com\/es\/wp-json\/wp\/v2\/media?parent=12445"}],"curies":[{"name":"wp","href":"https:\/\/api.w.org\/{rel}","templated":true}]}}